{"id":2947,"date":"2025-07-19T13:52:07","date_gmt":"2025-07-19T11:52:07","guid":{"rendered":"https:\/\/sueca13flores.com\/?post_type=product&#038;p=2947"},"modified":"2025-07-19T13:52:07","modified_gmt":"2025-07-19T11:52:07","slug":"petite-bomboniere-de-fleurs-fraiches","status":"publish","type":"product","link":"https:\/\/sueca13flores.com\/fr\/produit\/petite-bomboniere-de-fleurs-fraiches\/","title":{"rendered":"Petites fleurs fra\u00eeches Bombonera"},"content":{"rendered":"","protected":false},"excerpt":{"rendered":"<p>&nbsp;<\/p>\n<p>Pouvez-vous imaginer recevoir une \u00e9l\u00e9gante bo\u00eete noire avec un n\u0153ud et, lorsque vous l'ouvrez, de merveilleuses fleurs fra\u00eeches apparaissent, pr\u00eates \u00e0 \u00eatre d\u00e9gust\u00e9es ?<\/p>\n<p>Chaque bonbonni\u00e8re est unique, fabriqu\u00e9e \u00e0 la main et chaque bonbonni\u00e8re surprend avec des fleurs diff\u00e9rentes chaque jour en fonction de la saison. Ne vous attendez donc pas \u00e0 une bonbonni\u00e8re identique \u00e0 l'image, la v\u00f4tre sera fabriqu\u00e9e exclusivement pour vous le jour de la commande. Nous donnons la priorit\u00e9 aux fleurs valenciennes et nationales cultiv\u00e9es localement, ainsi qu'aux verdures qui les accompagnent.<\/p>\n<p>Dimensions approximatives : 15-17 cm de diam\u00e8tre et environ 12 cm de hauteur.<\/p>\n<p>Vous pouvez ajouter gratuitement une courte d\u00e9dicace.<\/p>","protected":false},"featured_media":2948,"comment_status":"closed","ping_status":"closed","template":"","meta":[],"product_brand":[],"product_cat":[38],"product_tag":[],"class_list":{"0":"post-2947","1":"product","2":"type-product","3":"status-publish","4":"has-post-thumbnail","6":"product_cat-centros-y-cestas-de-flores","8":"first","9":"instock","10":"taxable","11":"shipping-taxable","12":"purchasable","13":"product-type-simple"},"_links":{"self":[{"href":"https:\/\/sueca13flores.com\/fr\/wp-json\/wp\/v2\/product\/2947","targetHints":{"allow":["GET"]}}],"collection":[{"href":"https:\/\/sueca13flores.com\/fr\/wp-json\/wp\/v2\/product"}],"about":[{"href":"https:\/\/sueca13flores.com\/fr\/wp-json\/wp\/v2\/types\/product"}],"replies":[{"embeddable":true,"href":"https:\/\/sueca13flores.com\/fr\/wp-json\/wp\/v2\/comments?post=2947"}],"wp:featuredmedia":[{"embeddable":true,"href":"https:\/\/sueca13flores.com\/fr\/wp-json\/wp\/v2\/media\/2948"}],"wp:attachment":[{"href":"https:\/\/sueca13flores.com\/fr\/wp-json\/wp\/v2\/media?parent=2947"}],"wp:term":[{"taxonomy":"product_brand","embeddable":true,"href":"https:\/\/sueca13flores.com\/fr\/wp-json\/wp\/v2\/product_brand?post=2947"},{"taxonomy":"product_cat","embeddable":true,"href":"https:\/\/sueca13flores.com\/fr\/wp-json\/wp\/v2\/product_cat?post=2947"},{"taxonomy":"product_tag","embeddable":true,"href":"https:\/\/sueca13flores.com\/fr\/wp-json\/wp\/v2\/product_tag?post=2947"}],"curies":[{"name":"wp","href":"https:\/\/api.w.org\/{rel}","templated":true}]}}