{"id":3149,"date":"2025-10-17T18:57:58","date_gmt":"2025-10-17T16:57:58","guid":{"rendered":"https:\/\/sueca13flores.com\/?post_type=product&#038;p=3149"},"modified":"2025-10-26T17:16:01","modified_gmt":"2025-10-26T16:16:01","slug":"atelier-de-citrouilles-florales-apres-midi-enfants-25-10","status":"publish","type":"product","link":"https:\/\/sueca13flores.com\/fr\/produit\/atelier-de-citrouilles-florales-apres-midi-enfants-25-10\/","title":{"rendered":"Atelier de citrouille florale pour enfants Apr\u00e8s-midi 25\/10"},"content":{"rendered":"","protected":false},"excerpt":{"rendered":"<p>&nbsp;<\/p>\n<p><span style=\"font-size: inherit;\">Destin\u00e9 aux enfants de 4 \u00e0 12 ans.<\/span><\/p>\n<p>Ils apprendront \u00e0 d\u00e9corer leur propre citrouille naturelle avec des fleurs fra\u00eeches en utilisant des techniques de fleuristerie et pourront l'emporter chez eux. Tous les mat\u00e9riaux sont inclus.<br \/>\nIls peuvent venir en costume.<br \/>\n\ud83c\udf42\ud83c\udf83\u2620<\/p>\n<p>Lorsque vous r\u00e9servez en ligne, vous recevez une confirmation de votre place.<\/p>\n<p>Horaire de 5 heures \u00e0 6 heures 30.<\/p>","protected":false},"featured_media":3147,"comment_status":"closed","ping_status":"closed","template":"","meta":[],"product_brand":[],"product_cat":[42],"product_tag":[],"class_list":{"0":"post-3149","1":"product","2":"type-product","3":"status-publish","4":"has-post-thumbnail","6":"product_cat-dia-de-la-madre","8":"first","9":"instock","10":"taxable","11":"shipping-taxable","12":"purchasable","13":"product-type-simple"},"_links":{"self":[{"href":"https:\/\/sueca13flores.com\/fr\/wp-json\/wp\/v2\/product\/3149","targetHints":{"allow":["GET"]}}],"collection":[{"href":"https:\/\/sueca13flores.com\/fr\/wp-json\/wp\/v2\/product"}],"about":[{"href":"https:\/\/sueca13flores.com\/fr\/wp-json\/wp\/v2\/types\/product"}],"replies":[{"embeddable":true,"href":"https:\/\/sueca13flores.com\/fr\/wp-json\/wp\/v2\/comments?post=3149"}],"wp:featuredmedia":[{"embeddable":true,"href":"https:\/\/sueca13flores.com\/fr\/wp-json\/wp\/v2\/media\/3147"}],"wp:attachment":[{"href":"https:\/\/sueca13flores.com\/fr\/wp-json\/wp\/v2\/media?parent=3149"}],"wp:term":[{"taxonomy":"product_brand","embeddable":true,"href":"https:\/\/sueca13flores.com\/fr\/wp-json\/wp\/v2\/product_brand?post=3149"},{"taxonomy":"product_cat","embeddable":true,"href":"https:\/\/sueca13flores.com\/fr\/wp-json\/wp\/v2\/product_cat?post=3149"},{"taxonomy":"product_tag","embeddable":true,"href":"https:\/\/sueca13flores.com\/fr\/wp-json\/wp\/v2\/product_tag?post=3149"}],"curies":[{"name":"wp","href":"https:\/\/api.w.org\/{rel}","templated":true}]}}