{"id":3281,"date":"2025-11-24T19:44:19","date_gmt":"2025-11-24T18:44:19","guid":{"rendered":"https:\/\/sueca13flores.com\/?post_type=product&#038;p=3281"},"modified":"2025-12-04T11:49:27","modified_gmt":"2025-12-04T10:49:27","slug":"lutin-de-noel-avec-arbre-de-noel-naturel","status":"publish","type":"product","link":"https:\/\/sueca13flores.com\/fr\/produit\/lutin-de-noel-avec-arbre-de-noel-naturel\/","title":{"rendered":"Gnome de No\u00ebl avec un arbre naturel"},"content":{"rendered":"","protected":false},"excerpt":{"rendered":"<p>&nbsp;<\/p>\n<p>Ce petit lutin de No\u00ebl vient annoncer No\u00ebl. Il porte un sapin de No\u00ebl naturel que vous verrez pousser pendant les f\u00eates de fin d'ann\u00e9e.<\/p>\n<p>Un cadeau id\u00e9al pour annoncer \u00e0 vos proches que No\u00ebl est arriv\u00e9.<\/p>\n<p>Vous pouvez ajouter gratuitement une courte d\u00e9dicace.<\/p>\n<p>Hauteur approximative du lutin : 20 cm.<\/p>","protected":false},"featured_media":3282,"comment_status":"closed","ping_status":"closed","template":"","meta":[],"product_brand":[],"product_cat":[39],"product_tag":[],"class_list":{"0":"post-3281","1":"product","2":"type-product","3":"status-publish","4":"has-post-thumbnail","6":"product_cat-navidad","8":"first","9":"instock","10":"taxable","11":"shipping-taxable","12":"purchasable","13":"product-type-simple"},"_links":{"self":[{"href":"https:\/\/sueca13flores.com\/fr\/wp-json\/wp\/v2\/product\/3281","targetHints":{"allow":["GET"]}}],"collection":[{"href":"https:\/\/sueca13flores.com\/fr\/wp-json\/wp\/v2\/product"}],"about":[{"href":"https:\/\/sueca13flores.com\/fr\/wp-json\/wp\/v2\/types\/product"}],"replies":[{"embeddable":true,"href":"https:\/\/sueca13flores.com\/fr\/wp-json\/wp\/v2\/comments?post=3281"}],"wp:featuredmedia":[{"embeddable":true,"href":"https:\/\/sueca13flores.com\/fr\/wp-json\/wp\/v2\/media\/3282"}],"wp:attachment":[{"href":"https:\/\/sueca13flores.com\/fr\/wp-json\/wp\/v2\/media?parent=3281"}],"wp:term":[{"taxonomy":"product_brand","embeddable":true,"href":"https:\/\/sueca13flores.com\/fr\/wp-json\/wp\/v2\/product_brand?post=3281"},{"taxonomy":"product_cat","embeddable":true,"href":"https:\/\/sueca13flores.com\/fr\/wp-json\/wp\/v2\/product_cat?post=3281"},{"taxonomy":"product_tag","embeddable":true,"href":"https:\/\/sueca13flores.com\/fr\/wp-json\/wp\/v2\/product_tag?post=3281"}],"curies":[{"name":"wp","href":"https:\/\/api.w.org\/{rel}","templated":true}]}}