{"id":3284,"date":"2025-11-24T19:54:50","date_gmt":"2025-11-24T18:54:50","guid":{"rendered":"https:\/\/sueca13flores.com\/?post_type=product&#038;p=3284"},"modified":"2026-01-02T10:45:47","modified_gmt":"2026-01-02T09:45:47","slug":"sapin-de-noel-decore","status":"publish","type":"product","link":"https:\/\/sueca13flores.com\/fr\/produit\/sapin-de-noel-decore\/","title":{"rendered":"Sapin de No\u00ebl d\u00e9cor\u00e9"},"content":{"rendered":"","protected":false},"excerpt":{"rendered":"<p>&nbsp;<\/p>\n<p>Un charmant sapin de No\u00ebl naturel d\u00e9cor\u00e9 d'\u00e9l\u00e9ments naturels et aromatiques tels que des tranches d'orange, de la cannelle aromatique et des pommes de pin. Il mesure environ 1,10 m de haut et est livr\u00e9 avec une boucle en raphia naturel et envelopp\u00e9 dans une toile de sac.<\/p>\n<p>Souhaitez la bienvenue \u00e0 No\u00ebl avec nos arbres naturels d\u00e9cor\u00e9s. Si vous souhaitez une d\u00e9coration sp\u00e9ciale, veuillez nous contacter. Vous pouvez \u00e9galement choisir d'autres tailles.<\/p>\n<p>&nbsp;<\/p>\n<p>&nbsp;<\/p>","protected":false},"featured_media":3285,"comment_status":"closed","ping_status":"closed","template":"","meta":[],"product_brand":[],"product_cat":[39],"product_tag":[],"class_list":{"0":"post-3284","1":"product","2":"type-product","3":"status-publish","4":"has-post-thumbnail","6":"product_cat-navidad","8":"first","9":"outofstock","10":"taxable","11":"shipping-taxable","12":"purchasable","13":"product-type-simple"},"_links":{"self":[{"href":"https:\/\/sueca13flores.com\/fr\/wp-json\/wp\/v2\/product\/3284","targetHints":{"allow":["GET"]}}],"collection":[{"href":"https:\/\/sueca13flores.com\/fr\/wp-json\/wp\/v2\/product"}],"about":[{"href":"https:\/\/sueca13flores.com\/fr\/wp-json\/wp\/v2\/types\/product"}],"replies":[{"embeddable":true,"href":"https:\/\/sueca13flores.com\/fr\/wp-json\/wp\/v2\/comments?post=3284"}],"wp:featuredmedia":[{"embeddable":true,"href":"https:\/\/sueca13flores.com\/fr\/wp-json\/wp\/v2\/media\/3285"}],"wp:attachment":[{"href":"https:\/\/sueca13flores.com\/fr\/wp-json\/wp\/v2\/media?parent=3284"}],"wp:term":[{"taxonomy":"product_brand","embeddable":true,"href":"https:\/\/sueca13flores.com\/fr\/wp-json\/wp\/v2\/product_brand?post=3284"},{"taxonomy":"product_cat","embeddable":true,"href":"https:\/\/sueca13flores.com\/fr\/wp-json\/wp\/v2\/product_cat?post=3284"},{"taxonomy":"product_tag","embeddable":true,"href":"https:\/\/sueca13flores.com\/fr\/wp-json\/wp\/v2\/product_tag?post=3284"}],"curies":[{"name":"wp","href":"https:\/\/api.w.org\/{rel}","templated":true}]}}