{"id":3607,"date":"2026-03-07T16:59:35","date_gmt":"2026-03-07T15:59:35","guid":{"rendered":"https:\/\/sueca13flores.com\/?post_type=product&#038;p=3607"},"modified":"2026-03-07T16:59:35","modified_gmt":"2026-03-07T15:59:35","slug":"bouquet-de-lavande-naturelle-sechee","status":"publish","type":"product","link":"https:\/\/sueca13flores.com\/fr\/produit\/bouquet-de-lavande-naturelle-sechee\/","title":{"rendered":"Bouquet de lavande naturelle s\u00e9ch\u00e9e"},"content":{"rendered":"","protected":false},"excerpt":{"rendered":"<p>&nbsp;<\/p>\n<p>Un beau bouquet de lavande naturelle s\u00e9ch\u00e9e qui conserve tout l'ar\u00f4me de la campagne et de la nature. Un d\u00e9tail simple, champ\u00eatre et d\u00e9licat pour transmettre de nombreuses sensations dans le simple acte d'offrir des fleurs de la campagne.<\/p>\n<p>Vous pouvez ajouter gratuitement une courte d\u00e9dicace.<\/p>\n<p>Ne pas exposer \u00e0 la lumi\u00e8re du soleil ou \u00e0 l'humidit\u00e9.<\/p>","protected":false},"featured_media":3609,"comment_status":"closed","ping_status":"closed","template":"","meta":[],"product_brand":[],"product_cat":[41,21],"product_tag":[],"class_list":{"0":"post-3607","1":"product","2":"type-product","3":"status-publish","4":"has-post-thumbnail","6":"product_cat-dia-de-la-mujer","7":"product_cat-flores-preservadas","9":"first","10":"instock","11":"taxable","12":"shipping-taxable","13":"purchasable","14":"product-type-simple"},"_links":{"self":[{"href":"https:\/\/sueca13flores.com\/fr\/wp-json\/wp\/v2\/product\/3607","targetHints":{"allow":["GET"]}}],"collection":[{"href":"https:\/\/sueca13flores.com\/fr\/wp-json\/wp\/v2\/product"}],"about":[{"href":"https:\/\/sueca13flores.com\/fr\/wp-json\/wp\/v2\/types\/product"}],"replies":[{"embeddable":true,"href":"https:\/\/sueca13flores.com\/fr\/wp-json\/wp\/v2\/comments?post=3607"}],"wp:featuredmedia":[{"embeddable":true,"href":"https:\/\/sueca13flores.com\/fr\/wp-json\/wp\/v2\/media\/3609"}],"wp:attachment":[{"href":"https:\/\/sueca13flores.com\/fr\/wp-json\/wp\/v2\/media?parent=3607"}],"wp:term":[{"taxonomy":"product_brand","embeddable":true,"href":"https:\/\/sueca13flores.com\/fr\/wp-json\/wp\/v2\/product_brand?post=3607"},{"taxonomy":"product_cat","embeddable":true,"href":"https:\/\/sueca13flores.com\/fr\/wp-json\/wp\/v2\/product_cat?post=3607"},{"taxonomy":"product_tag","embeddable":true,"href":"https:\/\/sueca13flores.com\/fr\/wp-json\/wp\/v2\/product_tag?post=3607"}],"curies":[{"name":"wp","href":"https:\/\/api.w.org\/{rel}","templated":true}]}}