{"id":3610,"date":"2026-03-07T17:08:48","date_gmt":"2026-03-07T16:08:48","guid":{"rendered":"https:\/\/sueca13flores.com\/?post_type=product&#038;p=3610"},"modified":"2026-03-07T17:08:48","modified_gmt":"2026-03-07T16:08:48","slug":"le-beignet","status":"publish","type":"product","link":"https:\/\/sueca13flores.com\/fr\/produit\/le-beignet\/","title":{"rendered":"La Dona"},"content":{"rendered":"","protected":false},"excerpt":{"rendered":"<p>&nbsp;<\/p>\n<p>Magnifique buste de femme en c\u00e9ramique, avec une d\u00e9coration de fleurs s\u00e9ch\u00e9es et conserv\u00e9es, en souvenir de toutes les femmes merveilleuses qui font de ce monde un endroit meilleur.<\/p>\n<p>Vous pouvez ajouter gratuitement une courte d\u00e9dicace.<\/p>\n<p>Hauteur approximative 28 cm<\/p>","protected":false},"featured_media":3611,"comment_status":"closed","ping_status":"closed","template":"","meta":[],"product_brand":[],"product_cat":[41,21],"product_tag":[],"class_list":{"0":"post-3610","1":"product","2":"type-product","3":"status-publish","4":"has-post-thumbnail","6":"product_cat-dia-de-la-mujer","7":"product_cat-flores-preservadas","9":"first","10":"instock","11":"taxable","12":"shipping-taxable","13":"purchasable","14":"product-type-simple"},"_links":{"self":[{"href":"https:\/\/sueca13flores.com\/fr\/wp-json\/wp\/v2\/product\/3610","targetHints":{"allow":["GET"]}}],"collection":[{"href":"https:\/\/sueca13flores.com\/fr\/wp-json\/wp\/v2\/product"}],"about":[{"href":"https:\/\/sueca13flores.com\/fr\/wp-json\/wp\/v2\/types\/product"}],"replies":[{"embeddable":true,"href":"https:\/\/sueca13flores.com\/fr\/wp-json\/wp\/v2\/comments?post=3610"}],"wp:featuredmedia":[{"embeddable":true,"href":"https:\/\/sueca13flores.com\/fr\/wp-json\/wp\/v2\/media\/3611"}],"wp:attachment":[{"href":"https:\/\/sueca13flores.com\/fr\/wp-json\/wp\/v2\/media?parent=3610"}],"wp:term":[{"taxonomy":"product_brand","embeddable":true,"href":"https:\/\/sueca13flores.com\/fr\/wp-json\/wp\/v2\/product_brand?post=3610"},{"taxonomy":"product_cat","embeddable":true,"href":"https:\/\/sueca13flores.com\/fr\/wp-json\/wp\/v2\/product_cat?post=3610"},{"taxonomy":"product_tag","embeddable":true,"href":"https:\/\/sueca13flores.com\/fr\/wp-json\/wp\/v2\/product_tag?post=3610"}],"curies":[{"name":"wp","href":"https:\/\/api.w.org\/{rel}","templated":true}]}}