{"id":3802,"date":"2026-04-26T10:04:03","date_gmt":"2026-04-26T08:04:03","guid":{"rendered":"https:\/\/sueca13flores.com\/?post_type=product&#038;p=3802"},"modified":"2026-04-26T10:04:03","modified_gmt":"2026-04-26T08:04:03","slug":"jardiniere-en-ceramique","status":"publish","type":"product","link":"https:\/\/sueca13flores.com\/fr\/produit\/jardiniere-en-ceramique\/","title":{"rendered":"Pots de fleurs en c\u00e9ramique"},"content":{"rendered":"","protected":false},"excerpt":{"rendered":"<p>&nbsp;<\/p>\n<p>Ce magnifique mini-potager cache deux petits tr\u00e9sors, un kalancho\u00e9 plein de fleurs et un phytonia.<\/p>\n<p>Le cadeau id\u00e9al pour les amoureux des petites choses. Le petit jardin est en c\u00e9ramique et a un design tr\u00e8s particulier.<\/p>\n<p>Vous pouvez ajouter une courte d\u00e9dicace gratuite si vous le souhaitez.<\/p>\n<p>Hauteur approximative du bac 18 cm<\/p>","protected":false},"featured_media":3805,"comment_status":"closed","ping_status":"closed","template":"","meta":[],"product_brand":[],"product_cat":[42,22],"product_tag":[],"class_list":{"0":"post-3802","1":"product","2":"type-product","3":"status-publish","4":"has-post-thumbnail","6":"product_cat-dia-de-la-madre","7":"product_cat-plantas","9":"first","10":"instock","11":"taxable","12":"shipping-taxable","13":"purchasable","14":"product-type-simple"},"_links":{"self":[{"href":"https:\/\/sueca13flores.com\/fr\/wp-json\/wp\/v2\/product\/3802","targetHints":{"allow":["GET"]}}],"collection":[{"href":"https:\/\/sueca13flores.com\/fr\/wp-json\/wp\/v2\/product"}],"about":[{"href":"https:\/\/sueca13flores.com\/fr\/wp-json\/wp\/v2\/types\/product"}],"replies":[{"embeddable":true,"href":"https:\/\/sueca13flores.com\/fr\/wp-json\/wp\/v2\/comments?post=3802"}],"wp:featuredmedia":[{"embeddable":true,"href":"https:\/\/sueca13flores.com\/fr\/wp-json\/wp\/v2\/media\/3805"}],"wp:attachment":[{"href":"https:\/\/sueca13flores.com\/fr\/wp-json\/wp\/v2\/media?parent=3802"}],"wp:term":[{"taxonomy":"product_brand","embeddable":true,"href":"https:\/\/sueca13flores.com\/fr\/wp-json\/wp\/v2\/product_brand?post=3802"},{"taxonomy":"product_cat","embeddable":true,"href":"https:\/\/sueca13flores.com\/fr\/wp-json\/wp\/v2\/product_cat?post=3802"},{"taxonomy":"product_tag","embeddable":true,"href":"https:\/\/sueca13flores.com\/fr\/wp-json\/wp\/v2\/product_tag?post=3802"}],"curies":[{"name":"wp","href":"https:\/\/api.w.org\/{rel}","templated":true}]}}