{"id":3806,"date":"2026-04-26T10:19:42","date_gmt":"2026-04-26T08:19:42","guid":{"rendered":"https:\/\/sueca13flores.com\/?post_type=product&#038;p=3806"},"modified":"2026-04-26T10:19:42","modified_gmt":"2026-04-26T08:19:42","slug":"centre-de-fleurs-preservees-la-taronja","status":"publish","type":"product","link":"https:\/\/sueca13flores.com\/fr\/produit\/centre-de-fleurs-preservees-la-taronja\/","title":{"rendered":"Centre de fleurs pr\u00e9serv\u00e9es La Taronja"},"content":{"rendered":"","protected":false},"excerpt":{"rendered":"<p>&nbsp;<\/p>\n<p>Ce magnifique centre de table compos\u00e9 de fleurs s\u00e9ch\u00e9es et conserv\u00e9es captivera vos yeux par son explosion de couleurs et de joie. Il n'a pas besoin d'eau et restera beau pendant longtemps. Il est livr\u00e9 dans un sac kraft au design exclusif.<\/p>\n<p>Vous pouvez ajouter gratuitement une courte d\u00e9dicace. .<\/p>\n<p>Ne l'exposez pas \u00e0 la lumi\u00e8re directe du soleil ou \u00e0 l'humidit\u00e9, ce qui garantit sa long\u00e9vit\u00e9.<\/p>\n<p>Hauteur d'environ 40 cm.<\/p>","protected":false},"featured_media":3810,"comment_status":"closed","ping_status":"closed","template":"","meta":[],"product_brand":[],"product_cat":[42,21],"product_tag":[],"class_list":{"0":"post-3806","1":"product","2":"type-product","3":"status-publish","4":"has-post-thumbnail","6":"product_cat-dia-de-la-madre","7":"product_cat-flores-preservadas","9":"first","10":"instock","11":"taxable","12":"shipping-taxable","13":"purchasable","14":"product-type-simple"},"_links":{"self":[{"href":"https:\/\/sueca13flores.com\/fr\/wp-json\/wp\/v2\/product\/3806","targetHints":{"allow":["GET"]}}],"collection":[{"href":"https:\/\/sueca13flores.com\/fr\/wp-json\/wp\/v2\/product"}],"about":[{"href":"https:\/\/sueca13flores.com\/fr\/wp-json\/wp\/v2\/types\/product"}],"replies":[{"embeddable":true,"href":"https:\/\/sueca13flores.com\/fr\/wp-json\/wp\/v2\/comments?post=3806"}],"wp:featuredmedia":[{"embeddable":true,"href":"https:\/\/sueca13flores.com\/fr\/wp-json\/wp\/v2\/media\/3810"}],"wp:attachment":[{"href":"https:\/\/sueca13flores.com\/fr\/wp-json\/wp\/v2\/media?parent=3806"}],"wp:term":[{"taxonomy":"product_brand","embeddable":true,"href":"https:\/\/sueca13flores.com\/fr\/wp-json\/wp\/v2\/product_brand?post=3806"},{"taxonomy":"product_cat","embeddable":true,"href":"https:\/\/sueca13flores.com\/fr\/wp-json\/wp\/v2\/product_cat?post=3806"},{"taxonomy":"product_tag","embeddable":true,"href":"https:\/\/sueca13flores.com\/fr\/wp-json\/wp\/v2\/product_tag?post=3806"}],"curies":[{"name":"wp","href":"https:\/\/api.w.org\/{rel}","templated":true}]}}