{"id":3815,"date":"2026-04-26T10:29:12","date_gmt":"2026-04-26T08:29:12","guid":{"rendered":"https:\/\/sueca13flores.com\/?post_type=product&#038;p=3815"},"modified":"2026-04-26T10:29:13","modified_gmt":"2026-04-26T08:29:13","slug":"centre-de-fleurs-conservees-la-roseta","status":"publish","type":"product","link":"https:\/\/sueca13flores.com\/fr\/produit\/centre-de-fleurs-conservees-la-roseta\/","title":{"rendered":"Centre de conservation des fleurs La Roseta"},"content":{"rendered":"","protected":false},"excerpt":{"rendered":"<p>&nbsp;<\/p>\n<p>Ce magnifique centre de table compos\u00e9 de fleurs s\u00e9ch\u00e9es et conserv\u00e9es captivera vos yeux par son explosion de couleurs et de joie. Il n'a pas besoin d'eau et restera beau pendant longtemps. Il est livr\u00e9 dans un sac kraft au design exclusif.<\/p>\n<p>Vous pouvez ajouter gratuitement une courte d\u00e9dicace. .<\/p>\n<p>Ne l'exposez pas \u00e0 la lumi\u00e8re directe du soleil ou \u00e0 l'humidit\u00e9, ce qui garantit sa long\u00e9vit\u00e9.<\/p>\n<p>Hauteur environ 40 cm<\/p>","protected":false},"featured_media":3816,"comment_status":"closed","ping_status":"closed","template":"","meta":[],"product_brand":[],"product_cat":[38,42,21],"product_tag":[],"class_list":{"0":"post-3815","1":"product","2":"type-product","3":"status-publish","4":"has-post-thumbnail","6":"product_cat-centros-y-cestas-de-flores","7":"product_cat-dia-de-la-madre","8":"product_cat-flores-preservadas","10":"first","11":"instock","12":"taxable","13":"shipping-taxable","14":"purchasable","15":"product-type-simple"},"_links":{"self":[{"href":"https:\/\/sueca13flores.com\/fr\/wp-json\/wp\/v2\/product\/3815","targetHints":{"allow":["GET"]}}],"collection":[{"href":"https:\/\/sueca13flores.com\/fr\/wp-json\/wp\/v2\/product"}],"about":[{"href":"https:\/\/sueca13flores.com\/fr\/wp-json\/wp\/v2\/types\/product"}],"replies":[{"embeddable":true,"href":"https:\/\/sueca13flores.com\/fr\/wp-json\/wp\/v2\/comments?post=3815"}],"wp:featuredmedia":[{"embeddable":true,"href":"https:\/\/sueca13flores.com\/fr\/wp-json\/wp\/v2\/media\/3816"}],"wp:attachment":[{"href":"https:\/\/sueca13flores.com\/fr\/wp-json\/wp\/v2\/media?parent=3815"}],"wp:term":[{"taxonomy":"product_brand","embeddable":true,"href":"https:\/\/sueca13flores.com\/fr\/wp-json\/wp\/v2\/product_brand?post=3815"},{"taxonomy":"product_cat","embeddable":true,"href":"https:\/\/sueca13flores.com\/fr\/wp-json\/wp\/v2\/product_cat?post=3815"},{"taxonomy":"product_tag","embeddable":true,"href":"https:\/\/sueca13flores.com\/fr\/wp-json\/wp\/v2\/product_tag?post=3815"}],"curies":[{"name":"wp","href":"https:\/\/api.w.org\/{rel}","templated":true}]}}