{"id":3828,"date":"2026-04-26T11:08:10","date_gmt":"2026-04-26T09:08:10","guid":{"rendered":"https:\/\/sueca13flores.com\/?post_type=product&#038;p=3828"},"modified":"2026-04-26T11:08:10","modified_gmt":"2026-04-26T09:08:10","slug":"kalanchoe-dans-un-panier-gigogne","status":"publish","type":"product","link":"https:\/\/sueca13flores.com\/fr\/produit\/kalanchoe-dans-un-panier-gigogne\/","title":{"rendered":"Kalancho\u00e9 dans un panier gigogne"},"content":{"rendered":"","protected":false},"excerpt":{"rendered":"<p>&nbsp;<\/p>\n<p>D\u00e9tail authentique d'un Kalancho\u00e9 color\u00e9 dans un panier gigogne avec anse. Un cadeau parfait pour les amateurs de plantes d'ext\u00e9rieur faciles \u00e0 entretenir et aux fleurs explosives et color\u00e9es.<\/p>\n<p>Livr\u00e9 avec un pic \u00e0 cadeau pour la f\u00eate des m\u00e8res.<\/p>\n<p>La couleur de la plante peut varier.<\/p>\n<p>Hauteur approximative 30 cm et 19 pots.<\/p>\n<p>Vous pouvez ajouter gratuitement une courte d\u00e9dicace.<\/p>\n<p>&nbsp;<\/p>","protected":false},"featured_media":3831,"comment_status":"closed","ping_status":"closed","template":"","meta":[],"product_brand":[],"product_cat":[42,22],"product_tag":[],"class_list":{"0":"post-3828","1":"product","2":"type-product","3":"status-publish","4":"has-post-thumbnail","6":"product_cat-dia-de-la-madre","7":"product_cat-plantas","9":"first","10":"instock","11":"taxable","12":"shipping-taxable","13":"purchasable","14":"product-type-simple"},"_links":{"self":[{"href":"https:\/\/sueca13flores.com\/fr\/wp-json\/wp\/v2\/product\/3828","targetHints":{"allow":["GET"]}}],"collection":[{"href":"https:\/\/sueca13flores.com\/fr\/wp-json\/wp\/v2\/product"}],"about":[{"href":"https:\/\/sueca13flores.com\/fr\/wp-json\/wp\/v2\/types\/product"}],"replies":[{"embeddable":true,"href":"https:\/\/sueca13flores.com\/fr\/wp-json\/wp\/v2\/comments?post=3828"}],"wp:featuredmedia":[{"embeddable":true,"href":"https:\/\/sueca13flores.com\/fr\/wp-json\/wp\/v2\/media\/3831"}],"wp:attachment":[{"href":"https:\/\/sueca13flores.com\/fr\/wp-json\/wp\/v2\/media?parent=3828"}],"wp:term":[{"taxonomy":"product_brand","embeddable":true,"href":"https:\/\/sueca13flores.com\/fr\/wp-json\/wp\/v2\/product_brand?post=3828"},{"taxonomy":"product_cat","embeddable":true,"href":"https:\/\/sueca13flores.com\/fr\/wp-json\/wp\/v2\/product_cat?post=3828"},{"taxonomy":"product_tag","embeddable":true,"href":"https:\/\/sueca13flores.com\/fr\/wp-json\/wp\/v2\/product_tag?post=3828"}],"curies":[{"name":"wp","href":"https:\/\/api.w.org\/{rel}","templated":true}]}}