{"id":570,"date":"2023-06-03T18:34:43","date_gmt":"2023-06-03T16:34:43","guid":{"rendered":"https:\/\/sueca13flores.com\/?post_type=product&#038;p=570"},"modified":"2026-01-19T20:19:07","modified_gmt":"2026-01-19T19:19:07","slug":"joie","status":"publish","type":"product","link":"https:\/\/sueca13flores.com\/fr\/produit\/joie\/","title":{"rendered":"Bouquet de tournesols \"Belita\"."},"content":{"rendered":"<p><span style=\"vertical-align: inherit;\"><span style=\"vertical-align: inherit;\"><span style=\"vertical-align: inherit;\"><span style=\"vertical-align: inherit;\"><span style=\"vertical-align: inherit;\"><span style=\"vertical-align: inherit;\"><span style=\"vertical-align: inherit;\"><span style=\"vertical-align: inherit;\"><span style=\"vertical-align: inherit;\"><span style=\"vertical-align: inherit;\">Ce magnifique bouquet de tournesols est parfait comme cadeau pour \u00e9gayer n'importe quel espace avec sa couleur jaune vive et joyeuse. <\/span><\/span><\/span><span style=\"vertical-align: inherit;\"><span style=\"vertical-align: inherit;\"><span style=\"vertical-align: inherit;\">Chaque tige est soigneusement s\u00e9lectionn\u00e9e pour garantir la fra\u00eecheur et la qualit\u00e9 des tournesols.<\/span><\/span><\/span><span style=\"vertical-align: inherit;\"><span style=\"vertical-align: inherit;\"><span style=\"vertical-align: inherit;\">.<\/span><\/span><\/span><\/span><\/span><\/span><\/span><\/span><\/span><\/span><\/p>\n<p><span style=\"vertical-align: inherit;\"><span style=\"vertical-align: inherit;\">Certaines fleurs ou teintes peuvent varier en fonction de la disponibilit\u00e9.<\/span><\/span><\/p>\n<p><span style=\"vertical-align: inherit;\"><span style=\"vertical-align: inherit;\"><span style=\"vertical-align: inherit;\"><span style=\"vertical-align: inherit;\"><span style=\"vertical-align: inherit;\"><span style=\"vertical-align: inherit;\"><span style=\"vertical-align: inherit;\"><span style=\"vertical-align: inherit;\"><span style=\"vertical-align: inherit;\"><span style=\"vertical-align: inherit;\">Procurez-vous ce bouquet de tournesols et profitez de leur beaut\u00e9 !<\/span><\/span><\/span><\/span><\/span><\/span><\/span><\/span><\/span><\/span><\/p>\n<p><span style=\"vertical-align: inherit;\"><span style=\"vertical-align: inherit;\"><span style=\"vertical-align: inherit;\"><span style=\"vertical-align: inherit;\"><span style=\"vertical-align: inherit;\"><span style=\"vertical-align: inherit;\"><span style=\"vertical-align: inherit;\"><span style=\"vertical-align: inherit;\"><span style=\"vertical-align: inherit;\"><span style=\"vertical-align: inherit;\">Vous pouvez ajouter gratuitement une courte d\u00e9dicace.<\/span><\/span><\/span><\/span><\/span><\/span><\/span><\/span><\/span><\/span><\/p>","protected":false},"excerpt":{"rendered":"<p><span style=\"vertical-align: inherit;\"><span style=\"vertical-align: inherit;\"><span style=\"vertical-align: inherit;\"><span style=\"vertical-align: inherit;\"><span style=\"vertical-align: inherit;\">Ce magnifique bouquet de tournesols est parfait pour \u00e9gayer n'importe quel espace avec sa couleur jaune vif et joyeux. <\/span><\/span><\/span><span style=\"vertical-align: inherit;\"><span style=\"vertical-align: inherit;\"><span style=\"vertical-align: inherit;\">Chaque tige est soigneusement s\u00e9lectionn\u00e9e pour garantir la fra\u00eecheur et la qualit\u00e9 des tournesols, et en outre, chaque tige est soigneusement s\u00e9lectionn\u00e9e pour garantir la fra\u00eecheur et la qualit\u00e9 des tournesols.<\/span><\/span><\/span><span style=\"vertical-align: inherit;\"><span style=\"vertical-align: inherit;\"><span style=\"vertical-align: inherit;\">sont cultiv\u00e9s \u00e0 Valence.<\/span><\/span><\/span><\/span><\/span><\/p>\n<p><span style=\"vertical-align: inherit;\"><span style=\"vertical-align: inherit;\"><span style=\"vertical-align: inherit;\"><span style=\"vertical-align: inherit;\"><span style=\"vertical-align: inherit;\">Id\u00e9al comme cadeau pour une occasion sp\u00e9ciale comme celle-ci ou simplement pour \u00e9gayer votre maison.<\/span><\/span><\/span><\/span><\/span><\/p>\n<p><span style=\"vertical-align: inherit;\"><span style=\"vertical-align: inherit;\"><span style=\"vertical-align: inherit;\"><span style=\"vertical-align: inherit;\"><span style=\"vertical-align: inherit;\">Procurez-vous ce bouquet de tournesols et profitez de leur beaut\u00e9 dans votre maison !<\/span><\/span><\/span><\/span><\/span><\/p>\n<p><span style=\"vertical-align: inherit;\"><span style=\"vertical-align: inherit;\"><span style=\"vertical-align: inherit;\"><span style=\"vertical-align: inherit;\"><span style=\"vertical-align: inherit;\">Certaines fleurs accompagnant les tournesols peuvent varier en fonction de la disponibilit\u00e9.<\/span><\/span><\/span><\/span><\/span><\/p>\n<p><span style=\"vertical-align: inherit;\"><span style=\"vertical-align: inherit;\"><span style=\"vertical-align: inherit;\"><span style=\"vertical-align: inherit;\"><span style=\"vertical-align: inherit;\"> Vous pouvez ajouter gratuitement une courte d\u00e9dicace.<\/span><\/span><\/span><\/span><\/span><\/p>","protected":false},"featured_media":970,"comment_status":"open","ping_status":"closed","template":"","meta":[],"product_brand":[],"product_cat":[42,26,40],"product_tag":[],"class_list":{"0":"post-570","1":"product","2":"type-product","3":"status-publish","4":"has-post-thumbnail","6":"product_cat-dia-de-la-madre","7":"product_cat-composiciones-de-flores-y-plantas","8":"product_cat-san-valentin","10":"first","11":"instock","12":"taxable","13":"shipping-taxable","14":"purchasable","15":"product-type-simple"},"_links":{"self":[{"href":"https:\/\/sueca13flores.com\/fr\/wp-json\/wp\/v2\/product\/570","targetHints":{"allow":["GET"]}}],"collection":[{"href":"https:\/\/sueca13flores.com\/fr\/wp-json\/wp\/v2\/product"}],"about":[{"href":"https:\/\/sueca13flores.com\/fr\/wp-json\/wp\/v2\/types\/product"}],"replies":[{"embeddable":true,"href":"https:\/\/sueca13flores.com\/fr\/wp-json\/wp\/v2\/comments?post=570"}],"wp:featuredmedia":[{"embeddable":true,"href":"https:\/\/sueca13flores.com\/fr\/wp-json\/wp\/v2\/media\/970"}],"wp:attachment":[{"href":"https:\/\/sueca13flores.com\/fr\/wp-json\/wp\/v2\/media?parent=570"}],"wp:term":[{"taxonomy":"product_brand","embeddable":true,"href":"https:\/\/sueca13flores.com\/fr\/wp-json\/wp\/v2\/product_brand?post=570"},{"taxonomy":"product_cat","embeddable":true,"href":"https:\/\/sueca13flores.com\/fr\/wp-json\/wp\/v2\/product_cat?post=570"},{"taxonomy":"product_tag","embeddable":true,"href":"https:\/\/sueca13flores.com\/fr\/wp-json\/wp\/v2\/product_tag?post=570"}],"curies":[{"name":"wp","href":"https:\/\/api.w.org\/{rel}","templated":true}]}}