{"id":574,"date":"2023-06-03T19:06:47","date_gmt":"2023-06-03T17:06:47","guid":{"rendered":"https:\/\/sueca13flores.com\/?post_type=product&#038;p=574"},"modified":"2026-03-07T17:12:10","modified_gmt":"2026-03-07T16:12:10","slug":"silvestre","status":"publish","type":"product","link":"https:\/\/sueca13flores.com\/fr\/produit\/silvestre\/","title":{"rendered":"La grappe sauvage"},"content":{"rendered":"","protected":false},"excerpt":{"rendered":"<p>&nbsp;<\/p>\n<p><span style=\"vertical-align: inherit;\"><span style=\"vertical-align: inherit;\"><span style=\"vertical-align: inherit;\">D\u00e9couvrez nos magnifiques bouquets de fleurs fra\u00eeches que vous pouvez conserver sans eau. Ces compositions florales sont id\u00e9ales pour d\u00e9corer n'importe quel espace sans se soucier de leur entretien. Gr\u00e2ce \u00e0 une s\u00e9lection minutieuse de fleurs fra\u00eeches et durables, nos bouquets conservent leur beaut\u00e9 pendant longtemps. Chaque composition pr\u00e9sente une combinaison de couleurs vibrantes et de teintes d\u00e9licates, ajoutant une touche d'\u00e9l\u00e9gance et de joie \u00e0 toute occasion. Un cadeau parfait qui durera longtemps, car il ne n\u00e9cessite pas d'eau ni de soins particuliers.<\/span><\/span><\/span><\/p>\n<p><span style=\"vertical-align: inherit;\"><span style=\"vertical-align: inherit;\"><span style=\"vertical-align: inherit;\">Vous pouvez ajouter une br\u00e8ve d\u00e9dicace gratuitement. Le vase en verre n'est pas inclus mais vous pouvez le trouver dans notre section accessoires.<\/span><\/span><\/span><\/p>","protected":false},"featured_media":2786,"comment_status":"closed","ping_status":"closed","template":"","meta":[],"product_brand":[],"product_cat":[42,41,21,26],"product_tag":[],"class_list":{"0":"post-574","1":"product","2":"type-product","3":"status-publish","4":"has-post-thumbnail","6":"product_cat-dia-de-la-madre","7":"product_cat-dia-de-la-mujer","8":"product_cat-flores-preservadas","9":"product_cat-composiciones-de-flores-y-plantas","11":"first","12":"instock","13":"taxable","14":"shipping-taxable","15":"purchasable","16":"product-type-simple"},"_links":{"self":[{"href":"https:\/\/sueca13flores.com\/fr\/wp-json\/wp\/v2\/product\/574","targetHints":{"allow":["GET"]}}],"collection":[{"href":"https:\/\/sueca13flores.com\/fr\/wp-json\/wp\/v2\/product"}],"about":[{"href":"https:\/\/sueca13flores.com\/fr\/wp-json\/wp\/v2\/types\/product"}],"replies":[{"embeddable":true,"href":"https:\/\/sueca13flores.com\/fr\/wp-json\/wp\/v2\/comments?post=574"}],"wp:featuredmedia":[{"embeddable":true,"href":"https:\/\/sueca13flores.com\/fr\/wp-json\/wp\/v2\/media\/2786"}],"wp:attachment":[{"href":"https:\/\/sueca13flores.com\/fr\/wp-json\/wp\/v2\/media?parent=574"}],"wp:term":[{"taxonomy":"product_brand","embeddable":true,"href":"https:\/\/sueca13flores.com\/fr\/wp-json\/wp\/v2\/product_brand?post=574"},{"taxonomy":"product_cat","embeddable":true,"href":"https:\/\/sueca13flores.com\/fr\/wp-json\/wp\/v2\/product_cat?post=574"},{"taxonomy":"product_tag","embeddable":true,"href":"https:\/\/sueca13flores.com\/fr\/wp-json\/wp\/v2\/product_tag?post=574"}],"curies":[{"name":"wp","href":"https:\/\/api.w.org\/{rel}","templated":true}]}}