{"id":594,"date":"2023-06-04T17:04:29","date_gmt":"2023-06-04T15:04:29","guid":{"rendered":"https:\/\/sueca13flores.com\/?post_type=product&#038;p=594"},"modified":"2025-10-23T13:27:13","modified_gmt":"2025-10-23T11:27:13","slug":"capacito-en-osier","status":"publish","type":"product","link":"https:\/\/sueca13flores.com\/fr\/produit\/capacito-en-osier\/","title":{"rendered":"Capacito de Mimbre"},"content":{"rendered":"","protected":false},"excerpt":{"rendered":"<p>Ce simple panier en osier est un \u00e9l\u00e9ment de base pour la d\u00e9coration avec des plantes.  Il permet de d\u00e9corer des espaces avec des plantes d'int\u00e9rieur.<\/p>\n<p>Son design simple, de haute qualit\u00e9 et fabriqu\u00e9 \u00e0 la main ravira tout d\u00e9cor de style boho ou campagnard, et ce \u00e0 un prix irr\u00e9sistible.<\/p>","protected":false},"featured_media":595,"comment_status":"open","ping_status":"closed","template":"","meta":[],"product_brand":[],"product_cat":[23],"product_tag":[],"class_list":{"0":"post-594","1":"product","2":"type-product","3":"status-publish","4":"has-post-thumbnail","6":"product_cat-complementos","8":"first","9":"instock","10":"taxable","11":"shipping-taxable","12":"purchasable","13":"product-type-simple"},"_links":{"self":[{"href":"https:\/\/sueca13flores.com\/fr\/wp-json\/wp\/v2\/product\/594","targetHints":{"allow":["GET"]}}],"collection":[{"href":"https:\/\/sueca13flores.com\/fr\/wp-json\/wp\/v2\/product"}],"about":[{"href":"https:\/\/sueca13flores.com\/fr\/wp-json\/wp\/v2\/types\/product"}],"replies":[{"embeddable":true,"href":"https:\/\/sueca13flores.com\/fr\/wp-json\/wp\/v2\/comments?post=594"}],"wp:featuredmedia":[{"embeddable":true,"href":"https:\/\/sueca13flores.com\/fr\/wp-json\/wp\/v2\/media\/595"}],"wp:attachment":[{"href":"https:\/\/sueca13flores.com\/fr\/wp-json\/wp\/v2\/media?parent=594"}],"wp:term":[{"taxonomy":"product_brand","embeddable":true,"href":"https:\/\/sueca13flores.com\/fr\/wp-json\/wp\/v2\/product_brand?post=594"},{"taxonomy":"product_cat","embeddable":true,"href":"https:\/\/sueca13flores.com\/fr\/wp-json\/wp\/v2\/product_cat?post=594"},{"taxonomy":"product_tag","embeddable":true,"href":"https:\/\/sueca13flores.com\/fr\/wp-json\/wp\/v2\/product_tag?post=594"}],"curies":[{"name":"wp","href":"https:\/\/api.w.org\/{rel}","templated":true}]}}