{"id":612,"date":"2023-06-04T20:29:46","date_gmt":"2023-06-04T18:29:46","guid":{"rendered":"https:\/\/sueca13flores.com\/?post_type=product&#038;p=612"},"modified":"2025-05-21T19:09:39","modified_gmt":"2025-05-21T17:09:39","slug":"centre-provence","status":"publish","type":"product","link":"https:\/\/sueca13flores.com\/fr\/produit\/centre-provence\/","title":{"rendered":"Centre de Provence"},"content":{"rendered":"","protected":false},"excerpt":{"rendered":"<p><span style=\"vertical-align: inherit;\"><span style=\"vertical-align: inherit;\"><span style=\"vertical-align: inherit;\"><span style=\"vertical-align: inherit;\">Nature et charme dans un panier en osier.<\/span><\/span><\/span><\/span><\/p>\n<p><span style=\"vertical-align: inherit;\"><span style=\"vertical-align: inherit;\"><span style=\"vertical-align: inherit;\"><span style=\"vertical-align: inherit;\">Apportez la beaut\u00e9 et le charme d'un panier de fleurs fra\u00eeches dans votre maison avec notre exquise Provence Centre.<\/span><\/span><\/span><\/span><\/p>\n<p><span style=\"vertical-align: inherit;\"><span style=\"vertical-align: inherit;\"><span style=\"vertical-align: inherit;\"><span style=\"vertical-align: inherit;\">Cet arrangement floral captivant allie rusticit\u00e9 et \u00e9l\u00e9gance, cr\u00e9ant un point focal \u00e9tonnant qui illuminera n'importe quel espace par sa fra\u00eecheur et sa s\u00e9r\u00e9nit\u00e9.<\/span><\/span><\/span><\/span><\/p>\n<p><span style=\"vertical-align: inherit;\"><span style=\"vertical-align: inherit;\"><span style=\"vertical-align: inherit;\"><span style=\"vertical-align: inherit;\">Notre Centre de Provence est une combinaison harmonieuse de fleurs sauvages d\u00e9licates, soigneusement s\u00e9lectionn\u00e9es, entrelac\u00e9es avec des feuillages verdoyants tels que le limonium, l'eucalyptus, les foug\u00e8res et le lentisque, cr\u00e9ant une symphonie visuellement captivante. Des marguerites \u00e9l\u00e9gantes aux astrom\u00e9lies color\u00e9s en passant par les \u0153illets enchanteurs, chaque \u00e9l\u00e9ment se combine pour cr\u00e9er une explosion de couleurs douces et de textures qui \u00e9voquent l'essence m\u00eame de la nature.<\/span><\/span><\/span><\/span><\/p>\n<p><span style=\"vertical-align: inherit;\"><span style=\"vertical-align: inherit;\"><span style=\"vertical-align: inherit;\"><span style=\"vertical-align: inherit;\">Pr\u00e9sent\u00e9 dans un panier en osier naturel, ce centre de table fleuri ajoute une touche de charme rustique et de chaleur \u00e0 tout d\u00e9cor.<\/span><\/span><\/span><\/span><\/p>\n<p><span style=\"vertical-align: inherit;\"><span style=\"vertical-align: inherit;\"><span style=\"vertical-align: inherit;\"><span style=\"vertical-align: inherit;\">Un cadeau qui apportera un sentiment de calme et de s\u00e9r\u00e9nit\u00e9 dans l'espace du destinataire. Les fleurs et les feuillages d\u00e9gagent des parfums subtils et agr\u00e9ables, impr\u00e9gnant l'air d'une atmosph\u00e8re relaxante et revitalisante. De plus, les fleurs ont le pouvoir d'\u00e9gayer l'humeur et d'ajouter une touche de gaiet\u00e9 \u00e0 n'importe quel environnement.<\/span><\/span><\/span><\/span><\/p>\n<p><span style=\"vertical-align: inherit;\"><span style=\"vertical-align: inherit;\"><span style=\"vertical-align: inherit;\"><span style=\"vertical-align: inherit;\">Dans notre boutique en ligne, nous proposons des compositions florales uniques et r\u00e9alis\u00e9es avec passion par nos fleuristes experts. Dans la mesure du possible, nous choisissons des fleurs provenant de producteurs locaux et saisonniers.<\/span><\/span><\/span><\/span><\/p>\n<p><span style=\"vertical-align: inherit;\"><span style=\"vertical-align: inherit;\"><span style=\"vertical-align: inherit;\"><span style=\"vertical-align: inherit;\">Chaque composition est une \u0153uvre d'art floral unique, soigneusement \u00e9labor\u00e9e pour transmettre la beaut\u00e9 et le charme de la nature dans sa forme la plus pure.<\/span><\/span><\/span><\/span><\/p>\n<p><span style=\"vertical-align: inherit;\"><span style=\"vertical-align: inherit;\"><span style=\"vertical-align: inherit;\"><span style=\"vertical-align: inherit;\">Vous pouvez ajouter gratuitement une courte d\u00e9dicace.<\/span><\/span><\/span><\/span><\/p>\n<p>&nbsp;<\/p>","protected":false},"featured_media":613,"comment_status":"closed","ping_status":"closed","template":"","meta":[],"product_brand":[],"product_cat":[38],"product_tag":[],"class_list":{"0":"post-612","1":"product","2":"type-product","3":"status-publish","4":"has-post-thumbnail","6":"product_cat-centros-y-cestas-de-flores","8":"first","9":"instock","10":"taxable","11":"shipping-taxable","12":"purchasable","13":"product-type-simple"},"_links":{"self":[{"href":"https:\/\/sueca13flores.com\/fr\/wp-json\/wp\/v2\/product\/612","targetHints":{"allow":["GET"]}}],"collection":[{"href":"https:\/\/sueca13flores.com\/fr\/wp-json\/wp\/v2\/product"}],"about":[{"href":"https:\/\/sueca13flores.com\/fr\/wp-json\/wp\/v2\/types\/product"}],"replies":[{"embeddable":true,"href":"https:\/\/sueca13flores.com\/fr\/wp-json\/wp\/v2\/comments?post=612"}],"wp:featuredmedia":[{"embeddable":true,"href":"https:\/\/sueca13flores.com\/fr\/wp-json\/wp\/v2\/media\/613"}],"wp:attachment":[{"href":"https:\/\/sueca13flores.com\/fr\/wp-json\/wp\/v2\/media?parent=612"}],"wp:term":[{"taxonomy":"product_brand","embeddable":true,"href":"https:\/\/sueca13flores.com\/fr\/wp-json\/wp\/v2\/product_brand?post=612"},{"taxonomy":"product_cat","embeddable":true,"href":"https:\/\/sueca13flores.com\/fr\/wp-json\/wp\/v2\/product_cat?post=612"},{"taxonomy":"product_tag","embeddable":true,"href":"https:\/\/sueca13flores.com\/fr\/wp-json\/wp\/v2\/product_tag?post=612"}],"curies":[{"name":"wp","href":"https:\/\/api.w.org\/{rel}","templated":true}]}}