{"id":614,"date":"2023-06-04T20:48:05","date_gmt":"2023-06-04T18:48:05","guid":{"rendered":"https:\/\/sueca13flores.com\/?post_type=product&#038;p=614"},"modified":"2025-05-21T19:09:39","modified_gmt":"2025-05-21T17:09:39","slug":"le-plus-beau-panier","status":"publish","type":"product","link":"https:\/\/sueca13flores.com\/fr\/produit\/le-plus-beau-panier\/","title":{"rendered":"Panier La M\u00e1s Bonita"},"content":{"rendered":"","protected":false},"excerpt":{"rendered":"<p><span style=\"vertical-align: inherit;\"><span style=\"vertical-align: inherit;\">R\u00e9veillez-vous chaque jour avec l'\u00e9nergie et la joie du soleil gr\u00e2ce \u00e0 notre magnifique corbeille de tournesols et de gerberas.<\/span><\/span><\/p>\n<p><span style=\"vertical-align: inherit;\"><span style=\"vertical-align: inherit;\">Cet arrangement floral captivant associe la beaut\u00e9 rayonnante des tournesols \u00e0 la d\u00e9licatesse vibrante des gerberas, cr\u00e9ant un spectacle visuel qui remplira votre maison de vitalit\u00e9 et de charme.<\/span><\/span><\/p>\n<p><span style=\"vertical-align: inherit;\"><span style=\"vertical-align: inherit;\">Le plus beau panier a \u00e9t\u00e9 con\u00e7u avec soin et passion pour capturer l'essence d'une prairie ensoleill\u00e9e pleine de vie. <\/span><span style=\"vertical-align: inherit;\">Les tournesols, avec leurs p\u00e9tales jaune vif qui imitent les rayons du soleil, sont les vedettes incontest\u00e9es de ce centre, rayonnant de joie et de positivit\u00e9 dans tous les coins. <\/span><span style=\"vertical-align: inherit;\">Les gerberas, avec leurs couleurs vibrantes et leurs p\u00e9tales doux et velout\u00e9s, compl\u00e8tent parfaitement la pr\u00e9sence radieuse des tournesols, ajoutant une dimension de douceur et de d\u00e9licatesse \u00e0 la composition.<\/span><\/span><\/p>\n<p><span style=\"vertical-align: inherit;\"><span style=\"vertical-align: inherit;\">Pr\u00e9sent\u00e9 dans un panier en osier fait \u00e0 la main qui ajoute de la texture et un aspect naturel, il met en valeur la beaut\u00e9 des fleurs et cr\u00e9e un contraste visuellement attrayant. <\/span><span style=\"vertical-align: inherit;\">En outre, le panier en osier constitue une base solide et stable pour les fleurs, ce qui permet au centre de rester en place et de conserver sa fra\u00eecheur et son \u00e9clat.<\/span><\/span><\/p>\n<p><span style=\"vertical-align: inherit;\"><span style=\"vertical-align: inherit;\">Les tournesols, symboles de bonheur et de vitalit\u00e9, \u00e9gayeront votre espace et ajouteront une touche ensoleill\u00e9e \u00e0 votre quotidien. <\/span><span style=\"vertical-align: inherit;\">Les gerberas, avec leur grande vari\u00e9t\u00e9 de couleurs, repr\u00e9sentent la joie et la diversit\u00e9, remplissant l'atmosph\u00e8re d'un sentiment de fra\u00eecheur et de vitalit\u00e9.<\/span><\/span><\/p>\n<p><span style=\"vertical-align: inherit;\"><span style=\"vertical-align: inherit;\">Chaque composition florale est une expression de la beaut\u00e9 naturelle et est fabriqu\u00e9e \u00e0 la main pour ravir vos sens et remplir votre maison de vie. <\/span><span style=\"vertical-align: inherit;\">Nos fleurs proviennent principalement de producteurs locaux, tout comme les verdures qui les accompagnent. <\/span><span style=\"vertical-align: inherit;\">Nous essayons \u00e9galement d'utiliser des fleurs de saison pour garantir une qualit\u00e9 sup\u00e9rieure.<\/span><\/span><\/p>\n<p><span style=\"vertical-align: inherit;\"><span style=\"vertical-align: inherit;\">Vous pouvez ajouter gratuitement une courte d\u00e9dicace.<\/span><\/span><\/p>\n<p>&nbsp;<\/p>","protected":false},"featured_media":591,"comment_status":"closed","ping_status":"closed","template":"","meta":[],"product_brand":[],"product_cat":[38],"product_tag":[],"class_list":{"0":"post-614","1":"product","2":"type-product","3":"status-publish","4":"has-post-thumbnail","6":"product_cat-centros-y-cestas-de-flores","8":"first","9":"instock","10":"taxable","11":"shipping-taxable","12":"purchasable","13":"product-type-simple"},"_links":{"self":[{"href":"https:\/\/sueca13flores.com\/fr\/wp-json\/wp\/v2\/product\/614","targetHints":{"allow":["GET"]}}],"collection":[{"href":"https:\/\/sueca13flores.com\/fr\/wp-json\/wp\/v2\/product"}],"about":[{"href":"https:\/\/sueca13flores.com\/fr\/wp-json\/wp\/v2\/types\/product"}],"replies":[{"embeddable":true,"href":"https:\/\/sueca13flores.com\/fr\/wp-json\/wp\/v2\/comments?post=614"}],"wp:featuredmedia":[{"embeddable":true,"href":"https:\/\/sueca13flores.com\/fr\/wp-json\/wp\/v2\/media\/591"}],"wp:attachment":[{"href":"https:\/\/sueca13flores.com\/fr\/wp-json\/wp\/v2\/media?parent=614"}],"wp:term":[{"taxonomy":"product_brand","embeddable":true,"href":"https:\/\/sueca13flores.com\/fr\/wp-json\/wp\/v2\/product_brand?post=614"},{"taxonomy":"product_cat","embeddable":true,"href":"https:\/\/sueca13flores.com\/fr\/wp-json\/wp\/v2\/product_cat?post=614"},{"taxonomy":"product_tag","embeddable":true,"href":"https:\/\/sueca13flores.com\/fr\/wp-json\/wp\/v2\/product_tag?post=614"}],"curies":[{"name":"wp","href":"https:\/\/api.w.org\/{rel}","templated":true}]}}