{"id":615,"date":"2023-06-04T21:00:26","date_gmt":"2023-06-04T19:00:26","guid":{"rendered":"https:\/\/sueca13flores.com\/?post_type=product&#038;p=615"},"modified":"2025-06-24T08:29:32","modified_gmt":"2025-06-24T06:29:32","slug":"belles-roses","status":"publish","type":"product","link":"https:\/\/sueca13flores.com\/fr\/produit\/belles-roses\/","title":{"rendered":"Belle Roses"},"content":{"rendered":"","protected":false},"excerpt":{"rendered":"<p>&nbsp;<\/p>\n<p><span style=\"vertical-align: inherit;\"><span style=\"vertical-align: inherit;\"><span style=\"vertical-align: inherit;\"><span style=\"vertical-align: inherit;\"><span style=\"vertical-align: inherit;\"><span style=\"vertical-align: inherit;\">Un joli cadeau pour c\u00e9l\u00e9brer l'amour et l'\u00e9l\u00e9gance.<\/span><\/span><\/span><\/span><\/span><\/span><\/p>\n<p><span style=\"vertical-align: inherit;\"><span style=\"vertical-align: inherit;\"><span style=\"vertical-align: inherit;\"><span style=\"vertical-align: inherit;\"><span style=\"vertical-align: inherit;\"><span style=\"vertical-align: inherit;\">La corbeille Belle Roses est une promenade romantique et douce qui combine la beaut\u00e9 \u00e9th\u00e9r\u00e9e des roses avec la chaleur et l'authenticit\u00e9 d'une corbeille en osier, des verdures telles que l'eucalyptus, les foug\u00e8res, le lentisque et une touche de paniculata ou de limonium blanc, qui ensemble cr\u00e9ent un cadeau charmant qui transmet l'amour et l'\u00e9l\u00e9gance dans chaque p\u00e9tale.<\/span><\/span><\/span><\/span><\/span><\/span><\/p>\n<p><span style=\"vertical-align: inherit;\"><span style=\"vertical-align: inherit;\"><span style=\"vertical-align: inherit;\"><span style=\"vertical-align: inherit;\"><span style=\"vertical-align: inherit;\"><span style=\"vertical-align: inherit;\">Les roses roses, symbole classique de l'amour et de la douceur, ont captiv\u00e9 le c\u0153ur des gens \u00e0 travers les si\u00e8cles. <\/span><\/span><\/span><\/span><\/span><span style=\"vertical-align: inherit;\"><span style=\"vertical-align: inherit;\"><span style=\"vertical-align: inherit;\"><span style=\"vertical-align: inherit;\"><span style=\"vertical-align: inherit;\">Chaque rose, avec ses p\u00e9tales doux et d\u00e9licats, raconte une histoire d'amour unique et significative. <\/span><\/span><\/span><\/span><\/span><span style=\"vertical-align: inherit;\"><span style=\"vertical-align: inherit;\"><span style=\"vertical-align: inherit;\"><span style=\"vertical-align: inherit;\"><span style=\"vertical-align: inherit;\">Dans cette corbeille, les roses sont pr\u00e9sent\u00e9es dans toute leur splendeur, formant un spectacle visuel \u00e9blouissant qui ne passera pas inaper\u00e7u.<\/span><\/span><\/span><\/span><\/span><\/span><\/p>\n<p><span style=\"vertical-align: inherit;\"><span style=\"vertical-align: inherit;\"><span style=\"vertical-align: inherit;\"><span style=\"vertical-align: inherit;\"><span style=\"vertical-align: inherit;\"><span style=\"vertical-align: inherit;\">Le panier en osier, tress\u00e9 \u00e0 la main avec un savoir-faire artisanal, ajoute une touche d'authenticit\u00e9 et de rusticit\u00e9 \u00e0 ce cadeau romantique. <\/span><\/span><\/span><\/span><\/span><span style=\"vertical-align: inherit;\"><span style=\"vertical-align: inherit;\"><span style=\"vertical-align: inherit;\"><span style=\"vertical-align: inherit;\"><span style=\"vertical-align: inherit;\">Le panier constitue une base solide et stable pour les roses, ce qui leur permet de rester fra\u00eeches et en place pendant le transport et l'exposition. <\/span><\/span><\/span><\/span><\/span><span style=\"vertical-align: inherit;\"><span style=\"vertical-align: inherit;\"><span style=\"vertical-align: inherit;\"><span style=\"vertical-align: inherit;\"><span style=\"vertical-align: inherit;\">En outre, la texture naturelle de l'osier cr\u00e9e un contraste visuellement attrayant avec la douceur et l'\u00e9l\u00e9gance des roses, ajoutant une touche de charme rustique \u00e0 la pr\u00e9sentation.<\/span><\/span><\/span><\/span><\/span><\/span><\/p>\n<p><span style=\"vertical-align: inherit;\"><span style=\"vertical-align: inherit;\"><span style=\"vertical-align: inherit;\"><span style=\"vertical-align: inherit;\"><span style=\"vertical-align: inherit;\"><span style=\"vertical-align: inherit;\">Les roses roses transmettent des sentiments d'affection, de gratitude et d'admiration, ce qui fait de ce panier le cadeau id\u00e9al pour c\u00e9l\u00e9brer des occasions sp\u00e9ciales telles que les anniversaires ou les moments romantiques. <\/span><\/span><\/span><\/span><\/span><span style=\"vertical-align: inherit;\"><span style=\"vertical-align: inherit;\"><span style=\"vertical-align: inherit;\"><span style=\"vertical-align: inherit;\"><span style=\"vertical-align: inherit;\">Chaque rose raconte une histoire d'amour unique et significative, faisant de ce cadeau l'expression parfaite de vos \u00e9motions les plus profondes.<\/span><\/span><\/span><\/span><\/span><\/span><\/p>\n<p><span style=\"vertical-align: inherit;\"><span style=\"vertical-align: inherit;\"><span style=\"vertical-align: inherit;\"><span style=\"vertical-align: inherit;\"><span style=\"vertical-align: inherit;\"><span style=\"vertical-align: inherit;\">Chaque panier Belle Roses est une \u0153uvre d'art floral unique, con\u00e7ue pour exprimer la beaut\u00e9 et la puret\u00e9 de l'amour sous sa forme la plus \u00e9l\u00e9gante.<\/span><\/span><\/span><\/span><\/span><\/span><\/p>\n<p><span style=\"vertical-align: inherit;\"><span style=\"vertical-align: inherit;\"><span style=\"vertical-align: inherit;\"><span style=\"vertical-align: inherit;\"><span style=\"vertical-align: inherit;\"><span style=\"vertical-align: inherit;\">Vous pouvez ajouter gratuitement une courte d\u00e9dicace.<\/span><\/span><\/span><\/span><\/span><\/span><\/p>","protected":false},"featured_media":617,"comment_status":"open","ping_status":"closed","template":"","meta":[],"product_brand":[],"product_cat":[38,40],"product_tag":[],"class_list":{"0":"post-615","1":"product","2":"type-product","3":"status-publish","4":"has-post-thumbnail","6":"product_cat-centros-y-cestas-de-flores","7":"product_cat-san-valentin","9":"first","10":"instock","11":"taxable","12":"shipping-taxable","13":"purchasable","14":"product-type-simple"},"_links":{"self":[{"href":"https:\/\/sueca13flores.com\/fr\/wp-json\/wp\/v2\/product\/615","targetHints":{"allow":["GET"]}}],"collection":[{"href":"https:\/\/sueca13flores.com\/fr\/wp-json\/wp\/v2\/product"}],"about":[{"href":"https:\/\/sueca13flores.com\/fr\/wp-json\/wp\/v2\/types\/product"}],"replies":[{"embeddable":true,"href":"https:\/\/sueca13flores.com\/fr\/wp-json\/wp\/v2\/comments?post=615"}],"wp:featuredmedia":[{"embeddable":true,"href":"https:\/\/sueca13flores.com\/fr\/wp-json\/wp\/v2\/media\/617"}],"wp:attachment":[{"href":"https:\/\/sueca13flores.com\/fr\/wp-json\/wp\/v2\/media?parent=615"}],"wp:term":[{"taxonomy":"product_brand","embeddable":true,"href":"https:\/\/sueca13flores.com\/fr\/wp-json\/wp\/v2\/product_brand?post=615"},{"taxonomy":"product_cat","embeddable":true,"href":"https:\/\/sueca13flores.com\/fr\/wp-json\/wp\/v2\/product_cat?post=615"},{"taxonomy":"product_tag","embeddable":true,"href":"https:\/\/sueca13flores.com\/fr\/wp-json\/wp\/v2\/product_tag?post=615"}],"curies":[{"name":"wp","href":"https:\/\/api.w.org\/{rel}","templated":true}]}}