{"id":625,"date":"2023-06-04T22:56:05","date_gmt":"2023-06-04T20:56:05","guid":{"rendered":"https:\/\/sueca13flores.com\/?post_type=product&#038;p=625"},"modified":"2026-01-26T19:28:09","modified_gmt":"2026-01-26T18:28:09","slug":"dome-deternite-en-forme-de-rose-rouge","status":"publish","type":"product","link":"https:\/\/sueca13flores.com\/fr\/produit\/dome-deternite-en-forme-de-rose-rouge\/","title":{"rendered":"Eternity Red Rose Dome"},"content":{"rendered":"","protected":false},"excerpt":{"rendered":"<p><span style=\"vertical-align: inherit;\"><span style=\"vertical-align: inherit;\"><span style=\"vertical-align: inherit;\"><span style=\"vertical-align: inherit;\"><span style=\"vertical-align: inherit;\"><span style=\"vertical-align: inherit;\">Notre d\u00f4me en cristal de rose rouge pr\u00e9serv\u00e9e est un symbole intemporel d'amour et de romantisme. <\/span><\/span><\/span><\/span><\/span><span style=\"vertical-align: inherit;\"><span style=\"vertical-align: inherit;\"><span style=\"vertical-align: inherit;\"><span style=\"vertical-align: inherit;\"><span style=\"vertical-align: inherit;\">La rose rouge, connue comme l'embl\u00e8me de l'amour passionn\u00e9, a captiv\u00e9 le c\u0153ur des gens tout au long de l'histoire. <\/span><\/span><\/span><\/span><\/span><span style=\"vertical-align: inherit;\"><span style=\"vertical-align: inherit;\"><span style=\"vertical-align: inherit;\"><span style=\"vertical-align: inherit;\"><span style=\"vertical-align: inherit;\">Chaque p\u00e9tale de la rose a \u00e9t\u00e9 soigneusement pr\u00e9serv\u00e9, conservant sa forme, sa couleur et sa texture d'origine, pour une beaut\u00e9 durable qui transcende le temps.<\/span><\/span><\/span><\/span><\/span><\/span><\/p>\n<p><span style=\"vertical-align: inherit;\"><span style=\"vertical-align: inherit;\"><span style=\"vertical-align: inherit;\"><span style=\"vertical-align: inherit;\"><span style=\"vertical-align: inherit;\"><span style=\"vertical-align: inherit;\">Le d\u00f4me de verre, par sa transparence, ajoute une touche de magie et de myst\u00e8re \u00e0 la rose conserv\u00e9e. <\/span><\/span><\/span><\/span><\/span><span style=\"vertical-align: inherit;\"><span style=\"vertical-align: inherit;\"><span style=\"vertical-align: inherit;\"><span style=\"vertical-align: inherit;\"><span style=\"vertical-align: inherit;\">Le d\u00f4me prot\u00e8ge et met en valeur la rose, cr\u00e9ant une atmosph\u00e8re enchanteresse et captivante. <\/span><\/span><\/span><\/span><\/span><span style=\"vertical-align: inherit;\"><span style=\"vertical-align: inherit;\"><span style=\"vertical-align: inherit;\"><span style=\"vertical-align: inherit;\"><span style=\"vertical-align: inherit;\">En outre, la base du d\u00f4me, fabriqu\u00e9e dans des mat\u00e9riaux de haute qualit\u00e9, assure la stabilit\u00e9 et une apparence \u00e9l\u00e9gante, permettant \u00e0 la rose de briller dans toute sa splendeur.<\/span><\/span><\/span><\/span><\/span><\/span><\/p>\n<p><span style=\"vertical-align: inherit;\"><span style=\"vertical-align: inherit;\"><span style=\"vertical-align: inherit;\"><span style=\"vertical-align: inherit;\"><span style=\"vertical-align: inherit;\"><span style=\"vertical-align: inherit;\">Notre d\u00f4me en cristal de rose rouge pr\u00e9serv\u00e9e n'est pas seulement une pi\u00e8ce d\u00e9corative visuellement \u00e9blouissante, mais aussi un cadeau plein de sens et de symbolisme. <\/span><\/span><\/span><\/span><\/span><span style=\"vertical-align: inherit;\"><span style=\"vertical-align: inherit;\"><span style=\"vertical-align: inherit;\"><span style=\"vertical-align: inherit;\"><span style=\"vertical-align: inherit;\">La rose rouge repr\u00e9sente l'amour passionn\u00e9, l'admiration et la d\u00e9votion, ce qui fait de cet ornement le cadeau id\u00e9al pour les occasions sp\u00e9ciales telles que les anniversaires ou les moments romantiques. <\/span><\/span><\/span><\/span><\/span><span style=\"vertical-align: inherit;\"><span style=\"vertical-align: inherit;\"><span style=\"vertical-align: inherit;\"><span style=\"vertical-align: inherit;\"><span style=\"vertical-align: inherit;\">Chaque fois que quelqu'un regardera la rose pr\u00e9serv\u00e9e \u00e0 l'int\u00e9rieur du d\u00f4me, il se souviendra de l'amour \u00e9ternel et de la beaut\u00e9 qu'elle repr\u00e9sente.<\/span><\/span><\/span><\/span><\/span><\/span><\/p>\n<p><span style=\"vertical-align: inherit;\"><span style=\"vertical-align: inherit;\"><span style=\"vertical-align: inherit;\"><span style=\"vertical-align: inherit;\"><span style=\"vertical-align: inherit;\"><span style=\"vertical-align: inherit;\">Ajoutez une touche de charme romantique \u00e0 votre maison ou surprenez quelqu'un de sp\u00e9cial avec notre captivant d\u00f4me en cristal de rose rouge pr\u00e9serv\u00e9e.\u00a0<\/span><\/span><\/span><\/span><\/span><\/span><\/p>\n<p><span style=\"vertical-align: inherit;\"><span style=\"vertical-align: inherit;\"><span style=\"vertical-align: inherit;\"><span style=\"vertical-align: inherit;\"><span style=\"vertical-align: inherit;\"><span style=\"vertical-align: inherit;\">Vous pouvez ajouter gratuitement une courte d\u00e9dicace.<\/span><\/span><\/span><\/span><\/span><\/span><\/p>","protected":false},"featured_media":626,"comment_status":"open","ping_status":"closed","template":"","meta":[],"product_brand":[],"product_cat":[21,24,40],"product_tag":[],"class_list":{"0":"post-625","1":"product","2":"type-product","3":"status-publish","4":"has-post-thumbnail","6":"product_cat-flores-preservadas","7":"product_cat-rosas","8":"product_cat-san-valentin","10":"first","11":"instock","12":"taxable","13":"shipping-taxable","14":"purchasable","15":"product-type-simple"},"_links":{"self":[{"href":"https:\/\/sueca13flores.com\/fr\/wp-json\/wp\/v2\/product\/625","targetHints":{"allow":["GET"]}}],"collection":[{"href":"https:\/\/sueca13flores.com\/fr\/wp-json\/wp\/v2\/product"}],"about":[{"href":"https:\/\/sueca13flores.com\/fr\/wp-json\/wp\/v2\/types\/product"}],"replies":[{"embeddable":true,"href":"https:\/\/sueca13flores.com\/fr\/wp-json\/wp\/v2\/comments?post=625"}],"wp:featuredmedia":[{"embeddable":true,"href":"https:\/\/sueca13flores.com\/fr\/wp-json\/wp\/v2\/media\/626"}],"wp:attachment":[{"href":"https:\/\/sueca13flores.com\/fr\/wp-json\/wp\/v2\/media?parent=625"}],"wp:term":[{"taxonomy":"product_brand","embeddable":true,"href":"https:\/\/sueca13flores.com\/fr\/wp-json\/wp\/v2\/product_brand?post=625"},{"taxonomy":"product_cat","embeddable":true,"href":"https:\/\/sueca13flores.com\/fr\/wp-json\/wp\/v2\/product_cat?post=625"},{"taxonomy":"product_tag","embeddable":true,"href":"https:\/\/sueca13flores.com\/fr\/wp-json\/wp\/v2\/product_tag?post=625"}],"curies":[{"name":"wp","href":"https:\/\/api.w.org\/{rel}","templated":true}]}}