{"id":627,"date":"2023-07-25T18:38:42","date_gmt":"2023-07-25T16:38:42","guid":{"rendered":"https:\/\/sueca13flores.com\/?post_type=product&#038;p=627"},"modified":"2024-05-03T00:06:15","modified_gmt":"2024-05-02T22:06:15","slug":"lettre-a-de-fleurs-conservees","status":"publish","type":"product","link":"https:\/\/sueca13flores.com\/fr\/produit\/lettre-a-de-fleurs-conservees\/","title":{"rendered":"Lettre A de Fleurs pr\u00e9serv\u00e9es"},"content":{"rendered":"","protected":false},"excerpt":{"rendered":"<p><span style=\"vertical-align: inherit;\"><span style=\"vertical-align: inherit;\">Chaque initiale est une \u0153uvre d'art florale unique, r\u00e9alis\u00e9e \u00e0 la main, qui allie la beaut\u00e9 naturelle \u00e0 la durabilit\u00e9 des fleurs conserv\u00e9es telles que l'hortensia, la fleur de riz, le phalaris et l'eucalyptus. <\/span><span style=\"vertical-align: inherit;\">Il est fabriqu\u00e9 sur une base en bois.<\/span><\/span><\/p>\n<p><span style=\"vertical-align: inherit;\"><span style=\"vertical-align: inherit;\">Pour pr\u00e9server la beaut\u00e9 de vos fleurs conserv\u00e9es Initial A, il suffit de les placer \u00e0 l'int\u00e9rieur, au sec et \u00e0 l'abri de la lumi\u00e8re directe du soleil. <\/span><span style=\"vertical-align: inherit;\">\u00c9vitez l'exposition \u00e0 l'humidit\u00e9, ce qui permettra aux fleurs conserv\u00e9es de rester intactes au fil du temps.<\/span><\/span><\/p>\n<p><span style=\"vertical-align: inherit;\"><span style=\"vertical-align: inherit;\">Un cadeau de fleurs pr\u00e9serv\u00e9es qui ravira le destinataire.<\/span><\/span><\/p>\n<p><span style=\"vertical-align: inherit;\"><span style=\"vertical-align: inherit;\">Si vous souhaitez d'autres couleurs ou d'autres fleurs pr\u00e9serv\u00e9es, ainsi qu'une autre lettre initiale ou un autre chiffre, veuillez nous contacter.<\/span><\/span><\/p>\n<p><span style=\"vertical-align: inherit;\"><span style=\"vertical-align: inherit;\">Vous pouvez ajouter gratuitement une courte d\u00e9dicace.<\/span><\/span><\/p>","protected":false},"featured_media":1134,"comment_status":"open","ping_status":"closed","template":"","meta":[],"product_brand":[],"product_cat":[21],"product_tag":[],"class_list":{"0":"post-627","1":"product","2":"type-product","3":"status-publish","4":"has-post-thumbnail","6":"product_cat-flores-preservadas","8":"first","9":"instock","10":"taxable","11":"shipping-taxable","12":"purchasable","13":"product-type-simple"},"_links":{"self":[{"href":"https:\/\/sueca13flores.com\/fr\/wp-json\/wp\/v2\/product\/627","targetHints":{"allow":["GET"]}}],"collection":[{"href":"https:\/\/sueca13flores.com\/fr\/wp-json\/wp\/v2\/product"}],"about":[{"href":"https:\/\/sueca13flores.com\/fr\/wp-json\/wp\/v2\/types\/product"}],"replies":[{"embeddable":true,"href":"https:\/\/sueca13flores.com\/fr\/wp-json\/wp\/v2\/comments?post=627"}],"wp:featuredmedia":[{"embeddable":true,"href":"https:\/\/sueca13flores.com\/fr\/wp-json\/wp\/v2\/media\/1134"}],"wp:attachment":[{"href":"https:\/\/sueca13flores.com\/fr\/wp-json\/wp\/v2\/media?parent=627"}],"wp:term":[{"taxonomy":"product_brand","embeddable":true,"href":"https:\/\/sueca13flores.com\/fr\/wp-json\/wp\/v2\/product_brand?post=627"},{"taxonomy":"product_cat","embeddable":true,"href":"https:\/\/sueca13flores.com\/fr\/wp-json\/wp\/v2\/product_cat?post=627"},{"taxonomy":"product_tag","embeddable":true,"href":"https:\/\/sueca13flores.com\/fr\/wp-json\/wp\/v2\/product_tag?post=627"}],"curies":[{"name":"wp","href":"https:\/\/api.w.org\/{rel}","templated":true}]}}