{"id":787,"date":"2023-07-26T11:29:29","date_gmt":"2023-07-26T09:29:29","guid":{"rendered":"https:\/\/sueca13flores.com\/?post_type=product&#038;p=787"},"modified":"2025-05-22T06:49:51","modified_gmt":"2025-05-22T04:49:51","slug":"cheque-cadeau-75","status":"publish","type":"product","link":"https:\/\/sueca13flores.com\/fr\/produit\/cheque-cadeau-75\/","title":{"rendered":"Ch\u00e8que-cadeau 75"},"content":{"rendered":"","protected":false},"excerpt":{"rendered":"<p>Vous avez du mal \u00e0 choisir entre offrir une plante ou de belles fleurs ? Ne vous inqui\u00e9tez plus ! Notre ch\u00e8que-cadeau exclusif est l'option parfaite pour surprendre vos proches avec un cadeau plein d'options naturelles et charmantes. Gr\u00e2ce \u00e0 ce bon, ils peuvent offrir ce qu'ils pr\u00e9f\u00e8rent parmi notre vaste s\u00e9lection de plantes et de fleurs, en s'assurant qu'ils re\u00e7oivent exactement ce qu'ils veulent.<\/p>\n<p>Le ch\u00e8que-cadeau offre une flexibilit\u00e9 maximale, permettant \u00e0 vos destinataires de choisir la plante ou le bouquet de fleurs id\u00e9al. Ils peuvent \u00e9galement le recevoir de la mani\u00e8re qu'ils pr\u00e9f\u00e8rent, soit par lettre traditionnelle, soit par un e-mail \u00e9l\u00e9gant, soit par un message personnalis\u00e9 sur WhatsApp.<\/p>\n<p>Chaque ch\u00e8que-cadeau est assorti d'un code unique qui peut \u00eatre facilement \u00e9chang\u00e9 dans notre boutique en ligne, ce qui permet de faire des achats en toute tranquillit\u00e9. Notre large gamme de plantes et de fleurs fra\u00eeches, exotiques et classiques vous garantit de trouver quelque chose qui conviendra parfaitement \u00e0 vos go\u00fbts et \u00e0 vos occasions sp\u00e9ciales.<\/p>\n<p>Surprenez vos proches avec la libert\u00e9 de choix et la beaut\u00e9 naturelle de notre ch\u00e8que-cadeau. Que ce soit pour un anniversaire, un remerciement ou simplement pour \u00e9gayer la journ\u00e9e d'une personne, ce cadeau unique lui permettra de d\u00e9couvrir et d'appr\u00e9cier la fra\u00eecheur et la beaut\u00e9 de la nature.<\/p>\n<p><strong>Comment fonctionne le ch\u00e8que-cadeau ?<\/strong><\/p>\n<ol>\n<li>S\u00e9lectionnez la valeur du ch\u00e8que-cadeau que vous souhaitez offrir.<\/li>\n<li>Choisissez la m\u00e9thode d'envoi : lettre traditionnelle, courriel ou message personnalis\u00e9 sur WhatsApp.<\/li>\n<li>Le b\u00e9n\u00e9ficiaire recevra le ch\u00e8que-cadeau avec un code unique et un lien pour l'utiliser dans notre boutique en ligne.<\/li>\n<li>Ils pourront parcourir notre collection de plantes et de fleurs et choisir le cadeau qu'ils pr\u00e9f\u00e8rent.<\/li>\n<li>Ils appr\u00e9cieront leur choix et un cadeau plein de fra\u00eecheur et de beaut\u00e9 naturelle !<\/li>\n<\/ol>\n<p>Surprenez vos proches aujourd'hui et partagez la joie d'offrir une touche verte et florale !<\/p>","protected":false},"featured_media":785,"comment_status":"open","ping_status":"closed","template":"","meta":[],"product_brand":[],"product_cat":[23],"product_tag":[],"class_list":{"0":"post-787","1":"product","2":"type-product","3":"status-publish","4":"has-post-thumbnail","6":"product_cat-complementos","8":"first","9":"instock","10":"taxable","11":"shipping-taxable","12":"purchasable","13":"product-type-simple"},"_links":{"self":[{"href":"https:\/\/sueca13flores.com\/fr\/wp-json\/wp\/v2\/product\/787","targetHints":{"allow":["GET"]}}],"collection":[{"href":"https:\/\/sueca13flores.com\/fr\/wp-json\/wp\/v2\/product"}],"about":[{"href":"https:\/\/sueca13flores.com\/fr\/wp-json\/wp\/v2\/types\/product"}],"replies":[{"embeddable":true,"href":"https:\/\/sueca13flores.com\/fr\/wp-json\/wp\/v2\/comments?post=787"}],"wp:featuredmedia":[{"embeddable":true,"href":"https:\/\/sueca13flores.com\/fr\/wp-json\/wp\/v2\/media\/785"}],"wp:attachment":[{"href":"https:\/\/sueca13flores.com\/fr\/wp-json\/wp\/v2\/media?parent=787"}],"wp:term":[{"taxonomy":"product_brand","embeddable":true,"href":"https:\/\/sueca13flores.com\/fr\/wp-json\/wp\/v2\/product_brand?post=787"},{"taxonomy":"product_cat","embeddable":true,"href":"https:\/\/sueca13flores.com\/fr\/wp-json\/wp\/v2\/product_cat?post=787"},{"taxonomy":"product_tag","embeddable":true,"href":"https:\/\/sueca13flores.com\/fr\/wp-json\/wp\/v2\/product_tag?post=787"}],"curies":[{"name":"wp","href":"https:\/\/api.w.org\/{rel}","templated":true}]}}