{"id":795,"date":"2023-08-07T18:26:53","date_gmt":"2023-08-07T16:26:53","guid":{"rendered":"https:\/\/sueca13flores.com\/?post_type=product&#038;p=795"},"modified":"2025-05-22T06:49:52","modified_gmt":"2025-05-22T04:49:52","slug":"capacito-campestre-siemprevivas","status":"publish","type":"product","link":"https:\/\/sueca13flores.com\/fr\/produit\/capacito-campestre-siemprevivas\/","title":{"rendered":"Capacito Campestre Siemprevivas"},"content":{"rendered":"","protected":false},"excerpt":{"rendered":"<p><span style=\"vertical-align: inherit;\"><span style=\"vertical-align: inherit;\"><span style=\"vertical-align: inherit;\"><span style=\"vertical-align: inherit;\">D\u00e9couvrez notre charmant panier de style champ\u00eatre. <\/span><span style=\"vertical-align: inherit;\">Cet arrangement floral captivant associe la fra\u00eecheur de la campagne \u00e0 l'authenticit\u00e9 des fleurs s\u00e9ch\u00e9es et conserv\u00e9es, cr\u00e9ant un cadeau durable et charmant qui ajoutera une touche rustique \u00e0 n'importe quel espace.<\/span><\/span><\/span><\/span><\/p>\n<p><span style=\"vertical-align: inherit;\"><span style=\"vertical-align: inherit;\"><span style=\"vertical-align: inherit;\"><span style=\"vertical-align: inherit;\">Fabriqu\u00e9 avec des fleurs cultiv\u00e9es en Espagne. <\/span><span style=\"vertical-align: inherit;\">Des fleurs sauvages d\u00e9licates aux statices color\u00e9s dans des tons doux, comme le limonium, accompagnant des verts pr\u00e9serv\u00e9s comme le lentisque ou l'eucalyptus et la foug\u00e8re. <\/span><span style=\"vertical-align: inherit;\">Chaque \u00e9l\u00e9ment de la composition \u00e9voque la s\u00e9r\u00e9nit\u00e9 et le calme d'une prairie de campagne en toutes saisons.<\/span><\/span><\/span><\/span><\/p>\n<p><span style=\"vertical-align: inherit;\"><span style=\"vertical-align: inherit;\"><span style=\"vertical-align: inherit;\"><span style=\"vertical-align: inherit;\">Pr\u00e9sent\u00e9 dans un panier en osier fait main avec un n\u0153ud en raphia, ce panier de fleurs s\u00e9ch\u00e9es prend un air d'authenticit\u00e9 et de rusticit\u00e9. <\/span><span style=\"vertical-align: inherit;\">Le panier en osier apporte une texture et un aspect naturel qui mettent en valeur la beaut\u00e9 des fleurs et cr\u00e9ent un contraste visuellement attrayant.<\/span><\/span><\/span><\/span><\/p>\n<p><span style=\"vertical-align: inherit;\"><span style=\"vertical-align: inherit;\"><span style=\"vertical-align: inherit;\"><span style=\"vertical-align: inherit;\">Notre panier en osier de fleurs s\u00e9ch\u00e9es conserv\u00e9es est non seulement un cadeau visuellement magnifique, mais il offre \u00e9galement l'avantage d'\u00eatre durable et de conserver sa beaut\u00e9 au fil du temps, car il n'a pas besoin d'eau. <\/span><span style=\"vertical-align: inherit;\">Les fleurs s\u00e9ch\u00e9es et conserv\u00e9es ne n\u00e9cessitent aucun soin particulier et conserveront longtemps leur fra\u00eecheur et leur \u00e9clat, ce qui vous permettra de profiter de leur charme rustique en toute tranquillit\u00e9.<\/span><\/span><\/span><\/span><\/p>\n<p><span style=\"vertical-align: inherit;\"><span style=\"vertical-align: inherit;\"><span style=\"vertical-align: inherit;\"><span style=\"vertical-align: inherit;\">Chaque panier est fait \u00e0 la main, il est donc unique et diff\u00e9rent. <\/span><span style=\"vertical-align: inherit;\">Nous utilisons \u00e9galement des fleurs saisonni\u00e8res et locales dans la mesure du possible, comme le statisme et le limonium, cultiv\u00e9s \u00e0 Valence.<\/span><\/span><\/span><\/span><\/p>\n<p><span style=\"vertical-align: inherit;\"><span style=\"vertical-align: inherit;\"><span style=\"vertical-align: inherit;\"><span style=\"vertical-align: inherit;\">Ajoutez une touche de charme rustique et durable \u00e0 votre maison avec notre captivant panier de campagne.<\/span><\/span><\/span><\/span><\/p>\n<p><span style=\"vertical-align: inherit;\"><span style=\"vertical-align: inherit;\"><span style=\"vertical-align: inherit;\"><span style=\"vertical-align: inherit;\">Vous pouvez ajouter gratuitement une courte d\u00e9dicace.<\/span><\/span><\/span><\/span><\/p>\n<p><span style=\"vertical-align: inherit;\"><span style=\"vertical-align: inherit;\"><span style=\"vertical-align: inherit;\"><span style=\"vertical-align: inherit;\">Dimensions approximatives 16 cm de haut 25 cm de long.<\/span><\/span><\/span><\/span><\/p>","protected":false},"featured_media":796,"comment_status":"closed","ping_status":"closed","template":"","meta":[],"product_brand":[],"product_cat":[42,21],"product_tag":[],"class_list":{"0":"post-795","1":"product","2":"type-product","3":"status-publish","4":"has-post-thumbnail","6":"product_cat-dia-de-la-madre","7":"product_cat-flores-preservadas","9":"first","10":"instock","11":"taxable","12":"shipping-taxable","13":"purchasable","14":"product-type-simple"},"_links":{"self":[{"href":"https:\/\/sueca13flores.com\/fr\/wp-json\/wp\/v2\/product\/795","targetHints":{"allow":["GET"]}}],"collection":[{"href":"https:\/\/sueca13flores.com\/fr\/wp-json\/wp\/v2\/product"}],"about":[{"href":"https:\/\/sueca13flores.com\/fr\/wp-json\/wp\/v2\/types\/product"}],"replies":[{"embeddable":true,"href":"https:\/\/sueca13flores.com\/fr\/wp-json\/wp\/v2\/comments?post=795"}],"wp:featuredmedia":[{"embeddable":true,"href":"https:\/\/sueca13flores.com\/fr\/wp-json\/wp\/v2\/media\/796"}],"wp:attachment":[{"href":"https:\/\/sueca13flores.com\/fr\/wp-json\/wp\/v2\/media?parent=795"}],"wp:term":[{"taxonomy":"product_brand","embeddable":true,"href":"https:\/\/sueca13flores.com\/fr\/wp-json\/wp\/v2\/product_brand?post=795"},{"taxonomy":"product_cat","embeddable":true,"href":"https:\/\/sueca13flores.com\/fr\/wp-json\/wp\/v2\/product_cat?post=795"},{"taxonomy":"product_tag","embeddable":true,"href":"https:\/\/sueca13flores.com\/fr\/wp-json\/wp\/v2\/product_tag?post=795"}],"curies":[{"name":"wp","href":"https:\/\/api.w.org\/{rel}","templated":true}]}}