{"id":830,"date":"2023-11-22T13:49:36","date_gmt":"2023-11-22T12:49:36","guid":{"rendered":"https:\/\/sueca13flores.com\/?post_type=product&#038;p=830"},"modified":"2026-01-02T10:48:16","modified_gmt":"2026-01-02T09:48:16","slug":"mini-poinsettia-ou-fleur-de-poinsettia","status":"publish","type":"product","link":"https:\/\/sueca13flores.com\/fr\/produit\/mini-poinsettia-ou-fleur-de-poinsettia\/","title":{"rendered":"Nadalenca ou Flor de Pascua (Poinsettia)"},"content":{"rendered":"","protected":false},"excerpt":{"rendered":"<p><span style=\"vertical-align: inherit;\"><span style=\"vertical-align: inherit;\">C\u00e9l\u00e9brez l'arriv\u00e9e de No\u00ebl avec \u00e9l\u00e9gance, charme et le rouge vibrant de nos poinsettias de Valence.<\/span><\/span><\/p>\n<p><span style=\"vertical-align: inherit;\"><span style=\"vertical-align: inherit;\">Nos poinsettias ajoutent non seulement une touche festive, mais constituent \u00e9galement un cadeau id\u00e9al pour la famille et les amis. <\/span><span style=\"vertical-align: inherit;\">Tous sont cultiv\u00e9s \u00e0 Valence, ce qui garantit leur fra\u00eecheur et leur proximit\u00e9.<\/span><\/span><\/p>\n<p><span style=\"vertical-align: inherit;\"><span style=\"vertical-align: inherit;\">Ils sont d\u00e9cor\u00e9s avec des emballages et des n\u0153uds de No\u00ebl exclusifs.\u00a0<\/span><\/span><\/p>\n<p><span style=\"vertical-align: inherit;\"><span style=\"vertical-align: inherit;\">Vous pouvez ajouter une d\u00e9dicace gratuite \u00e0 votre commande.<\/span><\/span><\/p>\n<p><span style=\"vertical-align: inherit;\"><span style=\"vertical-align: inherit;\">Hauteur d'environ 40-45 cm.<\/span><\/span><\/p>","protected":false},"featured_media":3280,"comment_status":"closed","ping_status":"closed","template":"","meta":[],"product_brand":[],"product_cat":[39],"product_tag":[],"class_list":{"0":"post-830","1":"product","2":"type-product","3":"status-publish","4":"has-post-thumbnail","6":"product_cat-navidad","8":"first","9":"outofstock","10":"taxable","11":"shipping-taxable","12":"purchasable","13":"product-type-simple"},"_links":{"self":[{"href":"https:\/\/sueca13flores.com\/fr\/wp-json\/wp\/v2\/product\/830","targetHints":{"allow":["GET"]}}],"collection":[{"href":"https:\/\/sueca13flores.com\/fr\/wp-json\/wp\/v2\/product"}],"about":[{"href":"https:\/\/sueca13flores.com\/fr\/wp-json\/wp\/v2\/types\/product"}],"replies":[{"embeddable":true,"href":"https:\/\/sueca13flores.com\/fr\/wp-json\/wp\/v2\/comments?post=830"}],"wp:featuredmedia":[{"embeddable":true,"href":"https:\/\/sueca13flores.com\/fr\/wp-json\/wp\/v2\/media\/3280"}],"wp:attachment":[{"href":"https:\/\/sueca13flores.com\/fr\/wp-json\/wp\/v2\/media?parent=830"}],"wp:term":[{"taxonomy":"product_brand","embeddable":true,"href":"https:\/\/sueca13flores.com\/fr\/wp-json\/wp\/v2\/product_brand?post=830"},{"taxonomy":"product_cat","embeddable":true,"href":"https:\/\/sueca13flores.com\/fr\/wp-json\/wp\/v2\/product_cat?post=830"},{"taxonomy":"product_tag","embeddable":true,"href":"https:\/\/sueca13flores.com\/fr\/wp-json\/wp\/v2\/product_tag?post=830"}],"curies":[{"name":"wp","href":"https:\/\/api.w.org\/{rel}","templated":true}]}}