{"id":832,"date":"2023-11-22T18:56:21","date_gmt":"2023-11-22T17:56:21","guid":{"rendered":"https:\/\/sueca13flores.com\/?post_type=product&#038;p=832"},"modified":"2026-01-02T10:47:40","modified_gmt":"2026-01-02T09:47:40","slug":"couronne-de-noel-nadal","status":"publish","type":"product","link":"https:\/\/sueca13flores.com\/fr\/produit\/couronne-de-noel-nadal\/","title":{"rendered":"No\u00ebl Nadal"},"content":{"rendered":"","protected":false},"excerpt":{"rendered":"<p><span style=\"vertical-align: inherit;\"><span style=\"vertical-align: inherit;\">Couronne de No\u00ebl exclusive, faite \u00e0 la main, soigneusement \u00e9labor\u00e9e avec des mat\u00e9riaux naturels et aromatiques, tels que le sapin, l'eucalyptus frais, les b\u00e2tons de cannelle et les tranches d'orange. <\/span><\/span><span style=\"vertical-align: inherit;\"><span style=\"vertical-align: inherit;\">Une touche d\u00e9corative chaleureuse d'essence de No\u00ebl pure, con\u00e7ue pour apporter une touche festive et aromatique \u00e0 votre int\u00e9rieur.<\/span><\/span><\/p>\n<p><span style=\"vertical-align: inherit;\"><span style=\"vertical-align: inherit;\">Certains \u00e9l\u00e9ments peuvent varier en fonction de la disponibilit\u00e9. L'image est indicative car nos couronnes sont faites \u00e0 la main et chacune est diff\u00e9rente et unique.\u00a0<\/span><\/span><\/p>\n<p><span style=\"vertical-align: inherit;\"><span style=\"vertical-align: inherit;\">Si vous souhaitez une composition particuli\u00e8re dans une teinte sp\u00e9ciale ou avec un mat\u00e9riau sp\u00e9cifique, vous pouvez nous contacter via le bouton whatsapp.<\/span><\/span><\/p>\n<p>Diam\u00e8tre approximatif 30-35 cm<\/p>\n<p>&nbsp;<\/p>","protected":false},"featured_media":828,"comment_status":"closed","ping_status":"closed","template":"","meta":[],"product_brand":[],"product_cat":[39],"product_tag":[],"class_list":{"0":"post-832","1":"product","2":"type-product","3":"status-publish","4":"has-post-thumbnail","6":"product_cat-navidad","8":"first","9":"outofstock","10":"taxable","11":"shipping-taxable","12":"purchasable","13":"product-type-simple"},"_links":{"self":[{"href":"https:\/\/sueca13flores.com\/fr\/wp-json\/wp\/v2\/product\/832","targetHints":{"allow":["GET"]}}],"collection":[{"href":"https:\/\/sueca13flores.com\/fr\/wp-json\/wp\/v2\/product"}],"about":[{"href":"https:\/\/sueca13flores.com\/fr\/wp-json\/wp\/v2\/types\/product"}],"replies":[{"embeddable":true,"href":"https:\/\/sueca13flores.com\/fr\/wp-json\/wp\/v2\/comments?post=832"}],"wp:featuredmedia":[{"embeddable":true,"href":"https:\/\/sueca13flores.com\/fr\/wp-json\/wp\/v2\/media\/828"}],"wp:attachment":[{"href":"https:\/\/sueca13flores.com\/fr\/wp-json\/wp\/v2\/media?parent=832"}],"wp:term":[{"taxonomy":"product_brand","embeddable":true,"href":"https:\/\/sueca13flores.com\/fr\/wp-json\/wp\/v2\/product_brand?post=832"},{"taxonomy":"product_cat","embeddable":true,"href":"https:\/\/sueca13flores.com\/fr\/wp-json\/wp\/v2\/product_cat?post=832"},{"taxonomy":"product_tag","embeddable":true,"href":"https:\/\/sueca13flores.com\/fr\/wp-json\/wp\/v2\/product_tag?post=832"}],"curies":[{"name":"wp","href":"https:\/\/api.w.org\/{rel}","templated":true}]}}