{"id":833,"date":"2023-11-22T19:47:43","date_gmt":"2023-11-22T18:47:43","guid":{"rendered":"https:\/\/sueca13flores.com\/?post_type=product&#038;p=833"},"modified":"2026-01-02T10:49:47","modified_gmt":"2026-01-02T09:49:47","slug":"bouquet-dans-un-vase-en-eucalyptus-dore","status":"publish","type":"product","link":"https:\/\/sueca13flores.com\/fr\/produit\/bouquet-dans-un-vase-en-eucalyptus-dore\/","title":{"rendered":"Bouquet dans un vase en eucalyptus dor\u00e9"},"content":{"rendered":"","protected":false},"excerpt":{"rendered":"<p><span style=\"vertical-align: inherit;\"><span style=\"vertical-align: inherit;\">D\u00e9corez votre maison pour les f\u00eates de fin d'ann\u00e9e avec cet \u00e9l\u00e9gant vase en verre d\u00e9cor\u00e9 d'un arrangement d'eucalyptus teint\u00e9 d'or et d'eucalyptus cinerea naturel. Le parfum de No\u00ebl entre dans votre maison.<\/span><\/span><\/p>\n<p><span style=\"vertical-align: inherit;\"><span style=\"vertical-align: inherit;\">Une touche de distinction et de beaut\u00e9 qui accueillera les f\u00eates de fin d'ann\u00e9e et apportera chaleur et beaut\u00e9 \u00e0 n'importe quel espace de votre maison.\u00a0<\/span><\/span><\/p>\n<p>Vous pouvez ajouter de l'eau et le laisser \u00e0 sec pour les f\u00eates.<\/p>\n<p><span style=\"vertical-align: inherit;\"><span style=\"vertical-align: inherit;\">\u00c9galement disponible en argent, blanc, rouge m\u00e9tallis\u00e9 ou mat et vert naturel sur demande.<\/span><\/span><\/p>\n<p>Hauteur approximative du vase 19 cm. Hauteur approximative de la composition 40-45 cm.<\/p>","protected":false},"featured_media":2387,"comment_status":"closed","ping_status":"closed","template":"","meta":[],"product_brand":[],"product_cat":[39],"product_tag":[],"class_list":{"0":"post-833","1":"product","2":"type-product","3":"status-publish","4":"has-post-thumbnail","6":"product_cat-navidad","8":"first","9":"outofstock","10":"taxable","11":"shipping-taxable","12":"purchasable","13":"product-type-simple"},"_links":{"self":[{"href":"https:\/\/sueca13flores.com\/fr\/wp-json\/wp\/v2\/product\/833","targetHints":{"allow":["GET"]}}],"collection":[{"href":"https:\/\/sueca13flores.com\/fr\/wp-json\/wp\/v2\/product"}],"about":[{"href":"https:\/\/sueca13flores.com\/fr\/wp-json\/wp\/v2\/types\/product"}],"replies":[{"embeddable":true,"href":"https:\/\/sueca13flores.com\/fr\/wp-json\/wp\/v2\/comments?post=833"}],"wp:featuredmedia":[{"embeddable":true,"href":"https:\/\/sueca13flores.com\/fr\/wp-json\/wp\/v2\/media\/2387"}],"wp:attachment":[{"href":"https:\/\/sueca13flores.com\/fr\/wp-json\/wp\/v2\/media?parent=833"}],"wp:term":[{"taxonomy":"product_brand","embeddable":true,"href":"https:\/\/sueca13flores.com\/fr\/wp-json\/wp\/v2\/product_brand?post=833"},{"taxonomy":"product_cat","embeddable":true,"href":"https:\/\/sueca13flores.com\/fr\/wp-json\/wp\/v2\/product_cat?post=833"},{"taxonomy":"product_tag","embeddable":true,"href":"https:\/\/sueca13flores.com\/fr\/wp-json\/wp\/v2\/product_tag?post=833"}],"curies":[{"name":"wp","href":"https:\/\/api.w.org\/{rel}","templated":true}]}}