{"id":839,"date":"2023-11-22T20:43:02","date_gmt":"2023-11-22T19:43:02","guid":{"rendered":"https:\/\/sueca13flores.com\/?post_type=product&#038;p=839"},"modified":"2025-10-26T17:20:22","modified_gmt":"2025-10-26T16:20:22","slug":"cheque-cadeau-de-noel-45","status":"publish","type":"product","link":"https:\/\/sueca13flores.com\/fr\/produit\/cheque-cadeau-de-noel-45\/","title":{"rendered":"Ch\u00e8que-cadeau de No\u00ebl 45"},"content":{"rendered":"","protected":false},"excerpt":{"rendered":"<p><span style=\"vertical-align: inherit;\"><span style=\"vertical-align: inherit;\">Vous n'arrivez pas \u00e0 vous d\u00e9cider entre offrir une plante ou de belles fleurs ? <\/span><span style=\"vertical-align: inherit;\">Ne vous inqui\u00e9tez pas !<\/span><\/span><\/p>\n<p><span style=\"vertical-align: inherit;\"><span style=\"vertical-align: inherit;\">Notre ch\u00e8que-cadeau permet au destinataire du cadeau de choisir parmi notre large s\u00e9lection de plantes et de fleurs, garantissant ainsi qu'il recevra exactement ce qu'il souhaite.<\/span><\/span><\/p>\n<p><span style=\"vertical-align: inherit;\"><span style=\"vertical-align: inherit;\">Le ch\u00e8que-cadeau offre une flexibilit\u00e9 maximale, permettant \u00e0 vos destinataires de choisir la plante ou le bouquet de fleurs id\u00e9al. <\/span><span style=\"vertical-align: inherit;\">En outre, vous pouvez le recevoir de la mani\u00e8re que vous pr\u00e9f\u00e9rez, soit par lettre traditionnelle, soit par un courriel \u00e9l\u00e9gant, soit par un message personnalis\u00e9 sur WhatsApp.<\/span><\/span><\/p>\n<p><span style=\"vertical-align: inherit;\"><span style=\"vertical-align: inherit;\">Chaque ch\u00e8que-cadeau est assorti d'un code unique qui peut \u00eatre facilement \u00e9chang\u00e9 dans notre boutique physique, ce qui permet d'effectuer des achats en toute tranquillit\u00e9. <\/span><span style=\"vertical-align: inherit;\">Notre large gamme de plantes et de fleurs fra\u00eeches, exotiques et classiques vous garantit de trouver quelque chose qui corresponde parfaitement \u00e0 vos go\u00fbts et \u00e0 vos occasions sp\u00e9ciales.<\/span><\/span><\/p>\n<p><span style=\"vertical-align: inherit;\"><span style=\"vertical-align: inherit;\">Surprenez vos proches avec la libert\u00e9 de choix et la beaut\u00e9 naturelle de notre ch\u00e8que-cadeau. <\/span><span style=\"vertical-align: inherit;\">Que ce soit pour un anniversaire, un remerciement ou simplement pour \u00e9gayer la journ\u00e9e de quelqu'un, ce cadeau unique lui permettra de d\u00e9couvrir et d'appr\u00e9cier la fra\u00eecheur et la beaut\u00e9 de la nature.<\/span><\/span><\/p>\n<p><strong><span style=\"vertical-align: inherit;\"><span style=\"vertical-align: inherit;\">Comment fonctionne le ch\u00e8que-cadeau ?<\/span><\/span><\/strong><\/p>\n<ol>\n<li><span style=\"vertical-align: inherit;\"><span style=\"vertical-align: inherit;\">Choisissez la m\u00e9thode d'envoi : lettre traditionnelle, courriel ou message personnalis\u00e9 sur WhatsApp.<\/span><\/span><\/li>\n<li><span style=\"vertical-align: inherit;\"><span style=\"vertical-align: inherit;\">Le b\u00e9n\u00e9ficiaire recevra le ch\u00e8que-cadeau avec un code unique.\u00a0 <\/span><\/span><strong><span style=\"vertical-align: inherit;\"><span style=\"vertical-align: inherit;\">pour l'\u00e9changer dans notre magasin physique.<\/span><\/span><\/strong><\/li>\n<li><span style=\"vertical-align: inherit;\"><span style=\"vertical-align: inherit;\">Ils pourront parcourir notre collection de plantes et de fleurs et choisir le cadeau qu'ils pr\u00e9f\u00e8rent.<\/span><\/span><\/li>\n<li><span style=\"vertical-align: inherit;\"><span style=\"vertical-align: inherit;\">Ils appr\u00e9cieront leur choix et un cadeau plein de fra\u00eecheur et de beaut\u00e9 naturelle !<\/span><\/span><\/li>\n<li><span style=\"vertical-align: inherit;\"><span style=\"vertical-align: inherit;\">CE BON N'A PAS DE DATE D'EXPIRATION.<\/span><\/span><\/li>\n<\/ol>","protected":false},"featured_media":838,"comment_status":"closed","ping_status":"closed","template":"","meta":[],"product_brand":[],"product_cat":[39],"product_tag":[],"class_list":{"0":"post-839","1":"product","2":"type-product","3":"status-publish","4":"has-post-thumbnail","6":"product_cat-navidad","8":"first","9":"instock","10":"taxable","11":"shipping-taxable","12":"purchasable","13":"product-type-simple"},"_links":{"self":[{"href":"https:\/\/sueca13flores.com\/fr\/wp-json\/wp\/v2\/product\/839","targetHints":{"allow":["GET"]}}],"collection":[{"href":"https:\/\/sueca13flores.com\/fr\/wp-json\/wp\/v2\/product"}],"about":[{"href":"https:\/\/sueca13flores.com\/fr\/wp-json\/wp\/v2\/types\/product"}],"replies":[{"embeddable":true,"href":"https:\/\/sueca13flores.com\/fr\/wp-json\/wp\/v2\/comments?post=839"}],"wp:featuredmedia":[{"embeddable":true,"href":"https:\/\/sueca13flores.com\/fr\/wp-json\/wp\/v2\/media\/838"}],"wp:attachment":[{"href":"https:\/\/sueca13flores.com\/fr\/wp-json\/wp\/v2\/media?parent=839"}],"wp:term":[{"taxonomy":"product_brand","embeddable":true,"href":"https:\/\/sueca13flores.com\/fr\/wp-json\/wp\/v2\/product_brand?post=839"},{"taxonomy":"product_cat","embeddable":true,"href":"https:\/\/sueca13flores.com\/fr\/wp-json\/wp\/v2\/product_cat?post=839"},{"taxonomy":"product_tag","embeddable":true,"href":"https:\/\/sueca13flores.com\/fr\/wp-json\/wp\/v2\/product_tag?post=839"}],"curies":[{"name":"wp","href":"https:\/\/api.w.org\/{rel}","templated":true}]}}