{"id":888,"date":"2024-01-17T19:58:51","date_gmt":"2024-01-17T18:58:51","guid":{"rendered":"https:\/\/sueca13flores.com\/?post_type=product&#038;p=888"},"modified":"2025-04-26T12:39:36","modified_gmt":"2025-04-26T10:39:36","slug":"gerberetes","status":"publish","type":"product","link":"https:\/\/sueca13flores.com\/fr\/produit\/gerberetes\/","title":{"rendered":"Bouquet de fleurs \"Gerberetes i Margarides\"."},"content":{"rendered":"<h2><\/h2>\n<p>&nbsp;<\/p>","protected":false},"excerpt":{"rendered":"<p>&nbsp;<\/p>\n<p><span style=\"vertical-align: inherit;\"><span style=\"vertical-align: inherit;\"><span style=\"vertical-align: inherit;\"><span style=\"vertical-align: inherit;\"><span style=\"vertical-align: inherit;\">D\u00e9couvrez le charme des gerberas, leurs p\u00e9tales color\u00e9s et leur taille.<\/span><\/span><\/span><\/span><\/span><\/p>\n<p><span style=\"vertical-align: inherit;\"><span style=\"vertical-align: inherit;\"><span style=\"vertical-align: inherit;\"><span style=\"vertical-align: inherit;\"><span style=\"vertical-align: inherit;\">Nos bouquets de marguerites et de gerberas sont id\u00e9aux pour transmettre de la joie et de bonnes vibrations. Les diff\u00e9rentes combinaisons de couleurs vives de chaque tige, ainsi que l'accompagnement parfait de verdures telles que la foug\u00e8re, vous offrent une exp\u00e9rience unique pleine de vitalit\u00e9 et de fra\u00eecheur durable.<\/span><\/span><\/span><\/span><\/span><\/p>\n<p><span style=\"vertical-align: inherit;\"><span style=\"vertical-align: inherit;\"><span style=\"vertical-align: inherit;\"><span style=\"vertical-align: inherit;\"><span style=\"vertical-align: inherit;\">Que vous souhaitiez exprimer votre amour, votre amiti\u00e9 ou simplement \u00e9gayer la journ\u00e9e de quelqu'un de sp\u00e9cial, notre bouquet de marguerites et de gerberas est le cadeau id\u00e9al. De plus, leur polyvalence et leur r\u00e9sistance en font le compagnon id\u00e9al pour toutes les occasions, qu'il s'agisse d'un anniversaire ou d'une simple d\u00e9coration de la maison.<\/span><\/span><\/span><\/span><\/span><\/p>\n<p>Vous pouvez ajouter une br\u00e8ve d\u00e9dicace gratuite.<\/p>\n<p>&nbsp;<\/p>","protected":false},"featured_media":889,"comment_status":"closed","ping_status":"closed","template":"","meta":[],"product_brand":[],"product_cat":[42,26,40],"product_tag":[],"class_list":{"0":"post-888","1":"product","2":"type-product","3":"status-publish","4":"has-post-thumbnail","6":"product_cat-dia-de-la-madre","7":"product_cat-composiciones-de-flores-y-plantas","8":"product_cat-san-valentin","10":"first","11":"instock","12":"taxable","13":"shipping-taxable","14":"purchasable","15":"product-type-simple"},"_links":{"self":[{"href":"https:\/\/sueca13flores.com\/fr\/wp-json\/wp\/v2\/product\/888","targetHints":{"allow":["GET"]}}],"collection":[{"href":"https:\/\/sueca13flores.com\/fr\/wp-json\/wp\/v2\/product"}],"about":[{"href":"https:\/\/sueca13flores.com\/fr\/wp-json\/wp\/v2\/types\/product"}],"replies":[{"embeddable":true,"href":"https:\/\/sueca13flores.com\/fr\/wp-json\/wp\/v2\/comments?post=888"}],"wp:featuredmedia":[{"embeddable":true,"href":"https:\/\/sueca13flores.com\/fr\/wp-json\/wp\/v2\/media\/889"}],"wp:attachment":[{"href":"https:\/\/sueca13flores.com\/fr\/wp-json\/wp\/v2\/media?parent=888"}],"wp:term":[{"taxonomy":"product_brand","embeddable":true,"href":"https:\/\/sueca13flores.com\/fr\/wp-json\/wp\/v2\/product_brand?post=888"},{"taxonomy":"product_cat","embeddable":true,"href":"https:\/\/sueca13flores.com\/fr\/wp-json\/wp\/v2\/product_cat?post=888"},{"taxonomy":"product_tag","embeddable":true,"href":"https:\/\/sueca13flores.com\/fr\/wp-json\/wp\/v2\/product_tag?post=888"}],"curies":[{"name":"wp","href":"https:\/\/api.w.org\/{rel}","templated":true}]}}