{"id":936,"date":"2024-02-11T18:48:46","date_gmt":"2024-02-11T17:48:46","guid":{"rendered":"https:\/\/sueca13flores.com\/?post_type=product&#038;p=936"},"modified":"2026-02-07T10:10:58","modified_gmt":"2026-02-07T09:10:58","slug":"dome-deternite-rose","status":"publish","type":"product","link":"https:\/\/sueca13flores.com\/fr\/produit\/dome-deternite-rose\/","title":{"rendered":"D\u00f4me rose \u00e9ternel"},"content":{"rendered":"","protected":false},"excerpt":{"rendered":"<p><span style=\"vertical-align: inherit;\"><span style=\"vertical-align: inherit;\">Notre d\u00f4me en cristal rose pr\u00e9serv\u00e9 est un symbole intemporel d'amour et de romance. <\/span><span style=\"vertical-align: inherit;\">La rose, connue comme l'embl\u00e8me de l'amour passionn\u00e9, a captiv\u00e9 le c\u0153ur des gens tout au long de l'histoire. <\/span><span style=\"vertical-align: inherit;\">Chaque p\u00e9tale de la rose a \u00e9t\u00e9 soigneusement pr\u00e9serv\u00e9, conservant sa forme, sa couleur et sa texture d'origine, pour une beaut\u00e9 durable qui transcende le temps.<\/span><\/span><\/p>\n<p><span style=\"vertical-align: inherit;\"><span style=\"vertical-align: inherit;\">Le d\u00f4me de verre, par sa transparence, ajoute une touche de magie et de myst\u00e8re \u00e0 la rose conserv\u00e9e. <\/span><span style=\"vertical-align: inherit;\">Le d\u00f4me prot\u00e8ge et met en valeur la rose, cr\u00e9ant une atmosph\u00e8re enchanteresse et captivante. <\/span><span style=\"vertical-align: inherit;\">En outre, la base du d\u00f4me, fabriqu\u00e9e dans des mat\u00e9riaux de haute qualit\u00e9, assure la stabilit\u00e9 et une apparence \u00e9l\u00e9gante, permettant \u00e0 la rose de briller dans toute sa splendeur.<\/span><\/span><\/p>\n<p><span style=\"vertical-align: inherit;\"><span style=\"vertical-align: inherit;\">Notre d\u00f4me en cristal de rose pr\u00e9serv\u00e9e n'est pas seulement une pi\u00e8ce d\u00e9corative visuellement \u00e9blouissante, mais aussi un cadeau plein de sens et de symbolisme. <\/span><span style=\"vertical-align: inherit;\">La rose repr\u00e9sente l'amour et le romantisme, ce qui fait de cet ornement le cadeau id\u00e9al pour les occasions sp\u00e9ciales telles que les anniversaires ou les moments romantiques. <\/span><span style=\"vertical-align: inherit;\">Chaque fois que quelqu'un regardera la rose pr\u00e9serv\u00e9e \u00e0 l'int\u00e9rieur du d\u00f4me, il se souviendra de l'amour \u00e9ternel et de la beaut\u00e9 qu'elle repr\u00e9sente.<\/span><\/span><\/p>\n<p><span style=\"vertical-align: inherit;\"><span style=\"vertical-align: inherit;\">Dans notre boutique en ligne, nous vous proposons ces d\u00f4mes en cristal avec roses conserv\u00e9es de la plus haute qualit\u00e9, s\u00e9lectionn\u00e9s et fabriqu\u00e9s \u00e0 la main. <\/span><span style=\"vertical-align: inherit;\">Chaque d\u00f4me est une pi\u00e8ce unique, con\u00e7ue pour transmettre l'\u00e9l\u00e9gance intemporelle et le pouvoir de l'amour dans sa forme la plus exquise.<\/span><\/span><\/p>\n<p><span style=\"vertical-align: inherit;\"><span style=\"vertical-align: inherit;\">Ajoutez une touche de charme romantique \u00e0 votre maison ou surprenez quelqu'un de sp\u00e9cial avec notre captivant d\u00f4me en cristal de rose rouge pr\u00e9serv\u00e9e.<\/span><\/span><\/p>\n<p><span style=\"vertical-align: inherit;\"><span style=\"vertical-align: inherit;\">Pour d'autres nuances de rose, veuillez nous contacter.<\/span><\/span><\/p>\n<p><span style=\"vertical-align: inherit;\"><span style=\"vertical-align: inherit;\">Vous pouvez ajouter gratuitement une courte d\u00e9dicace.<\/span><\/span><\/p>","protected":false},"featured_media":937,"comment_status":"open","ping_status":"closed","template":"","meta":[],"product_brand":[],"product_cat":[21,40],"product_tag":[],"class_list":{"0":"post-936","1":"product","2":"type-product","3":"status-publish","4":"has-post-thumbnail","6":"product_cat-flores-preservadas","7":"product_cat-san-valentin","9":"first","10":"instock","11":"taxable","12":"shipping-taxable","13":"purchasable","14":"product-type-simple"},"_links":{"self":[{"href":"https:\/\/sueca13flores.com\/fr\/wp-json\/wp\/v2\/product\/936","targetHints":{"allow":["GET"]}}],"collection":[{"href":"https:\/\/sueca13flores.com\/fr\/wp-json\/wp\/v2\/product"}],"about":[{"href":"https:\/\/sueca13flores.com\/fr\/wp-json\/wp\/v2\/types\/product"}],"replies":[{"embeddable":true,"href":"https:\/\/sueca13flores.com\/fr\/wp-json\/wp\/v2\/comments?post=936"}],"wp:featuredmedia":[{"embeddable":true,"href":"https:\/\/sueca13flores.com\/fr\/wp-json\/wp\/v2\/media\/937"}],"wp:attachment":[{"href":"https:\/\/sueca13flores.com\/fr\/wp-json\/wp\/v2\/media?parent=936"}],"wp:term":[{"taxonomy":"product_brand","embeddable":true,"href":"https:\/\/sueca13flores.com\/fr\/wp-json\/wp\/v2\/product_brand?post=936"},{"taxonomy":"product_cat","embeddable":true,"href":"https:\/\/sueca13flores.com\/fr\/wp-json\/wp\/v2\/product_cat?post=936"},{"taxonomy":"product_tag","embeddable":true,"href":"https:\/\/sueca13flores.com\/fr\/wp-json\/wp\/v2\/product_tag?post=936"}],"curies":[{"name":"wp","href":"https:\/\/api.w.org\/{rel}","templated":true}]}}