{"id":943,"date":"2024-02-11T19:16:42","date_gmt":"2024-02-11T18:16:42","guid":{"rendered":"https:\/\/sueca13flores.com\/?post_type=product&#038;p=943"},"modified":"2026-02-19T17:32:29","modified_gmt":"2026-02-19T16:32:29","slug":"rose-rouge-conservee","status":"publish","type":"product","link":"https:\/\/sueca13flores.com\/fr\/produit\/rose-rouge-conservee\/","title":{"rendered":"Rose rouge conserv\u00e9e"},"content":{"rendered":"","protected":false},"excerpt":{"rendered":"<p><span style=\"vertical-align: inherit;\"><span style=\"vertical-align: inherit;\">Fantastique rose rouge conserv\u00e9e pour t\u00e9moigner de votre amour \u00e9ternel.<\/span><\/span><\/p>\n<p><span style=\"vertical-align: inherit;\"><span style=\"vertical-align: inherit;\">Gr\u00e2ce \u00e0 la lyophilisation, il reste excellent ann\u00e9e apr\u00e8s ann\u00e9e. <\/span><span style=\"vertical-align: inherit;\">\u00c9viter la lumi\u00e8re directe du soleil et l'humidit\u00e9.<\/span><\/span><\/p>\n<p><span style=\"vertical-align: inherit;\"><span style=\"vertical-align: inherit;\">Le destinataire recevra un t\u00e9moignage d'amour durable et passionn\u00e9.<\/span><\/span><\/p>\n<p><span style=\"vertical-align: inherit;\"><span style=\"vertical-align: inherit;\">Vous pouvez ajouter une d\u00e9dicace gratuite. <\/span><span style=\"vertical-align: inherit;\">La rose est livr\u00e9e envelopp\u00e9e dans un papier d\u00e9coratif de haute qualit\u00e9 et un ruban de raphia.<\/span><\/span><\/p>","protected":false},"featured_media":944,"comment_status":"open","ping_status":"closed","template":"","meta":[],"product_brand":[],"product_cat":[41,21],"product_tag":[],"class_list":{"0":"post-943","1":"product","2":"type-product","3":"status-publish","4":"has-post-thumbnail","6":"product_cat-dia-de-la-mujer","7":"product_cat-flores-preservadas","9":"first","10":"instock","11":"taxable","12":"shipping-taxable","13":"purchasable","14":"product-type-simple"},"_links":{"self":[{"href":"https:\/\/sueca13flores.com\/fr\/wp-json\/wp\/v2\/product\/943","targetHints":{"allow":["GET"]}}],"collection":[{"href":"https:\/\/sueca13flores.com\/fr\/wp-json\/wp\/v2\/product"}],"about":[{"href":"https:\/\/sueca13flores.com\/fr\/wp-json\/wp\/v2\/types\/product"}],"replies":[{"embeddable":true,"href":"https:\/\/sueca13flores.com\/fr\/wp-json\/wp\/v2\/comments?post=943"}],"wp:featuredmedia":[{"embeddable":true,"href":"https:\/\/sueca13flores.com\/fr\/wp-json\/wp\/v2\/media\/944"}],"wp:attachment":[{"href":"https:\/\/sueca13flores.com\/fr\/wp-json\/wp\/v2\/media?parent=943"}],"wp:term":[{"taxonomy":"product_brand","embeddable":true,"href":"https:\/\/sueca13flores.com\/fr\/wp-json\/wp\/v2\/product_brand?post=943"},{"taxonomy":"product_cat","embeddable":true,"href":"https:\/\/sueca13flores.com\/fr\/wp-json\/wp\/v2\/product_cat?post=943"},{"taxonomy":"product_tag","embeddable":true,"href":"https:\/\/sueca13flores.com\/fr\/wp-json\/wp\/v2\/product_tag?post=943"}],"curies":[{"name":"wp","href":"https:\/\/api.w.org\/{rel}","templated":true}]}}