{"id":982,"date":"2024-02-11T22:25:44","date_gmt":"2024-02-11T21:25:44","guid":{"rendered":"https:\/\/sueca13flores.com\/?post_type=product&#038;p=982"},"modified":"2026-02-19T17:30:03","modified_gmt":"2026-02-19T16:30:03","slug":"sac-a-fleurs-rose","status":"publish","type":"product","link":"https:\/\/sueca13flores.com\/fr\/produit\/sac-a-fleurs-rose\/","title":{"rendered":"Sac \u00e0 fleurs rose"},"content":{"rendered":"","protected":false},"excerpt":{"rendered":"<p>&nbsp;<\/p>\n<p>&nbsp;<\/p>\n<p><span style=\"vertical-align: inherit;\"><span style=\"vertical-align: inherit;\">Une bo\u00eete romantique d\u00e9cor\u00e9e en papier kraft avec des fleurs fra\u00eeches aux tons doux et chauds, telles que des gerberas, des roses, des alstrom\u00e9lias et des verdures assorties. <\/span><span style=\"vertical-align: inherit;\">Un cadeau imbattable pour dire je t'aime.<\/span><\/span><\/p>\n<p><span style=\"vertical-align: inherit;\"><span style=\"vertical-align: inherit;\">Une touche d\u00e9contract\u00e9e et moderne qui s'\u00e9loigne des bouquets de fleurs pour montrer tout le charme des fleurs naturelles dans des bo\u00eetes sp\u00e9ciales pour la Saint-Valentin.<\/span><\/span><\/p>\n<p><span style=\"vertical-align: inherit;\"><span style=\"vertical-align: inherit;\">Certaines fleurs peuvent varier en fonction de la disponibilit\u00e9, mais sans perdre le style et la couleur pr\u00e9dominants de l'arrangement floral.<\/span><\/span><\/p>\n<p><span style=\"vertical-align: inherit;\"><span style=\"vertical-align: inherit;\">Vous pouvez ajouter une br\u00e8ve d\u00e9dicace gratuite dans les commentaires.<\/span><\/span><\/p>\n<p><span style=\"vertical-align: inherit;\"><span style=\"vertical-align: inherit;\">L'amour est dans l'air....<\/span><\/span><\/p>","protected":false},"featured_media":983,"comment_status":"open","ping_status":"closed","template":"","meta":[],"product_brand":[],"product_cat":[38],"product_tag":[],"class_list":{"0":"post-982","1":"product","2":"type-product","3":"status-publish","4":"has-post-thumbnail","6":"product_cat-centros-y-cestas-de-flores","8":"first","9":"instock","10":"taxable","11":"shipping-taxable","12":"purchasable","13":"product-type-simple"},"_links":{"self":[{"href":"https:\/\/sueca13flores.com\/fr\/wp-json\/wp\/v2\/product\/982","targetHints":{"allow":["GET"]}}],"collection":[{"href":"https:\/\/sueca13flores.com\/fr\/wp-json\/wp\/v2\/product"}],"about":[{"href":"https:\/\/sueca13flores.com\/fr\/wp-json\/wp\/v2\/types\/product"}],"replies":[{"embeddable":true,"href":"https:\/\/sueca13flores.com\/fr\/wp-json\/wp\/v2\/comments?post=982"}],"wp:featuredmedia":[{"embeddable":true,"href":"https:\/\/sueca13flores.com\/fr\/wp-json\/wp\/v2\/media\/983"}],"wp:attachment":[{"href":"https:\/\/sueca13flores.com\/fr\/wp-json\/wp\/v2\/media?parent=982"}],"wp:term":[{"taxonomy":"product_brand","embeddable":true,"href":"https:\/\/sueca13flores.com\/fr\/wp-json\/wp\/v2\/product_brand?post=982"},{"taxonomy":"product_cat","embeddable":true,"href":"https:\/\/sueca13flores.com\/fr\/wp-json\/wp\/v2\/product_cat?post=982"},{"taxonomy":"product_tag","embeddable":true,"href":"https:\/\/sueca13flores.com\/fr\/wp-json\/wp\/v2\/product_tag?post=982"}],"curies":[{"name":"wp","href":"https:\/\/api.w.org\/{rel}","templated":true}]}}