{"id":326,"date":"2021-01-31T21:52:14","date_gmt":"2021-01-31T20:52:14","guid":{"rendered":"https:\/\/sueca13flores.com\/?page_id=326"},"modified":"2024-10-14T10:44:33","modified_gmt":"2024-10-14T08:44:33","slug":"wettelijke-kennisgeving","status":"publish","type":"page","link":"https:\/\/sueca13flores.com\/nl\/wettelijke-kennisgeving\/","title":{"rendered":"Wettelijke kennisgeving"},"content":{"rendered":"<p>Welkom bij de Bedrijfsregels en Algemene Inkoopvoorwaarden van de Sueca13 online shop.<\/p>\n\n\n\n<ol class=\"wp-block-list\"><li>Algemene aankoop- en acceptatievoorwaarden<\/li><li>Aard van de online winkel<\/li><li>Online winkelen<ol><li>Productassortiment en prijsimplementatie<\/li><li>De aankoop doen<\/li><li>Ordervoorbereiding en distributie<\/li><li>Levering en retourneren van bestellingen<\/li><li>Betaalmethoden<\/li><li>Vertrouwelijkheid en veiligheid<\/li><\/ol><\/li><li>Overmacht<\/li><li>Toepasselijk recht en jurisdictie<\/li><\/ol>\n\n\n\n<p><\/p>\n\n\n\n<h2 class=\"wp-block-heading\"><strong>1. Algemene aankoop- en acceptatievoorwaarden<\/strong><\/h2>\n\n\n\n<p>Deze algemene aankoop- en acceptatievoorwaarden regelen de aankoop via onze website www.https:\/\/sueca13flores.com\/.<br>De identificatiegegevens van de persoon die verantwoordelijk is voor de winkel zijn:<br><br>FERNANDO JAVIER QUIROZ ARANDA<\/p>\n\n\n\n<p>C\/ SUECA, 13 PTA 8 PISO 4 <\/p>\n\n\n\n<p>CP 46006 VALENCIA<\/p>\n\n\n\n<p>BTW-NUMMER: 24464233-F<\/p>\n\n\n\n<p>Bij aankoop in de winkel heeft de klant de mogelijkheid om de Algemene Voorwaarden van de online shop te raadplegen op https:\/\/sueca13flores.com\/.<\/p>\n\n\n\n<h2 class=\"wp-block-heading\"><strong>2. Aard van de online winkel.<\/strong><\/h2>\n\n\n\n<p>De shop is gericht op eindconsumenten, in de zin van Wet 26\/1984, van 19 juli, algemene wet voor de verdediging van consumenten en gebruikers, en voor het gebruik of verbruik van de klant of van personen namens wie de klant wettelijk bevoegd moet zijn om te handelen. Daarom zijn de diensten van de winkel aan groothandelaren, distributeurs, inkoopcentrales, warenhuizen en andere professionele tussenpersonen uitgesloten.<\/p>\n\n\n\n<p>Krachtens het bovenstaande is de wederverkoop van producten die via de online shop zijn gekocht, strikt verboden.<\/p>\n\n\n\n<p><a href=\"https:\/\/sueca13flores.com\/nl\/\">https:\/\/sueca13flores.com\/<\/a> behoudt zich het recht voor om op elk moment en zonder voorafgaande kennisgeving de presentatie en configuratie van de shop eenzijdig te wijzigen en de toegang ertoe tijdelijk of permanent op te schorten.<\/p>\n\n\n\n<h2 class=\"wp-block-heading\"><strong>3. Online winkelwerking<\/strong><\/h2>\n\n\n\n<h3 class=\"wp-block-heading\"><strong>3.1 Registreren in de winkel.<\/strong><\/h3>\n\n\n\n<p>De klant die op de website koopt, wordt geregistreerd door het formulier in te vullen dat op het scherm wordt weergegeven op het moment dat de aankoop wordt gesloten. Vanaf dat moment is hij\/zij een klant van <a href=\"https:\/\/sueca13flores.com\/nl\/\">https:\/\/sueca13flores.com\/<\/a> en je wordt opgenomen in onze internetklantendatabase. Je zult altijd toegang hebben tot alle diensten die je nu op de website vindt en andere die in de toekomst kunnen verschijnen. Zodra je je hebt geregistreerd, ontvang je via e-mail het bewijs van registratie met al je gegevens en het aankoopbewijs en kun je profiteren van alle voordelen die klanten hebben van <a href=\"https:\/\/sueca13flores.com\/nl\/\">https:\/\/sueca13flores.com\/<\/a>.<\/p>\n\n\n\n<p>In elk geval, <a href=\"https:\/\/sueca13flores.com\/nl\/\">https:\/\/sueca13flores.com\/<\/a> informeert haar gebruikers dat zij bij elke aankoop een transactie-e-mail ontvangen met de bevestiging van de aankoop van de producten en de bevestiging van de betaling. We kunnen ook contact opnemen met de gebruiker om hem te informeren over wijzigingen of nieuwe ontwikkelingen met betrekking tot zijn bestelling.<\/p>\n\n\n\n<p>Aan de andere kant, <a href=\"https:\/\/sueca13flores.com\/nl\/\">https:\/\/sueca13flores.com\/<\/a> kan commerci\u00eble berichten sturen in verband met de producten of diensten die zij aanbiedt, op voorwaarde dat u hiermee uitdrukkelijk en specifiek hebt ingestemd door het hiervoor bestemde vakje aan te vinken of door enige andere uitdrukkelijke toestemming.<\/p>\n\n\n\n<p>Vanwege de aard van de producten die we in onze winkel verkopen (bloemen en planten om cadeau te geven) is het heel belangrijk om zoveel mogelijk informatie te hebben, zoals adressen en telefoonnummers, zodat we eventuele onvoorziene gebeurtenissen zo snel en veilig mogelijk kunnen oplossen, zowel bij het voorbereiden van de bestelling als bij de levering.<\/p>\n\n\n\n<p>De klant kan altijd gebruik maken van het recht om zijn gegevens te wijzigen of te annuleren door een e-mail te sturen naar <a href=\"mailto:floressueca13@gmail.com\">floressueca13@gmail.com<\/a> of door te bellen naar 612483363.<\/p>\n\n\n\n<h3 class=\"wp-block-heading\"><strong>3.2. Productassortiment en prijsimplementatie<\/strong><\/h3>\n\n\n\n<p><a href=\"https:\/\/ sueca13flores.com\">https:\/\/ sueca13flores.com<\/a> biedt een breed assortiment bloemen, planten, allerlei soorten composities en accessoires. Klanten kunnen ze kopen vanaf hun computer zonder dat ze ergens naartoe hoeven.<\/p>\n\n\n\n<p><a href=\"https:\/\/sueca13flores.com\/nl\/\">https:\/\/sueca13flores.com\/<\/a> willen je graag informeren dat de afbeelding van de producten die in de online shop worden getoond enigszins kunnen afwijken in de levering, omdat deze producten handgemaakt en natuurlijk zijn. Hoewel we ze maken met hetzelfde patroon als op de website, zal het niet altijd exact zijn.<\/p>\n\n\n\n<p>Echter, <a href=\"https:\/\/sueca13flores.com\/nl\/\">https:\/\/sueca13flores.com\/<\/a> garandeert de hoeveelheden bloemen en plantgroottes zoals aangegeven in de online shop.<\/p>\n\n\n\n<p>De prijzen van de producten in de winkel zijn telkens inclusief de toepasselijke btw. Verse bloemen, planten en accessoires (vazen, knuffels...) zijn 21% en chocolade 10%.<\/p>\n\n\n\n<p>Alle productprijzen worden altijd aangegeven in euro's.<\/p>\n\n\n\n<p><a href=\"https:\/\/sueca13flores.com\/nl\/\">https:\/\/sueca13flores.com\/<\/a> behoudt zich het recht voor om op elk moment en zonder voorafgaande kennisgeving de prijzen van de getoonde producten eenzijdig te wijzigen, de verkoop ervan op te schorten of ze tijdelijk of definitief te annuleren.<\/p>\n\n\n\n<h3 class=\"wp-block-heading\"><strong>3.3 Realisatie van de aankoop<\/strong><\/h3>\n\n\n\n<p>In onze winkel vind je alle producten die op die dag beschikbaar zijn.<\/p>\n\n\n\n<p>Elke dag worden producten die niet op voorraad zijn of buiten het seizoen vallen bijgewerkt en worden nieuwe producten toegevoegd.<\/p>\n\n\n\n<p>Je kunt door de winkelmenu's navigeren tot je bij het gewenste product bent.<\/p>\n\n\n\n<p>Tot slot moet je op de knop \"Betalen\" klikken en kun je de volgende laatste stappen voltooien om de aankoop af te ronden.<\/p>\n\n\n\n<h3 class=\"wp-block-heading\"><strong>3.4 Een bestelling verzenden naar een ander deel van Spanje of de wereld.<\/strong><\/h3>\n\n\n\n<p>Als je bloemen of planten wilt versturen buiten het bezorggebied van<a href=\"https:\/\/sueca13flores.com\/nl\/\"> https:\/\/sueca13flores.com\/ <\/a>neem dan telefonisch contact met ons op via 612483363 of per e-mail via <a href=\"mailto:floressueca13@gmail.com\">floressueca13@gmail.com<\/a>.<\/p>\n\n\n\n<h3 class=\"wp-block-heading\"><strong>3.5 Ordervoorbereiding en distributie<\/strong><\/h3>\n\n\n\n<p><a href=\"https:\/\/sueca13flores.com\/nl\/\">https:\/\/sueca13flores.com\/<\/a> garandeert dat alle getoonde producten beschikbaar zijn, maar door hun aard kan het zijn dat een kleur, maat of zelfs de gewenste hoeveelheid niet beschikbaar is. In dat geval <a href=\"https:\/\/sueca13flores.com\/nl\/\">https:\/\/sueca13flores.com\/<\/a> contact opnemen met de klant om eventuele wijzigingen overeen te komen.<\/p>\n\n\n\n<p>Afhankelijk van het type aankoop worden alle bestellingen op twee manieren verdeeld:<\/p>\n\n\n\n<p>Via de middelen die beschikbaar zijn op <a href=\"https:\/\/sueca13flores.com\/nl\/\">https:\/\/sueca13flores.com<\/a><\/p>\n\n\n\n<p>Neem voor de rest van Spanje telefonisch contact met ons op via 612483363 of per e-mail.<\/p>\n\n\n\n<p>In het eerste geval kan de klant de transportverhoging voor zijn aankoop raadplegen. Deze verhoging is onderworpen aan de transporttabellen volgens de bestemming van de bestelling.<\/p>\n\n\n\n<p>In het tweede geval moet de klant telefonisch contact met ons opnemen via 612483363 of per e-mail.<\/p>\n\n\n\n<p><a href=\"https:\/\/sueca13flores.com\/nl\/\">https:\/\/sueca13flores.com\/<\/a> behoudt zich het recht voor om eenzijdig, in elk geval en zonder voorafgaande kennisgeving, de transporttarieven voor de distributie van de verkochte producten te wijzigen.<\/p>\n\n\n\n<h3 class=\"wp-block-heading\"><strong>3.6 Levering en retournering van bestellingen.<\/strong><\/h3>\n\n\n\n<h4 class=\"wp-block-heading\">a) Levering aan huis zoals door u aangegeven<\/h4>\n\n\n\n<p>Met deze optie kunnen we de bestelling leveren waar de klant dat aangeeft en in het geselecteerde tijdsvak in alle steden binnen het bezorggebied van <a href=\"https:\/\/sueca13flores.com\/nl\/\">https:\/\/sueca13flores.com\/<\/a>.<\/p>\n\n\n\n<p>Thuisbezorging wordt uitgevoerd door externe bezorgers of door ons eigen personeel, dat getraind is in het omgaan met bloemen en planten.<\/p>\n\n\n\n<p>Voor leveringen buiten het verzorgingsgebied van <a href=\"https:\/\/sueca13flores.com\/nl\/\">https:\/\/sueca13flores.com\/<\/a>Neem telefonisch contact met ons op via 612483363 of per e-mail.<\/p>\n\n\n\n<p>Levertijden<\/p>\n\n\n\n<p>De levertijden van het leveringsgebied van de <a href=\"https:\/\/sueca13flores.com\/nl\/\">https:\/\/sueca13flores.com\/<\/a> is van 10:00u tot 20:00u van maandag tot vrijdag, en van 10:00u tot 14:00u op zaterdag.<\/p>\n\n\n\n<p>De levertijden voor bestellingen die rechtstreeks in onze winkel worden afgehaald, zijn tijdens kantooruren.<\/p>\n\n\n\n<p>In geen geval<a href=\"https:\/\/sueca13flores.com\/nl\/\"> https:\/\/sueca13flores.com\/ <\/a>accepteren een bezorgschema op speciale feestdagen van het jaar.<\/p>\n\n\n\n<p>Er is een optie voor \"ochtendlevering\" en \"middaglevering\".<\/p>\n\n\n\n<p>Neem voor leveringen in de rest van Spanje of in het buitenland telefonisch contact met ons op via 612483363 of per e-mail.<\/p>\n\n\n\n<p><a href=\"https:\/\/sueca13flores.com\/nl\/\">https:\/\/sueca13flores.com\/<\/a> aanvaardt geen aansprakelijkheid voor de vertraging van de levering van een bestelling wanneer deze vertraging niet rechtstreeks aan haar te wijten is, of voor gevallen van overmacht onder de voorwaarden voorzien in punt 4 van deze algemene voorwaarden.<\/p>\n\n\n\n<p>Verzendkosten.<\/p>\n\n\n\n<p>De verzendkosten vari\u00ebren afhankelijk van de bestemming van de bestelling. Het totaalbedrag wordt altijd weergegeven op de website wanneer de bestelling wordt geplaatst.<\/p>\n\n\n\n<p>Geeft<\/p>\n\n\n\n<p>In overeenstemming met de bepalingen van Artikel 103 van het Koninklijk Wetgevend Decreet 1\/2007 van 16 november van de Algemene Wet ter Verdediging van Consumenten en Gebruikers, kan de klant niet terugkeren naar <a href=\"https:\/\/sueca13flores.com\/nl\/\">https:\/\/sueca13flores.com\/<\/a> verse producten als een dergelijke retourzending niet binnen 24 uur na levering of ophalen van de bestelling plaatsvindt.<\/p>\n\n\n\n<h3 class=\"wp-block-heading\"><strong>3.7 Betalingswijzen<\/strong><\/h3>\n\n\n\n<p>Betalen kan met de volgende credit- of debitcards:<\/p>\n\n\n\n<p>Visa<br>Visa elektronisch<br>Mastercard<br>Maestro-kaart<br>4B<\/p>\n\n\n\n<p>En elke kaart die het nieuwe garantiesysteem voor \"veilig winkelen\" ondersteunt, dat onlangs is ingevoerd.<\/p>\n\n\n\n<p>We zijn voortdurend op zoek naar manieren om transacties via het internet beter te beveiligen.<\/p>\n\n\n\n<p><a href=\"https:\/\/sueca13flores.com\/nl\/\">https:\/\/sueca13flores.com\/<\/a> garandeert de totale veiligheid van je transacties, omdat het beschikt over de meest recente technologische standaarden op het gebied van beveiligingsprotocollen en -systemen.<\/p>\n\n\n\n<p><a href=\"https:\/\/sueca13flores.com\/nl\/\">https:\/\/sueca13flores.com\/<\/a> heeft nooit de informatie over je kaartnummer, Caixa Popular beheert deze informatie en geeft ons de \"ok\" voor elke betaling bij aankopen.<\/p>\n\n\n\n<p>Binnenkort wordt het systeem van \"beveiligde aankoop\" verplicht, waarbij je een geheim nummer of wachtwoord krijgt dat alleen jij mag weten voor je kaart, wat garandeert dat niemand je nummer kan gebruiken bij frauduleuze transacties.<\/p>\n\n\n\n<p>We zullen deze nieuwe dienst zeer binnenkort implementeren, los van het feit dat deze geleidelijk over een periode van 2 jaar zal worden ge\u00efmplementeerd door alle bankinstellingen over de hele wereld. Zowel in Europa, Azi\u00eb als Amerika, die hun data en deadlines voor volledige implementatie al hebben vastgesteld.<\/p>\n\n\n\n<h3 class=\"wp-block-heading\"><strong>3.8. Vertrouwelijkheid en beveiliging<\/strong><\/h3>\n\n\n\n<p><a href=\"https:\/\/sueca13flores.com\/nl\/\">https:\/\/sueca13flores.com\/<\/a> handhaaft een beleid van vertrouwelijkheid van de gegevens die door haar klanten worden verstrekt en verbindt zich ertoe de gegevens van de klanten van de online shop te beschermen.<\/p>\n\n\n\n<p>In overeenstemming met Wet 34\/2002 betreffende diensten van de informatiemaatschappij en elektronische handel en in overeenstemming met de bepalingen van Verordening (EU) 2016\/67 van het Europees Parlement en de Raad van 27 april 2016 betreffende de bescherming van persoonsgegevens, <a href=\"https:\/\/sueca13flores.com\/nl\/\">https:\/\/sueca13flores.com\/<\/a> informeert de Gebruiker over het bestaan van de verwerking van persoonsgegevens.<\/p>\n\n\n\n<p>Gegevensbeheerder:<\/p>\n\n\n\n<p>AZUL ULTRAMARINO, S.L. Vennootschap met \u00e9\u00e9n aandeelhouder<br>Paseo Serra d'Espad\u00e0 nr. 6, Esc.1, Pta.5<br>46120 Alboraya ~ VALENCIA<br>FISCAAL IDENTIFICATIENUMMER B98549637<br>e-mail: <a href=\"mailto:floressueca13@gmail.com\">floressueca13@gmail.com<\/a><\/p>\n\n\n\n<p>De Gebruiker aanvaardt de opname in onze database van de gegevens die hij heeft verkregen tijdens het surfen op de website of die hij heeft verstrekt door een willekeurig formulier in te vullen, evenals van de gegevens die voortvloeien uit eventuele commerci\u00eble relaties die worden gegenereerd. De Gebruiker kan met betrekking tot de verkregen gegevens de rechten uitoefenen die zijn erkend in de nieuwe Algemene Verordening Gegevensbescherming en met name het recht op toegang, rectificatie of annulering van gegevens en het recht van verzet, evenals het recht om de toestemming voor de overdracht van zijn gegevens of voor een van de beschreven vormen van gebruik in te trekken. De in de vorige paragraaf genoemde rechten kunnen door de Gebruiker worden uitgeoefend door middel van een verzoek gericht aan<\/p>\n\n\n\n<p>FERNANDO JAVIER QUIROZ ARANDA<br>Calle Sueca, 13 pta 8 piso 4<br>46006 ~ VALENCIA<br>TIN 24464233F<\/p>\n\n\n\n<p>of door een e-mail te sturen naar het volgende adres <a href=\"mailto:floressueca13@gmail.com\">floressueca13@gmail.com<\/a><\/p>\n\n\n\n<p><a href=\"https:\/\/sueca13flores.com\/nl\/\">https:\/\/sueca13flores.com\/ <\/a>verklaart alle noodzakelijke en passende beveiligingsmaatregelen te hebben genomen in overeenstemming met de bepalingen van EU-verordening 2016\/679 tot goedkeuring van de beveiligingsmaatregelen voor geautomatiseerde bestanden die persoonsgegevens bevatten.<\/p>\n\n\n\n<p>Echter, <a href=\"https:\/\/sueca13flores.com\/nl\/\">https:\/\/sueca13flores.com\/<\/a> kan op verzoek van de bevoegde autoriteiten persoonsgegevens en andere informatie die zij via haar computersystemen in haar bezit heeft, openbaar maken overeenkomstig de wet- en regelgeving die in dit geval van toepassing is.<\/p>\n\n\n\n<p>In geen geval,<a href=\"https:\/\/sueca13flores.com\/nl\/\"> https:\/\/sueca13flores.com\/<\/a> de inhoud van dergelijke informatie bekendmaken aan marketingbedrijven en -diensten, commerci\u00eble databases en derden die zich bezighouden met reclame, massamarketinglijsten of activiteiten met betrekking tot spam en dergelijke.<\/p>\n\n\n\n<h2 class=\"wp-block-heading\"><strong>4. Overmacht<\/strong><\/h2>\n\n\n\n<p>Onder overmacht wordt bijvoorbeeld maar niet uitsluitend verstaan:<\/p>\n\n\n\n<p>I- Elke gebeurtenis die onmogelijk te voorzien is of die, voorzien of te voorzien, onvermijdelijk was.<\/p>\n\n\n\n<p>II- Fouten bij de toegang tot de verschillende webpagina's van de <a href=\"https:\/\/sueca13flores.com\/nl\/\">https:\/\/sueca13flores.com\/<\/a>.<\/p>\n\n\n\n<p>III- Fouten in de levering van elektriciteit of het telefoonnetwerk.<\/p>\n\n\n\n<p>IV- Schade veroorzaakt door derden of aanvallen op onze website (virussen, hackers, enz.) die de kwaliteit van de service be\u00efnvloeden en die niet te wijten is aan <a href=\"https:\/\/sueca13flores.com\/nl\/\">https:\/\/sueca13flores.com\/<\/a> noch aan de gebruiker.<\/p>\n\n\n\n<p>V- Storingen in de overdracht, verspreiding en opslag of verzending door derden van de producten in de online shop van https:\/\/sueca13flores.com\/.<\/p>\n\n\n\n<p>VI- Branden<\/p>\n\n\n\n<p>VII- Overstromingen of aardbevingen<\/p>\n\n\n\n<p>VIII- Stakingen of arbeidsgeschillen of andere sociale onrust die de levering van producten en daarmee de nakoming van de verplichtingen van <a href=\"https:\/\/sueca13flores.com\/nl\/\">https:\/\/sueca13flores.com\/<\/a>.<\/p>\n\n\n\n<p>IX- Tekort aan of niet-beschikbaarheid van brandstof of elektrische energie.<\/p>\n\n\n\n<p>X- Ongeluk<\/p>\n\n\n\n<p>XI- Oorlogsconflicten<\/p>\n\n\n\n<p>XII- Commerci\u00eble of andere embargo's.<\/p>\n\n\n\n<p>XIII- Vorst of droogte, waardoor bloemen of planten niet goed worden aangevoerd.<\/p>\n\n\n\n<p>XIV- Elke overheidsbepaling.<\/p>\n\n\n\n<h2 class=\"wp-block-heading\"><strong>5. Toepasselijk recht en jurisdictie<\/strong><\/h2>\n\n\n\n<p>Deze algemene aankoopvoorwaarden worden ge\u00efnterpreteerd in overeenstemming met de Spaanse wetgeving.<\/p>\n\n\n\n<p>Voor geschillenbeslechting kunt u online naar het volgende europaplatform gaan:<\/p>\n\n\n\n<p><a href=\"https:\/\/ec.europa.eu\/consumers\/odr\/main\/index.cfm?event=main.home2.show&amp;lng=ES\">https:\/\/ec.europa.eu\/consumers\/odr\/main\/index.cfm?event=main.home2.show&amp;lng=ES<\/a><\/p>\n\n\n\n<p>FERNANDO QUIROZ ARANDA<br>Calle Sueca, 13 pta 8 piso 4<br>46006 ~ VALENCIA<br>NIF 24464233-F<\/p>","protected":false},"excerpt":{"rendered":"<p>Bienvenidos a las Normas de Funcionamiento y Condiciones Generales de Compra a la tienda on-line de Sueca13. Condiciones generales de compra y aceptaci\u00f3n Naturaleza de la tienda virtual Operativa de la tienda virtual Surtido de productos y aplicaci\u00f3n de los precios Realizaci\u00f3n de la compra Preparaci\u00f3n de pedidos y su distribuci\u00f3n Entrega y devoluci\u00f3n de &#8230; <a title=\"Wettelijke kennisgeving\" class=\"read-more\" href=\"https:\/\/sueca13flores.com\/nl\/wettelijke-kennisgeving\/\" aria-label=\"Lees meer over Aviso legal\">Lees verder<\/a><\/p>","protected":false},"author":1,"featured_media":0,"parent":0,"menu_order":0,"comment_status":"closed","ping_status":"closed","template":"","meta":{"footnotes":""},"class_list":["post-326","page","type-page","status-publish"],"_links":{"self":[{"href":"https:\/\/sueca13flores.com\/nl\/wp-json\/wp\/v2\/pages\/326","targetHints":{"allow":["GET"]}}],"collection":[{"href":"https:\/\/sueca13flores.com\/nl\/wp-json\/wp\/v2\/pages"}],"about":[{"href":"https:\/\/sueca13flores.com\/nl\/wp-json\/wp\/v2\/types\/page"}],"author":[{"embeddable":true,"href":"https:\/\/sueca13flores.com\/nl\/wp-json\/wp\/v2\/users\/1"}],"replies":[{"embeddable":true,"href":"https:\/\/sueca13flores.com\/nl\/wp-json\/wp\/v2\/comments?post=326"}],"version-history":[{"count":10,"href":"https:\/\/sueca13flores.com\/nl\/wp-json\/wp\/v2\/pages\/326\/revisions"}],"predecessor-version":[{"id":553,"href":"https:\/\/sueca13flores.com\/nl\/wp-json\/wp\/v2\/pages\/326\/revisions\/553"}],"wp:attachment":[{"href":"https:\/\/sueca13flores.com\/nl\/wp-json\/wp\/v2\/media?parent=326"}],"curies":[{"name":"wp","href":"https:\/\/api.w.org\/{rel}","templated":true}]}}