{"id":639,"date":"2023-06-07T13:34:48","date_gmt":"2023-06-07T11:34:48","guid":{"rendered":"https:\/\/sueca13flores.com\/?page_id=639"},"modified":"2023-06-16T12:12:51","modified_gmt":"2023-06-16T10:12:51","slug":"workshops-en-activiteiten","status":"publish","type":"page","link":"https:\/\/sueca13flores.com\/nl\/workshops-en-activiteiten\/","title":{"rendered":"Workshops en activiteiten\u00a0"},"content":{"rendered":"<p>Ontdek je passie voor bloemen en handgemaakte bloemencreaties.<\/p>\n<p>Met onze workshops maak je je creativiteit wakker en kom je in contact met natuurlijke materialen, die je zintuigen zullen prikkelen.<\/p>\n<p>We houden het hele jaar door groepsworkshops, van terraria, kokedama's en kerstkransen tot bloementechnieken voor het samenstellen van verse en geconserveerde bloemstukjes.<\/p>\n<p>We hebben een speciale sectie voor workshops voor kinderen. Je kunt onze kinderworkshops boeken als verjaardagscadeau, voor een besloten groepsfeest of houd de sociale media in de gaten voor de groepsworkshops die we met Pasen, Kerstmis en Halloween organiseren.<\/p>\n<p>In onze workshops leer je hoe je de juiste bloemen selecteert, kleuren en texturen combineert en vakkundig gebruikmaakt van bloemengereedschap. Elke workshop is een kans om je creatieve kant te verkennen en de kunst van het werken met bloemen op een unieke manier te ontdekken.<\/p>\n<p>Naast het leren van florale vaardigheden, bieden onze workshops ook een verrijkende en leuke ervaring. Je ontmoet andere bloemenliefhebbers, deelt idee\u00ebn en geniet van een warme en vriendelijke sfeer. Tijdens de workshops serveren we een glas biologische wijn en huisgemaakte kroketten uit de buurt.<\/p>\n<p>Vraag ons naar onze uitgebreide selectie bloemschikworkshops, van individuele lessen tot besloten groepsevenementen. We bieden ook seizoensgebonden themaworkshops aan waar je kunt leren hoe je bloemstukken maakt voor Kerstmis, bruiloften, Valentijnsdag en nog veel meer. Laat je fantasie de vrije loop en vind de perfecte bloemschikworkshop voor jou!<\/p>\n<p>We zijn toegewijd aan uw tevredenheid en succes in onze workshops. Daarom streven we ernaar om een leerzame en opwindende ervaring te bieden die je inspireert om de wereld van bloemen te blijven ontdekken. Ons doel is dat je onze workshops verlaat met nieuwe vaardigheden, zelfvertrouwen en een hernieuwde passie voor de schoonheid van bloemen.<\/p>\n<p>Mis de kans niet om samen met ons de wondere wereld van de florale workshops te ontdekken. Boek je priv\u00e9 bloemenworkshop via onze <a href=\"https:\/\/sueca13flores.com\/nl\/neem-contact-op-met\/\"><strong>contactformulier<\/strong><\/a>of per telefoon, en nodig vrienden, collega's, familie .... uit en maak je klaar om jezelf onder te dompelen in een unieke bloemenervaring. Wek je creativiteit en laat je handen schoonheid cre\u00ebren met onze bloemen!\"<\/p>\n<p>&nbsp;<\/p>\n<div id='gallery-1' class='gallery galleryid-639 gallery-columns-2 gallery-size-medium'><figure class='gallery-item'>\n\t\t\t<div class='gallery-icon portrait'>\n\t\t\t\t<a href='https:\/\/sueca13flores.com\/nl\/workshops-en-activiteiten\/20221029_114223\/#main'><img loading=\"lazy\" decoding=\"async\" width=\"225\" height=\"300\" src=\"https:\/\/sueca13flores.com\/wp-content\/uploads\/2023\/06\/20221029_114223-225x300.jpg\" class=\"attachment-medium size-medium\" alt=\"\" aria-describedby=\"gallery-1-707\" srcset=\"https:\/\/sueca13flores.com\/wp-content\/uploads\/2023\/06\/20221029_114223-225x300.jpg 225w, https:\/\/sueca13flores.com\/wp-content\/uploads\/2023\/06\/20221029_114223-scaled-600x800.jpg 600w, https:\/\/sueca13flores.com\/wp-content\/uploads\/2023\/06\/20221029_114223-768x1024.jpg 768w, https:\/\/sueca13flores.com\/wp-content\/uploads\/2023\/06\/20221029_114223-1152x1536.jpg 1152w, https:\/\/sueca13flores.com\/wp-content\/uploads\/2023\/06\/20221029_114223-1536x2048.jpg 1536w, https:\/\/sueca13flores.com\/wp-content\/uploads\/2023\/06\/20221029_114223-scaled.jpg 1920w\" sizes=\"auto, (max-width: 225px) 100vw, 225px\" \/><\/a>\n\t\t\t<\/div>\n\t\t\t\t<figcaption class='wp-caption-text gallery-caption' id='gallery-1-707'>\n\t\t\t\tHalloweenworkshop voor kinderen\n\t\t\t\t<\/figcaption><\/figure><figure class='gallery-item'>\n\t\t\t<div class='gallery-icon portrait'>\n\t\t\t\t<a href='https:\/\/sueca13flores.com\/nl\/workshops-en-activiteiten\/20221126_114719\/#main'><img loading=\"lazy\" decoding=\"async\" width=\"225\" height=\"300\" src=\"https:\/\/sueca13flores.com\/wp-content\/uploads\/2023\/06\/20221126_114719-225x300.jpg\" class=\"attachment-medium size-medium\" alt=\"\" aria-describedby=\"gallery-1-708\" srcset=\"https:\/\/sueca13flores.com\/wp-content\/uploads\/2023\/06\/20221126_114719-225x300.jpg 225w, https:\/\/sueca13flores.com\/wp-content\/uploads\/2023\/06\/20221126_114719-scaled-600x800.jpg 600w, https:\/\/sueca13flores.com\/wp-content\/uploads\/2023\/06\/20221126_114719-768x1024.jpg 768w, https:\/\/sueca13flores.com\/wp-content\/uploads\/2023\/06\/20221126_114719-1152x1536.jpg 1152w, https:\/\/sueca13flores.com\/wp-content\/uploads\/2023\/06\/20221126_114719-1536x2048.jpg 1536w, https:\/\/sueca13flores.com\/wp-content\/uploads\/2023\/06\/20221126_114719-scaled.jpg 1920w\" sizes=\"auto, (max-width: 225px) 100vw, 225px\" \/><\/a>\n\t\t\t<\/div>\n\t\t\t\t<figcaption class='wp-caption-text gallery-caption' id='gallery-1-708'>\n\t\t\t\tKerst Workshop\n\t\t\t\t<\/figcaption><\/figure><figure class='gallery-item'>\n\t\t\t<div class='gallery-icon portrait'>\n\t\t\t\t<a href='https:\/\/sueca13flores.com\/nl\/workshops-en-activiteiten\/20221126_131054-2\/#main'><img loading=\"lazy\" decoding=\"async\" width=\"225\" height=\"300\" src=\"https:\/\/sueca13flores.com\/wp-content\/uploads\/2023\/06\/20221126_131054-1-225x300.jpg\" class=\"attachment-medium size-medium\" alt=\"\" aria-describedby=\"gallery-1-709\" srcset=\"https:\/\/sueca13flores.com\/wp-content\/uploads\/2023\/06\/20221126_131054-1-225x300.jpg 225w, https:\/\/sueca13flores.com\/wp-content\/uploads\/2023\/06\/20221126_131054-1-scaled-600x800.jpg 600w, https:\/\/sueca13flores.com\/wp-content\/uploads\/2023\/06\/20221126_131054-1-768x1024.jpg 768w, https:\/\/sueca13flores.com\/wp-content\/uploads\/2023\/06\/20221126_131054-1-1152x1536.jpg 1152w, https:\/\/sueca13flores.com\/wp-content\/uploads\/2023\/06\/20221126_131054-1-1536x2048.jpg 1536w, https:\/\/sueca13flores.com\/wp-content\/uploads\/2023\/06\/20221126_131054-1-scaled.jpg 1920w\" sizes=\"auto, (max-width: 225px) 100vw, 225px\" \/><\/a>\n\t\t\t<\/div>\n\t\t\t\t<figcaption class='wp-caption-text gallery-caption' id='gallery-1-709'>\n\t\t\t\tWorkshop Kerstkransen\n\t\t\t\t<\/figcaption><\/figure><figure class='gallery-item'>\n\t\t\t<div class='gallery-icon portrait'>\n\t\t\t\t<a href='https:\/\/sueca13flores.com\/nl\/workshops-en-activiteiten\/20221203_104734\/#main'><img loading=\"lazy\" decoding=\"async\" width=\"225\" height=\"300\" src=\"https:\/\/sueca13flores.com\/wp-content\/uploads\/2023\/06\/20221203_104734-225x300.jpg\" class=\"attachment-medium size-medium\" alt=\"\" aria-describedby=\"gallery-1-710\" srcset=\"https:\/\/sueca13flores.com\/wp-content\/uploads\/2023\/06\/20221203_104734-225x300.jpg 225w, https:\/\/sueca13flores.com\/wp-content\/uploads\/2023\/06\/20221203_104734-scaled-600x800.jpg 600w, https:\/\/sueca13flores.com\/wp-content\/uploads\/2023\/06\/20221203_104734-768x1024.jpg 768w, https:\/\/sueca13flores.com\/wp-content\/uploads\/2023\/06\/20221203_104734-1152x1536.jpg 1152w, https:\/\/sueca13flores.com\/wp-content\/uploads\/2023\/06\/20221203_104734-1536x2048.jpg 1536w, https:\/\/sueca13flores.com\/wp-content\/uploads\/2023\/06\/20221203_104734-scaled.jpg 1920w\" sizes=\"auto, (max-width: 225px) 100vw, 225px\" \/><\/a>\n\t\t\t<\/div>\n\t\t\t\t<figcaption class='wp-caption-text gallery-caption' id='gallery-1-710'>\n\t\t\t\tWorkshops Centrumstukken\n\t\t\t\t<\/figcaption><\/figure>\n\t\t<\/div>","protected":false},"excerpt":{"rendered":"<p>Descubre tu Pasi\u00f3n por las Flores y por las creaciones Florales Handmade. Con nuestros talleres despertar\u00e1s tu creatividad y estar\u00e1s en contacto con materiales naturales, que embriagar\u00e1n tus sentidos. Realizamos talleres grupales durante todo el a\u00f1o, desde terrarios, kokedamas, coronas navide\u00f1as, as\u00ed como t\u00e9cnicas florales para composici\u00f3n de centros de flor fresca y flor preservada. &#8230; <a title=\"Workshops en activiteiten\u00a0\" class=\"read-more\" href=\"https:\/\/sueca13flores.com\/nl\/workshops-en-activiteiten\/\" aria-label=\"Lees meer over Talleres y Actividades\u00a0\">Lees verder<\/a><\/p>","protected":false},"author":2,"featured_media":706,"parent":0,"menu_order":0,"comment_status":"closed","ping_status":"closed","template":"","meta":{"footnotes":""},"class_list":["post-639","page","type-page","status-publish","has-post-thumbnail"],"_links":{"self":[{"href":"https:\/\/sueca13flores.com\/nl\/wp-json\/wp\/v2\/pages\/639","targetHints":{"allow":["GET"]}}],"collection":[{"href":"https:\/\/sueca13flores.com\/nl\/wp-json\/wp\/v2\/pages"}],"about":[{"href":"https:\/\/sueca13flores.com\/nl\/wp-json\/wp\/v2\/types\/page"}],"author":[{"embeddable":true,"href":"https:\/\/sueca13flores.com\/nl\/wp-json\/wp\/v2\/users\/2"}],"replies":[{"embeddable":true,"href":"https:\/\/sueca13flores.com\/nl\/wp-json\/wp\/v2\/comments?post=639"}],"version-history":[{"count":5,"href":"https:\/\/sueca13flores.com\/nl\/wp-json\/wp\/v2\/pages\/639\/revisions"}],"predecessor-version":[{"id":739,"href":"https:\/\/sueca13flores.com\/nl\/wp-json\/wp\/v2\/pages\/639\/revisions\/739"}],"wp:featuredmedia":[{"embeddable":true,"href":"https:\/\/sueca13flores.com\/nl\/wp-json\/wp\/v2\/media\/706"}],"wp:attachment":[{"href":"https:\/\/sueca13flores.com\/nl\/wp-json\/wp\/v2\/media?parent=639"}],"curies":[{"name":"wp","href":"https:\/\/api.w.org\/{rel}","templated":true}]}}