{"id":641,"date":"2023-06-07T13:35:15","date_gmt":"2023-06-07T11:35:15","guid":{"rendered":"https:\/\/sueca13flores.com\/?page_id=641"},"modified":"2023-06-15T12:17:53","modified_gmt":"2023-06-15T10:17:53","slug":"bloemdecoraties","status":"publish","type":"page","link":"https:\/\/sueca13flores.com\/nl\/bloemdecoraties\/","title":{"rendered":"Bloemendecoratie"},"content":{"rendered":"<p>We nodigen je uit om een wereld van unieke en boeiende bloemdecoraties te ontdekken voor je evenementen, themafeesten en gastronomische ruimtes. Onze aanpak is gebaseerd op het gebruik van seizoensgebonden en lokaal geproduceerde bloemen, wanneer de vari\u00ebteit van de bloemen die je nodig hebt het toelaat, wat een frisse, authentieke en duurzame toets geeft aan elk bloemontwerp.<\/p>\n<p>We cre\u00ebren bloemendecoraties op maat en met een thema die passen bij de sfeer en stijl van je evenement. Of het nu gaat om een romantisch feest, een levendig tropisch themafeest of een elegante eetgelegenheid, wij zorgen ervoor dat elk detail jouw creatieve visie weerspiegelt.<\/p>\n<p>Wat ons onderscheidt is onze passie voor seizoensgebonden en lokaal geproduceerde bloemen. We werken nauw samen met lokale kwekers om de meest verse en mooiste bloemen voor elk seizoen te vinden. Dit garandeert niet alleen de kwaliteit van onze creaties, maar steunt ook de gemeenschap en bevordert duurzaamheid.<\/p>\n<p>We gebruiken een combinatie van seizoensbloemen, weelderig groen en aanvullende decoratieve elementen om prachtige, evenwichtige arrangementen te cre\u00ebren. We streven ernaar de natuurlijke schoonheid van elke bloem naar voren te brengen en composities te cre\u00ebren die de zintuigen prikkelen en een blijvende indruk achterlaten op je gasten.<\/p>\n<p>Onze bloemdecoratieservice voor evenementen en gastronomische locaties is sterk gepersonaliseerd. We nemen de tijd om uw smaak, voorkeuren en evenementthema te leren kennen, zodat elk bloemrijk detail perfect aansluit bij uw visie. Van middenstukken tot bloemenbogen en guirlandes, elk floraal element is ontworpen om een verhaal over te brengen en een magische sfeer te cre\u00ebren.<\/p>\n<p>Verras je gasten of klanten en cre\u00eber gedenkwaardige ervaringen met onze bloemdecoraties. Boek een persoonlijk adviesgesprek en laat ons je tonen hoe onze verse, lokaal geproduceerde bloemen je ruimtes kunnen omtoveren in een groene en evenwichtige omgeving.<\/p>\n<p>Durf het verschil te maken met onze bloemdecoraties voor evenementen en gastronomische ruimtes. Zet de schoonheid van seizoensbloemen in de kijker en steun lokale producenten terwijl je een charmante sfeer cre\u00ebert.<\/p>\n<div id='gallery-1' class='gallery galleryid-641 gallery-columns-2 gallery-size-medium'><figure class='gallery-item'>\n\t\t\t<div class='gallery-icon landscape'>\n\t\t\t\t<a href='https:\/\/sueca13flores.com\/nl\/bloemdecoraties\/afbeelding-voor-bruiloft\/#main'><img loading=\"lazy\" decoding=\"async\" width=\"300\" height=\"300\" src=\"https:\/\/sueca13flores.com\/wp-content\/uploads\/2023\/06\/imagen-para-boda-300x300.jpg\" class=\"attachment-medium size-medium\" alt=\"\" srcset=\"https:\/\/sueca13flores.com\/wp-content\/uploads\/2023\/06\/imagen-para-boda-300x300.jpg 300w, https:\/\/sueca13flores.com\/wp-content\/uploads\/2023\/06\/imagen-para-boda-100x100.jpg 100w, https:\/\/sueca13flores.com\/wp-content\/uploads\/2023\/06\/imagen-para-boda-600x600.jpg 600w, https:\/\/sueca13flores.com\/wp-content\/uploads\/2023\/06\/imagen-para-boda-150x150.jpg 150w, https:\/\/sueca13flores.com\/wp-content\/uploads\/2023\/06\/imagen-para-boda-768x768.jpg 768w, https:\/\/sueca13flores.com\/wp-content\/uploads\/2023\/06\/imagen-para-boda.jpg 921w\" sizes=\"auto, (max-width: 300px) 100vw, 300px\" \/><\/a>\n\t\t\t<\/div><\/figure><figure class='gallery-item'>\n\t\t\t<div class='gallery-icon landscape'>\n\t\t\t\t<a href='https:\/\/sueca13flores.com\/nl\/bloemdecoraties\/afbeelding-20211004-wa0003\/#main'><img loading=\"lazy\" decoding=\"async\" width=\"300\" height=\"200\" src=\"https:\/\/sueca13flores.com\/wp-content\/uploads\/2023\/06\/IMG-20211004-WA0003-300x200.jpg\" class=\"attachment-medium size-medium\" alt=\"\" srcset=\"https:\/\/sueca13flores.com\/wp-content\/uploads\/2023\/06\/IMG-20211004-WA0003-300x200.jpg 300w, https:\/\/sueca13flores.com\/wp-content\/uploads\/2023\/06\/IMG-20211004-WA0003-600x400.jpg 600w, https:\/\/sueca13flores.com\/wp-content\/uploads\/2023\/06\/IMG-20211004-WA0003-1024x683.jpg 1024w, https:\/\/sueca13flores.com\/wp-content\/uploads\/2023\/06\/IMG-20211004-WA0003-768x512.jpg 768w, https:\/\/sueca13flores.com\/wp-content\/uploads\/2023\/06\/IMG-20211004-WA0003-1536x1024.jpg 1536w, https:\/\/sueca13flores.com\/wp-content\/uploads\/2023\/06\/IMG-20211004-WA0003.jpg 2048w\" sizes=\"auto, (max-width: 300px) 100vw, 300px\" \/><\/a>\n\t\t\t<\/div><\/figure><figure class='gallery-item'>\n\t\t\t<div class='gallery-icon landscape'>\n\t\t\t\t<a href='https:\/\/sueca13flores.com\/nl\/bloemdecoraties\/afbeelding-20220612-wa0017\/#main'><img loading=\"lazy\" decoding=\"async\" width=\"300\" height=\"225\" src=\"https:\/\/sueca13flores.com\/wp-content\/uploads\/2023\/06\/IMG-20220612-WA0017-300x225.jpg\" class=\"attachment-medium size-medium\" alt=\"\" srcset=\"https:\/\/sueca13flores.com\/wp-content\/uploads\/2023\/06\/IMG-20220612-WA0017-300x225.jpg 300w, https:\/\/sueca13flores.com\/wp-content\/uploads\/2023\/06\/IMG-20220612-WA0017-600x450.jpg 600w, https:\/\/sueca13flores.com\/wp-content\/uploads\/2023\/06\/IMG-20220612-WA0017-1024x768.jpg 1024w, https:\/\/sueca13flores.com\/wp-content\/uploads\/2023\/06\/IMG-20220612-WA0017-768x576.jpg 768w, https:\/\/sueca13flores.com\/wp-content\/uploads\/2023\/06\/IMG-20220612-WA0017-1536x1152.jpg 1536w, https:\/\/sueca13flores.com\/wp-content\/uploads\/2023\/06\/IMG-20220612-WA0017.jpg 1600w\" sizes=\"auto, (max-width: 300px) 100vw, 300px\" \/><\/a>\n\t\t\t<\/div><\/figure><figure class='gallery-item'>\n\t\t\t<div class='gallery-icon landscape'>\n\t\t\t\t<a href='https:\/\/sueca13flores.com\/nl\/bloemdecoraties\/afbeelding-20220613-wa0051\/#main'><img loading=\"lazy\" decoding=\"async\" width=\"300\" height=\"225\" src=\"https:\/\/sueca13flores.com\/wp-content\/uploads\/2023\/06\/IMG-20220613-WA0051-300x225.jpg\" class=\"attachment-medium size-medium\" alt=\"\" srcset=\"https:\/\/sueca13flores.com\/wp-content\/uploads\/2023\/06\/IMG-20220613-WA0051-300x225.jpg 300w, https:\/\/sueca13flores.com\/wp-content\/uploads\/2023\/06\/IMG-20220613-WA0051-600x450.jpg 600w, https:\/\/sueca13flores.com\/wp-content\/uploads\/2023\/06\/IMG-20220613-WA0051-1024x768.jpg 1024w, https:\/\/sueca13flores.com\/wp-content\/uploads\/2023\/06\/IMG-20220613-WA0051-768x576.jpg 768w, https:\/\/sueca13flores.com\/wp-content\/uploads\/2023\/06\/IMG-20220613-WA0051-1536x1152.jpg 1536w, https:\/\/sueca13flores.com\/wp-content\/uploads\/2023\/06\/IMG-20220613-WA0051.jpg 1600w\" sizes=\"auto, (max-width: 300px) 100vw, 300px\" \/><\/a>\n\t\t\t<\/div><\/figure><figure class='gallery-item'>\n\t\t\t<div class='gallery-icon portrait'>\n\t\t\t\t<a href='https:\/\/sueca13flores.com\/nl\/bloemdecoraties\/afbeelding-20220614-wa0071\/#main'><img loading=\"lazy\" decoding=\"async\" width=\"135\" height=\"300\" src=\"https:\/\/sueca13flores.com\/wp-content\/uploads\/2023\/06\/IMG-20220614-WA0071-135x300.jpg\" class=\"attachment-medium size-medium\" alt=\"\" srcset=\"https:\/\/sueca13flores.com\/wp-content\/uploads\/2023\/06\/IMG-20220614-WA0071-135x300.jpg 135w, https:\/\/sueca13flores.com\/wp-content\/uploads\/2023\/06\/IMG-20220614-WA0071-600x1334.jpg 600w, https:\/\/sueca13flores.com\/wp-content\/uploads\/2023\/06\/IMG-20220614-WA0071-461x1024.jpg 461w, https:\/\/sueca13flores.com\/wp-content\/uploads\/2023\/06\/IMG-20220614-WA0071-768x1708.jpg 768w, https:\/\/sueca13flores.com\/wp-content\/uploads\/2023\/06\/IMG-20220614-WA0071-691x1536.jpg 691w, https:\/\/sueca13flores.com\/wp-content\/uploads\/2023\/06\/IMG-20220614-WA0071.jpg 921w\" sizes=\"auto, (max-width: 135px) 100vw, 135px\" \/><\/a>\n\t\t\t<\/div><\/figure>\n\t\t<\/div>\n\n<p>&nbsp;<\/p>","protected":false},"excerpt":{"rendered":"<p>Te animamos a descubrir un mundo de decoraciones florales \u00fanicas y cautivadoras para tus eventos, fiestas tem\u00e1ticas y espacios gastron\u00f3micos. Nuestro enfoque se basa en el uso de flores de temporada y de producci\u00f3n local, siempre que la variedad de flores que precises lo permitan, brindando un toque fresco , aut\u00e9ntico y sostenible a cada &#8230; <a title=\"Bloemendecoratie\" class=\"read-more\" href=\"https:\/\/sueca13flores.com\/nl\/bloemdecoraties\/\" aria-label=\"Lees meer over Decoraci\u00f3n Floral\">Lees verder<\/a><\/p>","protected":false},"author":2,"featured_media":728,"parent":0,"menu_order":0,"comment_status":"closed","ping_status":"closed","template":"","meta":{"footnotes":""},"class_list":["post-641","page","type-page","status-publish","has-post-thumbnail"],"_links":{"self":[{"href":"https:\/\/sueca13flores.com\/nl\/wp-json\/wp\/v2\/pages\/641","targetHints":{"allow":["GET"]}}],"collection":[{"href":"https:\/\/sueca13flores.com\/nl\/wp-json\/wp\/v2\/pages"}],"about":[{"href":"https:\/\/sueca13flores.com\/nl\/wp-json\/wp\/v2\/types\/page"}],"author":[{"embeddable":true,"href":"https:\/\/sueca13flores.com\/nl\/wp-json\/wp\/v2\/users\/2"}],"replies":[{"embeddable":true,"href":"https:\/\/sueca13flores.com\/nl\/wp-json\/wp\/v2\/comments?post=641"}],"version-history":[{"count":4,"href":"https:\/\/sueca13flores.com\/nl\/wp-json\/wp\/v2\/pages\/641\/revisions"}],"predecessor-version":[{"id":734,"href":"https:\/\/sueca13flores.com\/nl\/wp-json\/wp\/v2\/pages\/641\/revisions\/734"}],"wp:featuredmedia":[{"embeddable":true,"href":"https:\/\/sueca13flores.com\/nl\/wp-json\/wp\/v2\/media\/728"}],"wp:attachment":[{"href":"https:\/\/sueca13flores.com\/nl\/wp-json\/wp\/v2\/media?parent=641"}],"curies":[{"name":"wp","href":"https:\/\/api.w.org\/{rel}","templated":true}]}}