{"id":644,"date":"2023-06-07T13:35:49","date_gmt":"2023-06-07T11:35:49","guid":{"rendered":"https:\/\/sueca13flores.com\/?page_id=644"},"modified":"2024-10-14T10:43:44","modified_gmt":"2024-10-14T08:43:44","slug":"verhuur-van-natuurlijke-planten","status":"publish","type":"page","link":"https:\/\/sueca13flores.com\/nl\/verhuur-van-natuurlijke-planten\/","title":{"rendered":"Verhuur van natuurlijke planten"},"content":{"rendered":"<p>Transformeer je ruimtes met onze exclusieve optie om planten te huren.<\/p>\n<p>Wij bieden je de mogelijkheid om te genieten van de schoonheid en frisheid van planten op elk evenement of feest, kantoor of ruimte zonder dat je ze permanent hoeft aan te schaffen. Ontdek hoe onze plantenverhuurservice leven, stijl en een vleugje groen kan brengen in je ruimtes.<\/p>\n<p>Onze collectie huurplanten omvat een verscheidenheid aan prachtige en zorgvuldig geselecteerde opties. Van luchtzuiverende kamerplanten tot prachtige varens en elegante palmen, wij hebben de perfecte aanvulling voor elke stijl en omgeving. Of je nu op zoek bent naar \u00e9\u00e9n prachtige centrale plant of naar meerdere planten om een binnentuin te cre\u00ebren, wij hebben wat je nodig hebt.<\/p>\n<p>We bieden huuropties voor korte en lange termijn, aangepast aan je behoeften en voorkeuren. We zorgen ook voor de levering en het ophalen van de planten, zodat het proces probleemloos verloopt en je met gemak kunt genieten van de versheid en schoonheid van onze planten.<\/p>\n<p>Naast het verfraaien van je ruimtes, bieden planten ook voordelen op het gebied van gezondheid en welzijn, waardoor je een meer ontspannen en harmonieuze omgeving cre\u00ebert.<\/p>\n<p>We bieden ook persoonlijk advies om je te helpen de meest geschikte planten te kiezen op basis van je behoeften en de verlichting van je ruimtes.<\/p>\n<p>Vertrouw op onze ervaring in plantenverzorging en onze passie voor design om leven en stijl te geven aan je ruimtes met onze plantenverhuurservice.  Je kunt contact met ons opnemen<a href=\"https:\/\/sueca13flores.com\/nl\/neem-contact-op-met\/\"><strong> via het formulier<\/strong><\/a> of per telefoon, en vraag ons naar de planten die je nodig hebt en hun beschikbaarheid.<\/p>\n<p>Wacht niet langer om te genieten van de frisheid en schoonheid van planten in je interieur. Boek je plantenverhuur bij ons en ontdek hoe onze exclusieve selectie je ruimtes tot leven kan brengen. Verfraai, inspireer en cre\u00eber levendige en uitnodigende omgevingen met onze hoogwaardige plantenverhuur.<\/p>\n<div id='gallery-1' class='gallery galleryid-644 gallery-columns-2 gallery-size-medium'><figure class='gallery-item'>\n\t\t\t<div class='gallery-icon portrait'>\n\t\t\t\t<a href='https:\/\/sueca13flores.com\/nl\/verhuur-van-natuurlijke-planten\/20230524_120425\/#main'><img loading=\"lazy\" decoding=\"async\" width=\"225\" height=\"300\" src=\"https:\/\/sueca13flores.com\/wp-content\/uploads\/2023\/06\/20230524_120425-225x300.jpg\" class=\"attachment-medium size-medium\" alt=\"\" srcset=\"https:\/\/sueca13flores.com\/wp-content\/uploads\/2023\/06\/20230524_120425-225x300.jpg 225w, https:\/\/sueca13flores.com\/wp-content\/uploads\/2023\/06\/20230524_120425-scaled-600x800.jpg 600w, https:\/\/sueca13flores.com\/wp-content\/uploads\/2023\/06\/20230524_120425-768x1024.jpg 768w, https:\/\/sueca13flores.com\/wp-content\/uploads\/2023\/06\/20230524_120425-1152x1536.jpg 1152w, https:\/\/sueca13flores.com\/wp-content\/uploads\/2023\/06\/20230524_120425-1536x2048.jpg 1536w, https:\/\/sueca13flores.com\/wp-content\/uploads\/2023\/06\/20230524_120425-scaled.jpg 1920w\" sizes=\"auto, (max-width: 225px) 100vw, 225px\" \/><\/a>\n\t\t\t<\/div><\/figure><figure class='gallery-item'>\n\t\t\t<div class='gallery-icon portrait'>\n\t\t\t\t<a href='https:\/\/sueca13flores.com\/nl\/verhuur-van-natuurlijke-planten\/20230606_110350\/#main'><img loading=\"lazy\" decoding=\"async\" width=\"225\" height=\"300\" src=\"https:\/\/sueca13flores.com\/wp-content\/uploads\/2023\/06\/20230606_110350-225x300.jpg\" class=\"attachment-medium size-medium\" alt=\"\" srcset=\"https:\/\/sueca13flores.com\/wp-content\/uploads\/2023\/06\/20230606_110350-225x300.jpg 225w, https:\/\/sueca13flores.com\/wp-content\/uploads\/2023\/06\/20230606_110350-scaled-600x800.jpg 600w, https:\/\/sueca13flores.com\/wp-content\/uploads\/2023\/06\/20230606_110350-768x1024.jpg 768w, https:\/\/sueca13flores.com\/wp-content\/uploads\/2023\/06\/20230606_110350-1152x1536.jpg 1152w, https:\/\/sueca13flores.com\/wp-content\/uploads\/2023\/06\/20230606_110350-1536x2048.jpg 1536w, https:\/\/sueca13flores.com\/wp-content\/uploads\/2023\/06\/20230606_110350-scaled.jpg 1920w\" sizes=\"auto, (max-width: 225px) 100vw, 225px\" \/><\/a>\n\t\t\t<\/div><\/figure><figure class='gallery-item'>\n\t\t\t<div class='gallery-icon portrait'>\n\t\t\t\t<a href='https:\/\/sueca13flores.com\/nl\/verhuur-van-natuurlijke-planten\/20230606_110517\/#main'><img loading=\"lazy\" decoding=\"async\" width=\"225\" height=\"300\" src=\"https:\/\/sueca13flores.com\/wp-content\/uploads\/2023\/06\/20230606_110517-225x300.jpg\" class=\"attachment-medium size-medium\" alt=\"\" srcset=\"https:\/\/sueca13flores.com\/wp-content\/uploads\/2023\/06\/20230606_110517-225x300.jpg 225w, https:\/\/sueca13flores.com\/wp-content\/uploads\/2023\/06\/20230606_110517-scaled-600x800.jpg 600w, https:\/\/sueca13flores.com\/wp-content\/uploads\/2023\/06\/20230606_110517-768x1024.jpg 768w, https:\/\/sueca13flores.com\/wp-content\/uploads\/2023\/06\/20230606_110517-1152x1536.jpg 1152w, https:\/\/sueca13flores.com\/wp-content\/uploads\/2023\/06\/20230606_110517-1536x2048.jpg 1536w, https:\/\/sueca13flores.com\/wp-content\/uploads\/2023\/06\/20230606_110517-scaled.jpg 1920w\" sizes=\"auto, (max-width: 225px) 100vw, 225px\" \/><\/a>\n\t\t\t<\/div><\/figure><figure class='gallery-item'>\n\t\t\t<div class='gallery-icon portrait'>\n\t\t\t\t<a href='https:\/\/sueca13flores.com\/nl\/verhuur-van-natuurlijke-planten\/20230606_110853\/#main'><img loading=\"lazy\" decoding=\"async\" width=\"225\" height=\"300\" src=\"https:\/\/sueca13flores.com\/wp-content\/uploads\/2023\/06\/20230606_110853-225x300.jpg\" class=\"attachment-medium size-medium\" alt=\"\" srcset=\"https:\/\/sueca13flores.com\/wp-content\/uploads\/2023\/06\/20230606_110853-225x300.jpg 225w, https:\/\/sueca13flores.com\/wp-content\/uploads\/2023\/06\/20230606_110853-scaled-600x800.jpg 600w, https:\/\/sueca13flores.com\/wp-content\/uploads\/2023\/06\/20230606_110853-768x1024.jpg 768w, https:\/\/sueca13flores.com\/wp-content\/uploads\/2023\/06\/20230606_110853-1152x1536.jpg 1152w, https:\/\/sueca13flores.com\/wp-content\/uploads\/2023\/06\/20230606_110853-1536x2048.jpg 1536w, https:\/\/sueca13flores.com\/wp-content\/uploads\/2023\/06\/20230606_110853-scaled.jpg 1920w\" sizes=\"auto, (max-width: 225px) 100vw, 225px\" \/><\/a>\n\t\t\t<\/div><\/figure>\n\t\t<\/div>","protected":false},"excerpt":{"rendered":"<p>Transforma tus espacios con nuestra exclusiva opci\u00f3n de alquiler de plantas. Te ofrecemos la oportunidad de disfrutar de la belleza y frescura de las plantas en cualquier evento o celebraci\u00f3n, oficina o espacios sin la necesidad de adquirirlas permanentemente. Descubre c\u00f3mo nuestro servicio de alquiler de plantas puede dar vida, estilo y un toque verde &#8230; <a title=\"Verhuur van natuurlijke planten\" class=\"read-more\" href=\"https:\/\/sueca13flores.com\/nl\/verhuur-van-natuurlijke-planten\/\" aria-label=\"Lees meer over Alquiler de Plantas Naturales\">Lees verder<\/a><\/p>","protected":false},"author":2,"featured_media":717,"parent":0,"menu_order":0,"comment_status":"closed","ping_status":"closed","template":"","meta":{"footnotes":""},"class_list":["post-644","page","type-page","status-publish","has-post-thumbnail"],"_links":{"self":[{"href":"https:\/\/sueca13flores.com\/nl\/wp-json\/wp\/v2\/pages\/644","targetHints":{"allow":["GET"]}}],"collection":[{"href":"https:\/\/sueca13flores.com\/nl\/wp-json\/wp\/v2\/pages"}],"about":[{"href":"https:\/\/sueca13flores.com\/nl\/wp-json\/wp\/v2\/types\/page"}],"author":[{"embeddable":true,"href":"https:\/\/sueca13flores.com\/nl\/wp-json\/wp\/v2\/users\/2"}],"replies":[{"embeddable":true,"href":"https:\/\/sueca13flores.com\/nl\/wp-json\/wp\/v2\/comments?post=644"}],"version-history":[{"count":4,"href":"https:\/\/sueca13flores.com\/nl\/wp-json\/wp\/v2\/pages\/644\/revisions"}],"predecessor-version":[{"id":1224,"href":"https:\/\/sueca13flores.com\/nl\/wp-json\/wp\/v2\/pages\/644\/revisions\/1224"}],"wp:featuredmedia":[{"embeddable":true,"href":"https:\/\/sueca13flores.com\/nl\/wp-json\/wp\/v2\/media\/717"}],"wp:attachment":[{"href":"https:\/\/sueca13flores.com\/nl\/wp-json\/wp\/v2\/media?parent=644"}],"curies":[{"name":"wp","href":"https:\/\/api.w.org\/{rel}","templated":true}]}}