{"id":1271,"date":"2024-05-11T19:14:36","date_gmt":"2024-05-11T17:14:36","guid":{"rendered":"https:\/\/sueca13flores.com\/?page_id=1271"},"modified":"2024-12-04T20:18:32","modified_gmt":"2024-12-04T19:18:32","slug":"om-oss","status":"publish","type":"page","link":"https:\/\/sueca13flores.com\/sv\/om-oss\/","title":{"rendered":"Om oss"},"content":{"rendered":"<figure class=\"wp-block-image is-resized\"><img decoding=\"async\" src=\"https:\/\/sueca13flores.com\/wp-content\/uploads\/2020\/12\/2c8f3903-167d-479f-83b2-745cdd14351c.jpg\" alt=\"Ing\u00e5ng till Sueca 13\" style=\"width:500px\"\/><\/figure>\n\n\n\n\n<p>Sueca 13 \u00e4r en urban djungel i hj\u00e4rtat av Valencia, d\u00e4r du kan hitta f\u00e4rska, torkade och konserverade blommor, inomhus- och utomhusv\u00e4xter, aromatiska \u00f6rter, frukttr\u00e4d och honung.<\/p>\n\n\n\n<p>Vi g\u00f6r blomsterdekorationer f\u00f6r evenemang och workshops. Vi har hemleverans, nationella och internationella leveranser samt r\u00e5dgivning om tr\u00e4dg\u00e5rdssk\u00f6tsel och landskapsarkitektur.<\/p>\n\n\n\n\n<h2 class=\"wp-block-heading\">Tj\u00e4nster<\/h2>\n\n\n\n<p>Vilka tj\u00e4nster erbjuder vi?<\/p>\n\n\n\n<ul class=\"wp-block-list\">\n<li><a href=\"https:\/\/sueca13flores.com\/sv\/uthyrning-av-naturliga-vaxter\/\">Uthyrning av naturliga v\u00e4xter<\/a><\/li>\n\n\n\n<li><a href=\"https:\/\/sueca13flores.com\/sv\/brollop\/\">Br\u00f6llop<\/a><\/li>\n\n\n\n<li><a href=\"https:\/\/sueca13flores.com\/sv\/blomsterdekorationer\/\">Blomsterdekoration<\/a><\/li>\n\n\n\n<li><a href=\"https:\/\/sueca13flores.com\/sv\/foretag-och-evenemang\/\">F\u00f6retag och evenemang<\/a><\/li>\n\n\n\n<li><a href=\"https:\/\/sueca13flores.com\/sv\/begravningsblommor\/\">Blommor till begravning<\/a><\/li>\n\n\n\n<li><a href=\"https:\/\/sueca13flores.com\/sv\/tradgardsservice\/\">Tr\u00e4dg\u00e5rdssk\u00f6tsel<\/a><\/li>\n\n\n\n<li><a href=\"https:\/\/sueca13flores.com\/sv\/prenumerationer\/\">Prenumerationer<\/a><\/li>\n\n\n\n<li><a href=\"https:\/\/sueca13flores.com\/sv\/workshops-och-aktiviteter\/\">Workshops och aktiviteter<\/a><\/li>\n<\/ul>\n\n\n\n\n<h2 class=\"wp-block-heading\">G\u00e5 med i WhatsApp<\/h2>\n\n\n\n\n\n<figure class=\"wp-block-image is-resized\"><img decoding=\"async\" src=\"https:\/\/sueca13flores.com\/wp-content\/uploads\/2020\/12\/WhatsApp-1024x1024.jpg\" alt=\"\" style=\"width:500px\"\/><\/figure>\n\n\n\n\n\n<p>Skriv in <a href=\"https:\/\/chat.whatsapp.com\/CTYK1eQy7JwLRXToOeqP1y\">WhatsApp-grupp<\/a> f\u00f6r att f\u00e5 veckovisa nyheter om blommor och v\u00e4xter, workshops och tips om blommor.<\/p>\n\n\n\n\n<h2 class=\"wp-block-heading\">Kontakt<\/h2>\n\n\n\n<figure class=\"wp-block-image is-resized\"><img decoding=\"async\" src=\"https:\/\/sueca13flores.com\/wp-content\/uploads\/2020\/08\/18489767_1771698719807793_6112545808202871870_o-edited.jpg\" alt=\"\" style=\"width:500px\"\/><\/figure>\n\n\n\n\n<p>Kontakta oss via <a href=\"https:\/\/wa.me\/34961001455\">WhatsApp<\/a> eller via e-post till <a href=\"mailto:equipo@sueca13flores.com\">equipo@sueca13flores.com<\/a>.<\/p>\n\n\n\n\n<h2 class=\"wp-block-heading\">Sociala medier<\/h2>\n\n\n\n<figure class=\"wp-block-image is-resized\"><img decoding=\"async\" src=\"https:\/\/sueca13flores.com\/wp-content\/uploads\/2020\/08\/photography-349870_19201-edited.jpg\" alt=\"\" style=\"width:500px\"\/><\/figure>\n\n\n\n\n<p>F\u00f6lj oss p\u00e5 sociala medier:<\/p>\n\n\n\n<ul class=\"wp-block-list\">\n<li><a href=\"http:\/\/facebook.com\/sueca13\">Facebook<\/a><\/li>\n\n\n\n<li><a href=\"https:\/\/www.instagram.com\/sueca13\/\">Instagram<\/a><\/li>\n<\/ul>\n\n\n\n\n<h2 class=\"wp-block-heading\">H\u00e4r \u00e4r vi<\/h2>\n\n\n\n<p><iframe loading=\"lazy\" style=\"border: 0;\" src=\"https:\/\/www.google.com\/maps\/embed?pb=!1m18!1m12!1m3!1d3080.2859886508027!2d-0.3784465253246062!3d39.46286741314378!2m3!1f0!2f0!3f0!3m2!1i1024!2i768!4f13.1!3m3!1m2!1s0xd604f352184f547%3A0x2cbf63cbbab6d611!2sFlorister%C3%ADa%20Sueca13%3A%20Flores%20a%20domicilio%20en%20Valencia%20y%20alrededores!5e0!3m2!1sen!2sde!4v1715447869759!5m2!1sen!2sde\" width=\"600\" height=\"450\" allowfullscreen=\"allowfullscreen\"><\/iframe><\/p>\n\n\n\n<p><strong>Adress:<\/strong><br>Calle Sueca, 13, 46006 Valencia, Spanien<\/p>\n\n\n\n<p>Telefon: 612 48 33 63\/629 91 44 24<\/p>\n\n\n\n<p>Mail: <a href=\"mailto:floressueca13@gmail.com\">floressueca13@gmail.com<\/a><\/p>\n\n\n\n<p><strong>Tidtabell:<\/strong><br>M\u00e5ndag till l\u00f6rdag: 10:00 - 14:00<br>M\u00e5ndag till fredag kv\u00e4llar: 17:00 - 20:00<\/p>\n\n\n\n<h2 class=\"wp-block-heading\">Historia<\/h2>\n\n\n\n<p>Sueca 13 \u00f6ppnade sina d\u00f6rrar den 15 september 2015. Manuel och Laura dr\u00f6mde om ett livligt utrymme i hj\u00e4rtat av Ruzafa, d\u00e4r du kan hitta f\u00e4rska blommor, helst s\u00e4songsbetonade och lokalt producerade, inomhus- och utomhusv\u00e4xter fr\u00e5n lokala eller n\u00e4rliggande plantskolor, frukttr\u00e4d ... och alla typer av dekorativa tillbeh\u00f6r handgjorda med material som keramik, espartogr\u00e4s, jute, raffia.<\/p>\n\n\n\n<p>Men de letade ocks\u00e5 efter en levande plats dit de kunde komma f\u00f6r att andas lugnt, spela piano, njuta av konstutst\u00e4llningar, delta i blomsterverkst\u00e4der eller se miniteaterf\u00f6rest\u00e4llningar. En oas d\u00e4r vi kunde delta i stadsdelens liv, d\u00e4r varandet och varandet var v\u00e5rt fr\u00e4msta sk\u00e4l.<\/p>\n\n\n\n<p>N\u00e5gra \u00e5r senare har familjen f\u00f6r\u00e4ndrats. N\u00e5gra har l\u00e4mnat tillf\u00e4lligt, och andra har kommit. V\u00e4lkommen Fer! Blomsterbutikens innersta v\u00e4sen har bevarats och dess sk\u00f6nhet \u00e4r intakt. Vi \u00e4lskar v\u00e5rt arbete och vi \u00e4r lyckligt lottade som har naturen s\u00e5 n\u00e4ra inp\u00e5 oss. Vi har v\u00e5r egen stil och vi str\u00e4var efter att f\u00f6rnya oss samtidigt som vi uppr\u00e4tth\u00e5ller kvaliteten p\u00e5 v\u00e5rt arbete med blommor och v\u00e4xter. Vi l\u00e4r oss varje dag och vi str\u00e4var efter att \u00e5teruppliva k\u00e4rnan i sm\u00e5f\u00f6retag, d\u00e4r behandlingen \u00e4r m\u00e4nsklig, n\u00e4ra, varm, f\u00f6r att kunna ringa dig med ditt namn och stanna lite f\u00f6r att g\u00f6ra xarraeta.<\/p>\n\n\n\n<p>Kom och tr\u00e4ffa oss och fyll dig sj\u00e4lv med blommig och botanisk inspiration. Sm\u00e5 butiker \u00e4r hj\u00e4rtat som f\u00e5r grannskapet och staden att sl\u00e5.<\/p>\n\n\n\n<p>Du \u00e4r hemma.<\/p>\n\n\n\n<figure class=\"wp-block-image is-resized\"><img decoding=\"async\" src=\"https:\/\/sueca13flores.com\/wp-content\/uploads\/2021\/03\/sueca13-equipo-768x1024.jpg\" alt=\"Teamet Sueca13 Flores\" style=\"width:500px\"\/><\/figure>","protected":false},"excerpt":{"rendered":"<p>Tj\u00e4nster Vilka tj\u00e4nster erbjuder vi? Kontakt Sociala n\u00e4tverk H\u00e4r \u00e4r vi Adress:Calle Sueca, 13, 46006 Valencia, Spanien Telefon: 612 48 33 63\/629 91 44 24 E-post: floressueca13@gmail.com \u00d6ppettider:M\u00e5ndag till l\u00f6rdag: 10:00 - 14:00M\u00e5ndag till fredag eftermiddag: 17:00 - 20:00 Historik Sueca 13 \u00f6ppnade sina d\u00f6rrar den 15 september 2015. Manuel och Laura dr\u00f6mde om ett ... <a title=\"Om oss\" class=\"read-more\" href=\"https:\/\/sueca13flores.com\/sv\/om-oss\/\" aria-label=\"L\u00e4s mer om Om oss\">L\u00e4s mer<\/a><\/p>","protected":false},"author":2,"featured_media":0,"parent":0,"menu_order":0,"comment_status":"closed","ping_status":"closed","template":"","meta":{"footnotes":""},"class_list":["post-1271","page","type-page","status-publish"],"_links":{"self":[{"href":"https:\/\/sueca13flores.com\/sv\/wp-json\/wp\/v2\/pages\/1271","targetHints":{"allow":["GET"]}}],"collection":[{"href":"https:\/\/sueca13flores.com\/sv\/wp-json\/wp\/v2\/pages"}],"about":[{"href":"https:\/\/sueca13flores.com\/sv\/wp-json\/wp\/v2\/types\/page"}],"author":[{"embeddable":true,"href":"https:\/\/sueca13flores.com\/sv\/wp-json\/wp\/v2\/users\/2"}],"replies":[{"embeddable":true,"href":"https:\/\/sueca13flores.com\/sv\/wp-json\/wp\/v2\/comments?post=1271"}],"version-history":[{"count":33,"href":"https:\/\/sueca13flores.com\/sv\/wp-json\/wp\/v2\/pages\/1271\/revisions"}],"predecessor-version":[{"id":2408,"href":"https:\/\/sueca13flores.com\/sv\/wp-json\/wp\/v2\/pages\/1271\/revisions\/2408"}],"wp:attachment":[{"href":"https:\/\/sueca13flores.com\/sv\/wp-json\/wp\/v2\/media?parent=1271"}],"curies":[{"name":"wp","href":"https:\/\/api.w.org\/{rel}","templated":true}]}}