{"id":2884,"date":"2025-06-14T07:54:21","date_gmt":"2025-06-14T05:54:21","guid":{"rendered":"https:\/\/sueca13flores.com\/?page_id=2884"},"modified":"2025-06-26T09:16:56","modified_gmt":"2025-06-26T07:16:56","slug":"frakt-och-returpolicy","status":"publish","type":"page","link":"https:\/\/sueca13flores.com\/sv\/frakt-och-returpolicy\/","title":{"rendered":"Frakt- och returpolicy"},"content":{"rendered":"<h2 class=\"wp-block-heading\">Leverans<\/h2>\n\n\n\n<p>Vi levererar inom en till tv\u00e5 dagar eller, om du s\u00e5 \u00f6nskar, vid ett senare tillf\u00e4lle.<\/p>\n\n\n\n<h2 class=\"wp-block-heading\">Fraktkostnader<\/h2>\n\n\n\n<p>Avh\u00e4mtning i v\u00e5r butik och leverans i Ruzafa-distriktet \u00e4r kostnadsfritt.<\/p>\n\n\n\n<p>Inom Valencia har leveransen en fast kostnad p\u00e5 7 \u20ac.<\/p>\n\n\n\n<p>F\u00f6r leveranser utanf\u00f6r staden Valencia debiterar vi minst 7 \u20ac plus 1 \u20ac per kilometer.<\/p>\n\n\n\n<p>Den totala fraktkostnaden visas n\u00e4r du g\u00f6r din best\u00e4llning.<\/p>\n\n\n\n<h2 class=\"wp-block-heading\">Avkastning<\/h2>\n\n\n\n<p>Om du inte \u00e4r n\u00f6jd med din produkt, v\u00e4nligen kontakta oss. Vi kommer att hitta en l\u00f6sning.<\/p>\n\n\n\n<p>Du kan kontakta oss via e-post eller telefon.<\/p>\n\n\n\n<p>Du hittar b\u00e5da detaljerna l\u00e4ngst ner p\u00e5 webbplatsen.<\/p>","protected":false},"excerpt":{"rendered":"<p>Leverans Vi levererar inom en till tv\u00e5 dagar eller, om du s\u00e5 \u00f6nskar, vid ett senare tillf\u00e4lle. Leveranskostnader H\u00e4mtning i v\u00e5r butik och leverans i stadsdelen Ruzafa \u00e4r kostnadsfritt. Inom Valencia har leveransen en fast kostnad p\u00e5 7 \u20ac. F\u00f6r leveranser utanf\u00f6r staden ... <a title=\"Frakt- och returpolicy\" class=\"read-more\" href=\"https:\/\/sueca13flores.com\/sv\/frakt-och-returpolicy\/\" aria-label=\"L\u00e4s mer om Frakt- och returpolicy\">L\u00e4s mer<\/a><\/p>","protected":false},"author":3,"featured_media":0,"parent":0,"menu_order":0,"comment_status":"closed","ping_status":"closed","template":"","meta":{"footnotes":""},"class_list":["post-2884","page","type-page","status-publish"],"_links":{"self":[{"href":"https:\/\/sueca13flores.com\/sv\/wp-json\/wp\/v2\/pages\/2884","targetHints":{"allow":["GET"]}}],"collection":[{"href":"https:\/\/sueca13flores.com\/sv\/wp-json\/wp\/v2\/pages"}],"about":[{"href":"https:\/\/sueca13flores.com\/sv\/wp-json\/wp\/v2\/types\/page"}],"author":[{"embeddable":true,"href":"https:\/\/sueca13flores.com\/sv\/wp-json\/wp\/v2\/users\/3"}],"replies":[{"embeddable":true,"href":"https:\/\/sueca13flores.com\/sv\/wp-json\/wp\/v2\/comments?post=2884"}],"version-history":[{"count":3,"href":"https:\/\/sueca13flores.com\/sv\/wp-json\/wp\/v2\/pages\/2884\/revisions"}],"predecessor-version":[{"id":2900,"href":"https:\/\/sueca13flores.com\/sv\/wp-json\/wp\/v2\/pages\/2884\/revisions\/2900"}],"wp:attachment":[{"href":"https:\/\/sueca13flores.com\/sv\/wp-json\/wp\/v2\/media?parent=2884"}],"curies":[{"name":"wp","href":"https:\/\/api.w.org\/{rel}","templated":true}]}}