{"id":326,"date":"2021-01-31T21:52:14","date_gmt":"2021-01-31T20:52:14","guid":{"rendered":"https:\/\/sueca13flores.com\/?page_id=326"},"modified":"2024-10-14T10:44:33","modified_gmt":"2024-10-14T08:44:33","slug":"rattsligt-meddelande","status":"publish","type":"page","link":"https:\/\/sueca13flores.com\/sv\/rattsligt-meddelande\/","title":{"rendered":"R\u00e4ttsligt meddelande"},"content":{"rendered":"<p>V\u00e4lkommen till driftsreglerna och de allm\u00e4nna ink\u00f6psvillkoren f\u00f6r Sueca13:s webbutik.<\/p>\n\n\n\n<ol class=\"wp-block-list\"><li>Allm\u00e4nna villkor f\u00f6r k\u00f6p och godk\u00e4nnande<\/li><li>Typ av onlinebutik<\/li><li>Drift av onlinebutik<ol><li>Produktsortiment och prisimplementering<\/li><li>Genomf\u00f6ra k\u00f6pet<\/li><li>F\u00f6rberedelse och distribution av order<\/li><li>Leverans och retur av order<\/li><li>Betalningss\u00e4tt<\/li><li>Konfidentialitet och s\u00e4kerhet<\/li><\/ol><\/li><li>Force majeure<\/li><li>Till\u00e4mplig lag och jurisdiktion<\/li><\/ol>\n\n\n\n<p><\/p>\n\n\n\n<h2 class=\"wp-block-heading\"><strong>1. Allm\u00e4nna villkor f\u00f6r k\u00f6p och godk\u00e4nnande<\/strong><\/h2>\n\n\n\n<p>Dessa allm\u00e4nna k\u00f6p- och acceptvillkor reglerar k\u00f6p via v\u00e5r hemsida www.https:\/\/sueca13flores.com\/.<br>Identifieringsuppgifterna f\u00f6r den person som ansvarar f\u00f6r butiken \u00e4r:<br><br>FERNANDO JAVIER QUIROZ ARANDA<\/p>\n\n\n\n<p>C\/ SUECA, 13 PTA 8 PISO 4 <\/p>\n\n\n\n<p>CP 46006 VALENCIA<\/p>\n\n\n\n<p>MOMSREGISTRERINGSNUMMER: 24464233-F<\/p>\n\n\n\n<p>Vid k\u00f6p i butiken har kunden m\u00f6jlighet att ta del av de allm\u00e4nna villkoren f\u00f6r webbutiken p\u00e5 https:\/\/sueca13flores.com\/.<\/p>\n\n\n\n<h2 class=\"wp-block-heading\"><strong>2. Onlinebutikens karakt\u00e4r.<\/strong><\/h2>\n\n\n\n<p>Butiken riktar sig till slutkonsumenter i den mening som avses i lag 26\/1984 av den 19 juli, allm\u00e4n lag om skydd f\u00f6r konsumenter och anv\u00e4ndare, och f\u00f6r anv\u00e4ndning eller konsumtion av kunden eller av personer f\u00f6r vars r\u00e4kning kunden m\u00e5ste ha laglig beh\u00f6righet att agera. D\u00e4rf\u00f6r \u00e4r butikens tj\u00e4nster till grossister, distribut\u00f6rer, ink\u00f6pscentraler, varuhus och andra professionella mellanh\u00e4nder uteslutna.<\/p>\n\n\n\n<p>I kraft av ovanst\u00e5ende \u00e4r \u00e5terf\u00f6rs\u00e4ljning av produkter som k\u00f6pts via onlinebutiken str\u00e4ngt f\u00f6rbjuden.<\/p>\n\n\n\n<p><a href=\"https:\/\/sueca13flores.com\/sv\/\">https:\/\/sueca13flores.com\/<\/a> f\u00f6rbeh\u00e5ller sig r\u00e4tten att ensidigt, n\u00e4r som helst och utan f\u00f6reg\u00e5ende meddelande, \u00e4ndra butikens presentation och konfiguration, samt att tillf\u00e4lligt eller permanent st\u00e4nga av tillg\u00e5ngen till den.<\/p>\n\n\n\n<h2 class=\"wp-block-heading\"><strong>3. Drift av onlinebutik<\/strong><\/h2>\n\n\n\n<h3 class=\"wp-block-heading\"><strong>3.1 Registrera dig i butiken.<\/strong><\/h3>\n\n\n\n<p>Den kund som handlar p\u00e5 webbplatsen registreras genom att fylla i det formul\u00e4r som visas p\u00e5 sk\u00e4rmen n\u00e4r k\u00f6pet avslutas. Fr\u00e5n och med det \u00f6gonblicket kommer han\/hon att vara kund hos <a href=\"https:\/\/sueca13flores.com\/sv\/\">https:\/\/sueca13flores.com\/<\/a> och du kommer att ing\u00e5 i v\u00e5r kunddatabas f\u00f6r Internet. Du kommer alltid att kunna f\u00e5 tillg\u00e5ng till alla tj\u00e4nster som du hittar nu p\u00e5 webbplatsen och andra som kan dyka upp i framtiden. N\u00e4r du har registrerat dig f\u00e5r du via e-post ett registreringsbevis med alla dina uppgifter och en beg\u00e4ran om k\u00f6pbevis, och du kommer att kunna dra nytta av alla de f\u00f6rdelar som kunder har i form av <a href=\"https:\/\/sueca13flores.com\/sv\/\">https:\/\/sueca13flores.com\/<\/a>.<\/p>\n\n\n\n<p>I vilket fall som helst, <a href=\"https:\/\/sueca13flores.com\/sv\/\">https:\/\/sueca13flores.com\/<\/a> informerar sina anv\u00e4ndare om att n\u00e4r de g\u00f6r ett k\u00f6p kommer de att f\u00e5 ett transaktionsmeddelande via e-post med bekr\u00e4ftelse p\u00e5 k\u00f6pet av produkterna och bekr\u00e4ftelse p\u00e5 betalningen. Vi kan ocks\u00e5 komma att kontakta anv\u00e4ndaren f\u00f6r att informera om eventuella \u00e4ndringar eller ny utveckling som r\u00f6r deras best\u00e4llning.<\/p>\n\n\n\n<p>\u00c5 andra sidan.., <a href=\"https:\/\/sueca13flores.com\/sv\/\">https:\/\/sueca13flores.com\/<\/a> f\u00e5r skicka kommersiella meddelanden som r\u00f6r de produkter eller tj\u00e4nster som erbjuds, f\u00f6rutsatt att du uttryckligen och specifikt har samtyckt till detta genom att kryssa i den ruta som tillhandah\u00e5lls f\u00f6r detta \u00e4ndam\u00e5l eller genom n\u00e5got annat uttryckligt samtycke.<\/p>\n\n\n\n<p>P\u00e5 grund av karakt\u00e4ren p\u00e5 de produkter vi s\u00e4ljer i v\u00e5r butik (blommor och v\u00e4xter att skicka som g\u00e5vor) \u00e4r det mycket viktigt att ha s\u00e5 mycket information som m\u00f6jligt, till exempel adresser och telefonnummer, f\u00f6r att kunna l\u00f6sa eventuella of\u00f6rutsedda h\u00e4ndelser s\u00e5 snabbt och s\u00e4kert som m\u00f6jligt, b\u00e5de vid f\u00f6rberedelsen av best\u00e4llningen och vid leveransen.<\/p>\n\n\n\n<p>Kunden kan alltid ut\u00f6va r\u00e4tten att \u00e4ndra eller radera sina uppgifter genom att skicka ett e-postmeddelande till <a href=\"mailto:floressueca13@gmail.com\">floressueca13@gmail.com<\/a> eller genom att ringa 612483363.<\/p>\n\n\n\n<h3 class=\"wp-block-heading\"><strong>3.2. Produktsortiment och pristill\u00e4mpning<\/strong><\/h3>\n\n\n\n<p><a href=\"https:\/\/ sueca13flores.com\">https:\/\/ sueca13flores.com<\/a> erbjuder ett brett sortiment av blommor, v\u00e4xter, kompositioner av alla slag samt tillbeh\u00f6r. Kunderna kan k\u00f6pa dem fr\u00e5n sin dator utan att beh\u00f6va \u00e5ka n\u00e5gonstans.<\/p>\n\n\n\n<p><a href=\"https:\/\/sueca13flores.com\/sv\/\">https:\/\/sueca13flores.com\/<\/a> vill informera dig om att bilden av de produkter som visas i onlinebutiken kan variera n\u00e5got i leveransen eftersom dessa produkter \u00e4r handgjorda och naturliga. \u00c4ven om vi tillverkar dem med samma m\u00f6nster som det som visas p\u00e5 webbplatsen, kommer det inte alltid att vara exakt.<\/p>\n\n\n\n<p>Men.., <a href=\"https:\/\/sueca13flores.com\/sv\/\">https:\/\/sueca13flores.com\/<\/a> garanterar de kvantiteter av blommor och v\u00e4xtstorlekar som anges i onlinebutiken.<\/p>\n\n\n\n<p>Priserna p\u00e5 produkterna i butiken inkluderar till\u00e4mplig moms i varje enskilt fall. F\u00e4rska blommor, v\u00e4xter och tillbeh\u00f6r (vaser, gosedjur...) kostar 21% och choklad 10%.<\/p>\n\n\n\n<p>Alla produktpriser anges alltid i Euro.<\/p>\n\n\n\n<p><a href=\"https:\/\/sueca13flores.com\/sv\/\">https:\/\/sueca13flores.com\/<\/a> f\u00f6rbeh\u00e5ller sig r\u00e4tten att ensidigt, n\u00e4r som helst och utan f\u00f6reg\u00e5ende meddelande, \u00e4ndra priserna p\u00e5 de produkter som visas, samt att tillf\u00e4lligt eller definitivt avbryta f\u00f6rs\u00e4ljningen av dem eller st\u00e4lla in dem.<\/p>\n\n\n\n<h3 class=\"wp-block-heading\"><strong>3.3 F\u00f6rverkligande av k\u00f6pet<\/strong><\/h3>\n\n\n\n<p>I v\u00e5r butik hittar du alla produkter som \u00e4r tillg\u00e4ngliga den aktuella dagen.<\/p>\n\n\n\n<p>Varje dag uppdateras produkter som \u00e4r slut i lager eller inte l\u00e4ngre aktuella f\u00f6r s\u00e4songen och nya produkter l\u00e4ggs till.<\/p>\n\n\n\n<p>Du kommer att kunna navigera genom butiksmenyerna tills du n\u00e5r \u00f6nskad produkt.<\/p>\n\n\n\n<p>Slutligen m\u00e5ste du klicka p\u00e5 \"betala\" -knappen och du kommer att kunna slutf\u00f6ra f\u00f6ljande sista steg f\u00f6r att slutf\u00f6ra k\u00f6pet.<\/p>\n\n\n\n<h3 class=\"wp-block-heading\"><strong>3.4 Skicka en order till en annan del av Spanien eller v\u00e4rlden.<\/strong><\/h3>\n\n\n\n<p>Om du vill skicka blommor eller v\u00e4xter utanf\u00f6r leveransomr\u00e5det f\u00f6r<a href=\"https:\/\/sueca13flores.com\/sv\/\"> https:\/\/sueca13flores.com\/ <\/a>kontakta oss per telefon p\u00e5 612483363 eller per e-post p\u00e5 <a href=\"mailto:floressueca13@gmail.com\">floressueca13@gmail.com<\/a>.<\/p>\n\n\n\n<h3 class=\"wp-block-heading\"><strong>3.5 F\u00f6rberedelse och distribution av order<\/strong><\/h3>\n\n\n\n<p><a href=\"https:\/\/sueca13flores.com\/sv\/\">https:\/\/sueca13flores.com\/<\/a> garanterar att alla produkter som visas \u00e4r tillg\u00e4ngliga, men p\u00e5 grund av deras natur kan det h\u00e4nda att en f\u00e4rg, storlek eller till och med den \u00f6nskade kvantiteten inte finns tillg\u00e4nglig. I detta fall <a href=\"https:\/\/sueca13flores.com\/sv\/\">https:\/\/sueca13flores.com\/<\/a> kommer att kontakta kunden f\u00f6r att komma \u00f6verens om eventuella \u00e4ndringar.<\/p>\n\n\n\n<p>Beroende p\u00e5 typ av k\u00f6p kommer alla best\u00e4llningar att f\u00f6rdelas p\u00e5 tv\u00e5 s\u00e4tt:<\/p>\n\n\n\n<p>Genom de medel som finns tillg\u00e4ngliga p\u00e5 <a href=\"https:\/\/sueca13flores.com\/sv\/\">https:\/\/sueca13flores.com<\/a><\/p>\n\n\n\n<p>F\u00f6r \u00f6vriga Spanien, v\u00e4nligen kontakta oss per telefon p\u00e5 612483363 eller via e-post.<\/p>\n\n\n\n<p>I det f\u00f6rsta fallet kommer kunden att kunna konsultera den \u00f6kning f\u00f6r transport som deras k\u00f6p kommer att ha. Denna \u00f6kning \u00e4r f\u00f6rem\u00e5l f\u00f6r transporttabellerna enligt best\u00e4llningens destination.<\/p>\n\n\n\n<p>I det andra fallet ska kunden kontakta oss per telefon p\u00e5 612483363 eller via e-post.<\/p>\n\n\n\n<p><a href=\"https:\/\/sueca13flores.com\/sv\/\">https:\/\/sueca13flores.com\/<\/a> f\u00f6rbeh\u00e5ller sig r\u00e4tten att ensidigt, i vilket fall som helst och utan f\u00f6reg\u00e5ende meddelande, \u00e4ndra transporttarifferna f\u00f6r distribution av de s\u00e5lda produkterna.<\/p>\n\n\n\n<h3 class=\"wp-block-heading\"><strong>3.6 Leverans och \u00e5ters\u00e4ndande av order.<\/strong><\/h3>\n\n\n\n<h4 class=\"wp-block-heading\">a) Hemleverans enligt dina anvisningar<\/h4>\n\n\n\n<p>Med detta alternativ kan vi leverera best\u00e4llningen dit kunden anger oss och i den valda tidsluckan i alla de st\u00e4der som ligger inom leveransomr\u00e5det f\u00f6r <a href=\"https:\/\/sueca13flores.com\/sv\/\">https:\/\/sueca13flores.com\/<\/a>.<\/p>\n\n\n\n<p>Hemleverans sker av externa budfirmor eller av v\u00e5r egen personal som \u00e4r utbildad f\u00f6r att hantera blommor och v\u00e4xter.<\/p>\n\n\n\n<p>F\u00f6r leveranser utanf\u00f6r serviceomr\u00e5det f\u00f6r <a href=\"https:\/\/sueca13flores.com\/sv\/\">https:\/\/sueca13flores.com\/<\/a>Kontakta oss g\u00e4rna per telefon p\u00e5 612483363 eller via e-post.<\/p>\n\n\n\n<p>Leveranstider<\/p>\n\n\n\n<p>Leveransplanen f\u00f6r leveranszonen f\u00f6r <a href=\"https:\/\/sueca13flores.com\/sv\/\">https:\/\/sueca13flores.com\/<\/a> \u00e4r fr\u00e5n kl. 10.00 till 20.00 m\u00e5ndag till fredag och fr\u00e5n kl. 10.00 till 14.00 p\u00e5 l\u00f6rdagar.<\/p>\n\n\n\n<p>Leveranstider f\u00f6r best\u00e4llningar som ska h\u00e4mtas direkt i v\u00e5r butik \u00e4r under kontorstid.<\/p>\n\n\n\n<p>Under inga omst\u00e4ndigheter<a href=\"https:\/\/sueca13flores.com\/sv\/\"> https:\/\/sueca13flores.com\/ <\/a>kommer att acceptera ett leveransschema p\u00e5 speciella helgdagar under \u00e5ret.<\/p>\n\n\n\n<p>Det finns ett alternativ f\u00f6r \"morgonleverans\" och ett f\u00f6r \"eftermiddagsleverans\".<\/p>\n\n\n\n<p>F\u00f6r leveranser till \u00f6vriga Spanien eller utlandet, v\u00e4nligen kontakta oss per telefon p\u00e5 612483363 eller via e-post.<\/p>\n\n\n\n<p><a href=\"https:\/\/sueca13flores.com\/sv\/\">https:\/\/sueca13flores.com\/<\/a> tar inte p\u00e5 sig n\u00e5got ansvar f\u00f6r f\u00f6rsening av en orderleverans n\u00e4r f\u00f6rseningen inte direkt kan h\u00e4nf\u00f6ras till honom eller f\u00f6r fall av force majeure enligt de villkor som anges i punkt 4 i dessa allm\u00e4nna villkor.<\/p>\n\n\n\n<p>Fraktkostnader.<\/p>\n\n\n\n<p>Fraktkostnaderna varierar beroende p\u00e5 best\u00e4llningens destination. Det totala beloppet visas alltid p\u00e5 webbplatsen n\u00e4r best\u00e4llningen g\u00f6rs.<\/p>\n\n\n\n<p>Avkastning<\/p>\n\n\n\n<p>I enlighet med best\u00e4mmelserna i artikel 103 i det kungliga lagstiftningsdekretet 1\/2007 av den 16 november om den allm\u00e4nna lagen f\u00f6r f\u00f6rsvar av konsumenter och anv\u00e4ndare f\u00e5r kunden inte \u00e5terv\u00e4nda till <a href=\"https:\/\/sueca13flores.com\/sv\/\">https:\/\/sueca13flores.com\/<\/a> f\u00e4rska produkter om s\u00e5dan retur inte sker inom 24 timmar efter leverans eller avh\u00e4mtning av best\u00e4llningen.<\/p>\n\n\n\n<h3 class=\"wp-block-heading\"><strong>3.7 Betalningss\u00e4tt<\/strong><\/h3>\n\n\n\n<p>Betalning kan g\u00f6ras med f\u00f6ljande kredit- eller betalkort:<\/p>\n\n\n\n<p>Visum<br>Visa Electron<br>Mastercard<br>Maestro-kort<br>4B<\/p>\n\n\n\n<p>Och alla kort som st\u00f6der det nya garantisystemet \"secure shopping\", som nyligen har inf\u00f6rts.<\/p>\n\n\n\n<p>Vi unders\u00f6ker st\u00e4ndigt olika s\u00e4tt att f\u00f6rb\u00e4ttra s\u00e4kerheten vid transaktioner \u00f6ver Internet.<\/p>\n\n\n\n<p><a href=\"https:\/\/sueca13flores.com\/sv\/\">https:\/\/sueca13flores.com\/<\/a> garanterar total s\u00e4kerhet f\u00f6r dina transaktioner, eftersom det har de senaste tekniska standarderna n\u00e4r det g\u00e4ller s\u00e4kerhetsprotokoll och system.<\/p>\n\n\n\n<p><a href=\"https:\/\/sueca13flores.com\/sv\/\">https:\/\/sueca13flores.com\/<\/a> aldrig har information om ditt kortnummer, Caixa Popular hanterar denna information och ger oss \"ok\" f\u00f6r varje betalning vid k\u00f6p.<\/p>\n\n\n\n<p>Snart kommer systemet f\u00f6r \"s\u00e4kra k\u00f6p\" att vara obligatoriskt, med ett hemligt nummer eller l\u00f6senord som bara du ska k\u00e4nna till f\u00f6r ditt kort, vilket garanterar att ingen kan anv\u00e4nda ditt nummer i n\u00e5gon bedr\u00e4glig transaktion.<\/p>\n\n\n\n<p>Vi kommer att inf\u00f6ra den h\u00e4r nya tj\u00e4nsten mycket snart, oberoende av att den kommer att inf\u00f6ras gradvis under en period p\u00e5 tv\u00e5 \u00e5r av alla bankinstitut runt om i v\u00e4rlden. B\u00e5de i Europa, Asien och Amerika, som redan har fastst\u00e4llt sina datum och tidsfrister f\u00f6r fullst\u00e4ndig implementering.<\/p>\n\n\n\n<h3 class=\"wp-block-heading\"><strong>3.8. Konfidentialitet och s\u00e4kerhet<\/strong><\/h3>\n\n\n\n<p><a href=\"https:\/\/sueca13flores.com\/sv\/\">https:\/\/sueca13flores.com\/<\/a> uppr\u00e4tth\u00e5ller en policy f\u00f6r sekretess f\u00f6r de uppgifter som tillhandah\u00e5lls av sina kunder och \u00e5tar sig att skydda uppgifterna om kunderna i onlinebutiken.<\/p>\n\n\n\n<p>I enlighet med lag 34\/2002 om informationssamh\u00e4llets tj\u00e4nster och elektronisk handel och i enlighet med best\u00e4mmelserna i Europaparlamentets och r\u00e5dets f\u00f6rordning (EU) 2016\/67 av den 27 april 2016 om skydd av personuppgifter, <a href=\"https:\/\/sueca13flores.com\/sv\/\">https:\/\/sueca13flores.com\/<\/a> informerar anv\u00e4ndaren om f\u00f6rekomsten av personuppgiftsbehandling.<\/p>\n\n\n\n<p>Personuppgiftsansvarig:<\/p>\n\n\n\n<p>AZUL ULTRAMARINO, S.L. Enskilt aktie\u00e4garbolag<br>Paseo Serra d'Espad\u00e0 nr 6, Esc.1, Pta.5<br>46120 Alboraya ~ VALENCIA<br>SKATTEREGISTRERINGSNUMMER B98549637<br>e-post: <a href=\"mailto:floressueca13@gmail.com\">floressueca13@gmail.com<\/a><\/p>\n\n\n\n<p>Anv\u00e4ndaren accepterar att de uppgifter som erh\u00e5lls n\u00e4r du surfar p\u00e5 webbplatsen, eller som tillhandah\u00e5lls genom att fylla i n\u00e5got formul\u00e4r som visas, samt de som h\u00e4rr\u00f6r fr\u00e5n eventuella kommersiella relationer som kan genereras, inkluderas i v\u00e5r databas. Anv\u00e4ndaren kan, med avseende p\u00e5 de uppgifter som erh\u00e5llits, ut\u00f6va de r\u00e4ttigheter som erk\u00e4nns i den nya allm\u00e4nna dataskyddsf\u00f6rordningen och s\u00e4rskilt r\u00e4tten till tillg\u00e5ng, r\u00e4ttelse eller radering av uppgifter och inv\u00e4ndning, samt r\u00e4tten att \u00e5terkalla samtycke till \u00f6verf\u00f6ring av deras uppgifter eller f\u00f6r n\u00e5gon av de anv\u00e4ndningar som beskrivs. De r\u00e4ttigheter som avses i f\u00f6reg\u00e5ende stycke kan ut\u00f6vas av anv\u00e4ndaren genom en beg\u00e4ran som riktas till<\/p>\n\n\n\n<p>FERNANDO JAVIER QUIROZ ARANDA<br>Calle Sueca, 13 pta 8 piso 4<br>46006 ~ VALENCIA<br>TIN 24464233F<\/p>\n\n\n\n<p>eller genom att skicka ett e-postmeddelande till f\u00f6ljande adress <a href=\"mailto:floressueca13@gmail.com\">floressueca13@gmail.com<\/a><\/p>\n\n\n\n<p><a href=\"https:\/\/sueca13flores.com\/sv\/\">https:\/\/sueca13flores.com\/ <\/a>f\u00f6rklarar att den har vidtagit alla n\u00f6dv\u00e4ndiga och l\u00e4mpliga s\u00e4kerhets\u00e5tg\u00e4rder i enlighet med best\u00e4mmelserna i EU-f\u00f6rordning 2016\/679 om godk\u00e4nnande av s\u00e4kerhets\u00e5tg\u00e4rder f\u00f6r automatiserade filer som inneh\u00e5ller personuppgifter.<\/p>\n\n\n\n<p>Men.., <a href=\"https:\/\/sueca13flores.com\/sv\/\">https:\/\/sueca13flores.com\/<\/a> f\u00e5r p\u00e5 beg\u00e4ran av beh\u00f6riga myndigheter l\u00e4mna ut personuppgifter och all annan information som finns i dess datasystem, i enlighet med de lagar och f\u00f6rordningar som \u00e4r till\u00e4mpliga i detta fall.<\/p>\n\n\n\n<p>Under inga omst\u00e4ndigheter,<a href=\"https:\/\/sueca13flores.com\/sv\/\"> https:\/\/sueca13flores.com\/<\/a> l\u00e4mna ut inneh\u00e5llet i s\u00e5dan information till marknadsf\u00f6ringsf\u00f6retag och -tj\u00e4nster, kommersiella databaser och tredje parter som sysslar med reklam, massmarknadsf\u00f6ringslistor eller aktiviteter relaterade till spam och liknande.<\/p>\n\n\n\n<h2 class=\"wp-block-heading\"><strong>4. Force Majeure<\/strong><\/h2>\n\n\n\n<p>Med force majeure avses, som exempel men utan begr\u00e4nsning<\/p>\n\n\n\n<p>I- Varje h\u00e4ndelse som \u00e4r om\u00f6jlig att f\u00f6rutse eller som, om den f\u00f6ruts\u00e5gs eller kunde f\u00f6rutses, var oundviklig.<\/p>\n\n\n\n<p>II- Fel i \u00e5tkomsten till de olika webbsidorna f\u00f6r <a href=\"https:\/\/sueca13flores.com\/sv\/\">https:\/\/sueca13flores.com\/<\/a>.<\/p>\n\n\n\n<p>III- Fel i leverans av el eller telefonn\u00e4t.<\/p>\n\n\n\n<p>IV- Skador orsakade av tredje part eller angrepp p\u00e5 v\u00e5r webbplats (virus, hackare etc.) som p\u00e5verkar tj\u00e4nstens kvalitet och som inte kan h\u00e4nf\u00f6ras till <a href=\"https:\/\/sueca13flores.com\/sv\/\">https:\/\/sueca13flores.com\/<\/a> inte heller till anv\u00e4ndaren.<\/p>\n\n\n\n<p>V- Fel i \u00f6verf\u00f6ring, spridning och lagring eller leverans genom tredje part av de produkter som finns i onlinebutiken p\u00e5 https:\/\/sueca13flores.com\/.<\/p>\n\n\n\n<p>VI- Br\u00e4nder<\/p>\n\n\n\n<p>VII- \u00d6versv\u00e4mningar eller jordb\u00e4vningar<\/p>\n\n\n\n<p>VIII- Strejker eller arbetskonflikter eller andra sociala oroligheter som f\u00f6rhindrar leverans av produkter och d\u00e4rmed fullg\u00f6randet av <a href=\"https:\/\/sueca13flores.com\/sv\/\">https:\/\/sueca13flores.com\/<\/a>.<\/p>\n\n\n\n<p>IX- Brist p\u00e5 eller otillg\u00e4nglighet av br\u00e4nsle eller elektrisk kraft.<\/p>\n\n\n\n<p>X- Olycka<\/p>\n\n\n\n<p>XI- Krigskonflikter<\/p>\n\n\n\n<p>XII- Handelsembargo eller n\u00e5gon annan typ av embargo.<\/p>\n\n\n\n<p>XIII- Frost eller torka, som inte till\u00e5ter korrekt tillf\u00f6rsel av blommor eller v\u00e4xter.<\/p>\n\n\n\n<p>XIV- Alla statliga best\u00e4mmelser.<\/p>\n\n\n\n<h2 class=\"wp-block-heading\"><strong>5. Till\u00e4mplig lag och jurisdiktion<\/strong><\/h2>\n\n\n\n<p>Dessa allm\u00e4nna k\u00f6pvillkor skall tolkas i enlighet med spansk lag.<\/p>\n\n\n\n<p>F\u00f6r tvistl\u00f6sning kan du g\u00e5 online till f\u00f6ljande Europaplattform:<\/p>\n\n\n\n<p><a href=\"https:\/\/ec.europa.eu\/consumers\/odr\/main\/index.cfm?event=main.home2.show&amp;lng=ES\">https:\/\/ec.europa.eu\/consumers\/odr\/main\/index.cfm?event=main.home2.show&amp;lng=ES<\/a><\/p>\n\n\n\n<p>FERNANDO QUIROZ ARANDA<br>Calle Sueca, 13 pta 8 piso 4<br>46006 ~ VALENCIA<br>NIF 24464233-F<\/p>","protected":false},"excerpt":{"rendered":"<p>Bienvenidos a las Normas de Funcionamiento y Condiciones Generales de Compra a la tienda on-line de Sueca13. Condiciones generales de compra y aceptaci\u00f3n Naturaleza de la tienda virtual Operativa de la tienda virtual Surtido de productos y aplicaci\u00f3n de los precios Realizaci\u00f3n de la compra Preparaci\u00f3n de pedidos y su distribuci\u00f3n Entrega y devoluci\u00f3n de &#8230; <a title=\"R\u00e4ttsligt meddelande\" class=\"read-more\" href=\"https:\/\/sueca13flores.com\/sv\/rattsligt-meddelande\/\" aria-label=\"L\u00e4s mer om Aviso legal\">L\u00e4s mer<\/a><\/p>","protected":false},"author":1,"featured_media":0,"parent":0,"menu_order":0,"comment_status":"closed","ping_status":"closed","template":"","meta":{"footnotes":""},"class_list":["post-326","page","type-page","status-publish"],"_links":{"self":[{"href":"https:\/\/sueca13flores.com\/sv\/wp-json\/wp\/v2\/pages\/326","targetHints":{"allow":["GET"]}}],"collection":[{"href":"https:\/\/sueca13flores.com\/sv\/wp-json\/wp\/v2\/pages"}],"about":[{"href":"https:\/\/sueca13flores.com\/sv\/wp-json\/wp\/v2\/types\/page"}],"author":[{"embeddable":true,"href":"https:\/\/sueca13flores.com\/sv\/wp-json\/wp\/v2\/users\/1"}],"replies":[{"embeddable":true,"href":"https:\/\/sueca13flores.com\/sv\/wp-json\/wp\/v2\/comments?post=326"}],"version-history":[{"count":10,"href":"https:\/\/sueca13flores.com\/sv\/wp-json\/wp\/v2\/pages\/326\/revisions"}],"predecessor-version":[{"id":553,"href":"https:\/\/sueca13flores.com\/sv\/wp-json\/wp\/v2\/pages\/326\/revisions\/553"}],"wp:attachment":[{"href":"https:\/\/sueca13flores.com\/sv\/wp-json\/wp\/v2\/media?parent=326"}],"curies":[{"name":"wp","href":"https:\/\/api.w.org\/{rel}","templated":true}]}}