{"id":486,"date":"2021-05-13T12:49:08","date_gmt":"2021-05-13T10:49:08","guid":{"rendered":"https:\/\/sueca13flores.com\/?page_id=486"},"modified":"2023-06-12T18:19:49","modified_gmt":"2023-06-12T16:19:49","slug":"tradgardsservice","status":"publish","type":"page","link":"https:\/\/sueca13flores.com\/sv\/tradgardsservice\/","title":{"rendered":"Tr\u00e4dg\u00e5rdssk\u00f6tsel"},"content":{"rendered":"<p>Vi erbjuder en omfattande r\u00e5dgivningstj\u00e4nst f\u00f6r tr\u00e4dg\u00e5rdssk\u00f6tsel. Vi informerar dig om vilka v\u00e4xtsorter som \u00e4r b\u00e4st l\u00e4mpade f\u00f6r ditt utrymme, oavsett om det \u00e4r en terrass, balkong eller tr\u00e4dg\u00e5rd, beroende p\u00e5 hur ditt utrymme \u00e4r orienterat och dina behov av vattning och underh\u00e5ll.<\/p>\n\n\n\n<p>Vi \u00e4r specialiserade p\u00e5 installation av bevattningssystem, besk\u00e4rning av tr\u00e4d, palmer och buskar samt skadedjursbek\u00e4mpning och g\u00f6dsling.<\/p>\n\n\n\n<p>Vi ger dig r\u00e5d om urbana tr\u00e4dg\u00e5rdar, vertikala tr\u00e4dg\u00e5rdar och landskapsarkitektur.<\/p>\n\n\n\n<p>Vi tillhandah\u00e5ller kostnadsfria, icke-f\u00f6rpliktande hemuppskattningar.<\/p>\n\n\n\n<p>Kontakta oss via <a href=\"https:\/\/sueca13flores.com\/sv\/kontakt\/\" data-type=\"page\" data-id=\"272\">webbformul\u00e4r<\/a> eller per telefon s\u00e5 bokar vi en tid \u00e5t dig.<\/p>","protected":false},"excerpt":{"rendered":"<p>Ofrecemos un servicio de asesoramiento integral en jardiner\u00eda. Nos encargamos de informarte de las variedades de plantas que m\u00e1s se adec\u00faan a tu espacio, sea una terraza, balc\u00f3n o jard\u00edn, seg\u00fan la orientaci\u00f3n de tu espacio y necesidades de riego y mantenimiento. Somos especialistas en colocaci\u00f3n de sistemas de riego, en poda de \u00e1rboles, palmeras, &#8230; <a title=\"Tr\u00e4dg\u00e5rdssk\u00f6tsel\" class=\"read-more\" href=\"https:\/\/sueca13flores.com\/sv\/tradgardsservice\/\" aria-label=\"L\u00e4s mer om Servicio de Jardiner\u00eda\">L\u00e4s mer<\/a><\/p>","protected":false},"author":1,"featured_media":0,"parent":0,"menu_order":0,"comment_status":"closed","ping_status":"closed","template":"","meta":{"footnotes":""},"class_list":["post-486","page","type-page","status-publish"],"_links":{"self":[{"href":"https:\/\/sueca13flores.com\/sv\/wp-json\/wp\/v2\/pages\/486","targetHints":{"allow":["GET"]}}],"collection":[{"href":"https:\/\/sueca13flores.com\/sv\/wp-json\/wp\/v2\/pages"}],"about":[{"href":"https:\/\/sueca13flores.com\/sv\/wp-json\/wp\/v2\/types\/page"}],"author":[{"embeddable":true,"href":"https:\/\/sueca13flores.com\/sv\/wp-json\/wp\/v2\/users\/1"}],"replies":[{"embeddable":true,"href":"https:\/\/sueca13flores.com\/sv\/wp-json\/wp\/v2\/comments?post=486"}],"version-history":[{"count":9,"href":"https:\/\/sueca13flores.com\/sv\/wp-json\/wp\/v2\/pages\/486\/revisions"}],"predecessor-version":[{"id":662,"href":"https:\/\/sueca13flores.com\/sv\/wp-json\/wp\/v2\/pages\/486\/revisions\/662"}],"wp:attachment":[{"href":"https:\/\/sueca13flores.com\/sv\/wp-json\/wp\/v2\/media?parent=486"}],"curies":[{"name":"wp","href":"https:\/\/api.w.org\/{rel}","templated":true}]}}