{"id":635,"date":"2023-06-07T13:33:52","date_gmt":"2023-06-07T11:33:52","guid":{"rendered":"https:\/\/sueca13flores.com\/?page_id=635"},"modified":"2023-06-16T12:06:19","modified_gmt":"2023-06-16T10:06:19","slug":"prenumerationer","status":"publish","type":"page","link":"https:\/\/sueca13flores.com\/sv\/prenumerationer\/","title":{"rendered":"Prenumerationer"},"content":{"rendered":"<p>Uppt\u00e4ck gl\u00e4djen i att f\u00e5 f\u00e4rska blommor med v\u00e5r exklusiva blomsterprenumeration. Gl\u00e4d dina sinnen och v\u00e4ck ditt hem eller kontor till liv med vackra blomsterarrangemang som \u00e4r noggrant utvalda och levereras direkt till din d\u00f6rr.<\/p>\r\n\r\n\r\n\r\n<p>V\u00e5r blomsterprenumeration \u00e4r den perfekta presenten till dig eller n\u00e5gon speciell. V\u00e4lj en prenumeration varje vecka, varannan vecka eller varje m\u00e5nad, s\u00e5 f\u00e5r du ett i\u00f6gonfallande nytt blomsterarrangemang designat av v\u00e5ra expertflorister.<\/p>\r\n\r\n\r\n\r\n<p>Vi v\u00e4ljer s\u00e4songsbetonade och lokala blommor n\u00e4r det \u00e4r m\u00f6jligt, f\u00f6r att garantera f\u00e4rskhet och st\u00f6dja lokala blomsterproducenter i Valencia.<\/p>\r\n\r\n\r\n\r\n<p>Varje leverans blir en unik och \u00f6verraskande upplevelse, utformad f\u00f6r att fylla ditt liv med f\u00e4rg och doft.<\/p>\r\n\r\n\r\n\r\n<p>&nbsp;<\/p>\r\n\r\n\r\n\r\n<p>&nbsp;<\/p>\r\n\r\n\r\n\r\n<p>Dessutom \u00e4r v\u00e5r blomsterprenumeration helt flexibel, eftersom du kan v\u00e4lja hur l\u00e4nge du vill prenumerera, om det \u00e4r varje vecka, varannan vecka eller varje m\u00e5nad, och avsluta prenumerationen utan f\u00f6rpliktelse n\u00e4r du vill.<\/p>\r\n<p>Fyll i uppgifterna <a href=\"https:\/\/sueca13flores.com\/sv\/kontakt\/\"><strong>webbformul\u00e4r <\/strong><\/a>f\u00f6r mer information eller kontakta oss p\u00e5 telefon.<\/p>\r\n\r\n\r\n\r\n<p>Leverans i Valencia stad \u00e4r kostnadsfri.<\/p>\r\n\r\n\r\n\r\n\r\n\r\n<p>Ge dig ut p\u00e5 en of\u00f6rgl\u00f6mlig blomsterresa med v\u00e5r blomsterprenumeration och l\u00e5t blommor lysa upp ditt liv m\u00e5nad efter m\u00e5nad! Prenumerera idag och uppt\u00e4ck n\u00f6jet med att f\u00e5 f\u00e4rska blommor som alltid \u00e4r annorlunda!<\/p>\r\n\r\n\r\n\r\n<figure class=\"wp-block-image size-large\"><img loading=\"lazy\" decoding=\"async\" width=\"724\" height=\"1024\" class=\"wp-image-664\" src=\"https:\/\/sueca13flores.com\/wp-content\/uploads\/2023\/06\/SUSCRIPCION-724x1024.png\" alt=\"\" srcset=\"https:\/\/sueca13flores.com\/wp-content\/uploads\/2023\/06\/SUSCRIPCION-724x1024.png 724w, https:\/\/sueca13flores.com\/wp-content\/uploads\/2023\/06\/SUSCRIPCION-600x849.png 600w, https:\/\/sueca13flores.com\/wp-content\/uploads\/2023\/06\/SUSCRIPCION-212x300.png 212w, https:\/\/sueca13flores.com\/wp-content\/uploads\/2023\/06\/SUSCRIPCION-768x1086.png 768w, https:\/\/sueca13flores.com\/wp-content\/uploads\/2023\/06\/SUSCRIPCION-1086x1536.png 1086w, https:\/\/sueca13flores.com\/wp-content\/uploads\/2023\/06\/SUSCRIPCION-1448x2048.png 1448w, https:\/\/sueca13flores.com\/wp-content\/uploads\/2023\/06\/SUSCRIPCION.png 1587w\" sizes=\"auto, (max-width: 724px) 100vw, 724px\" \/><\/figure>","protected":false},"excerpt":{"rendered":"<p>Descubre la alegr\u00eda de recibir flores frescas con nuestra exclusiva Suscripci\u00f3n Floral. Deleita tus sentidos y dale vida a tu hogar u oficina con hermosos arreglos florales cuidadosamente seleccionados y entregados directamente en tu puerta. Nuestra Suscripci\u00f3n Floral es el regalo perfecto para ti o para alguien especial. Elige la suscripci\u00f3n semanal, quincenal o mensual, &#8230; <a title=\"Prenumerationer\" class=\"read-more\" href=\"https:\/\/sueca13flores.com\/sv\/prenumerationer\/\" aria-label=\"L\u00e4s mer om Suscripciones\">L\u00e4s mer<\/a><\/p>","protected":false},"author":2,"featured_media":0,"parent":0,"menu_order":0,"comment_status":"closed","ping_status":"closed","template":"","meta":{"footnotes":""},"class_list":["post-635","page","type-page","status-publish"],"_links":{"self":[{"href":"https:\/\/sueca13flores.com\/sv\/wp-json\/wp\/v2\/pages\/635","targetHints":{"allow":["GET"]}}],"collection":[{"href":"https:\/\/sueca13flores.com\/sv\/wp-json\/wp\/v2\/pages"}],"about":[{"href":"https:\/\/sueca13flores.com\/sv\/wp-json\/wp\/v2\/types\/page"}],"author":[{"embeddable":true,"href":"https:\/\/sueca13flores.com\/sv\/wp-json\/wp\/v2\/users\/2"}],"replies":[{"embeddable":true,"href":"https:\/\/sueca13flores.com\/sv\/wp-json\/wp\/v2\/comments?post=635"}],"version-history":[{"count":5,"href":"https:\/\/sueca13flores.com\/sv\/wp-json\/wp\/v2\/pages\/635\/revisions"}],"predecessor-version":[{"id":737,"href":"https:\/\/sueca13flores.com\/sv\/wp-json\/wp\/v2\/pages\/635\/revisions\/737"}],"wp:attachment":[{"href":"https:\/\/sueca13flores.com\/sv\/wp-json\/wp\/v2\/media?parent=635"}],"curies":[{"name":"wp","href":"https:\/\/api.w.org\/{rel}","templated":true}]}}