{"id":639,"date":"2023-06-07T13:34:48","date_gmt":"2023-06-07T11:34:48","guid":{"rendered":"https:\/\/sueca13flores.com\/?page_id=639"},"modified":"2023-06-16T12:12:51","modified_gmt":"2023-06-16T10:12:51","slug":"workshops-och-aktiviteter","status":"publish","type":"page","link":"https:\/\/sueca13flores.com\/sv\/workshops-och-aktiviteter\/","title":{"rendered":"Workshops och aktiviteter\u00a0"},"content":{"rendered":"<p>Uppt\u00e4ck din passion f\u00f6r blommor och handgjorda blomsterkreationer.<\/p>\n<p>Med v\u00e5ra workshops v\u00e4cker du din kreativitet och du kommer i kontakt med naturmaterial som berusar dina sinnen.<\/p>\n<p>Vi h\u00e5ller workshops f\u00f6r grupper under hela \u00e5ret, fr\u00e5n terrarier, kokedamas, julkransar samt blomstertekniker f\u00f6r att komponera f\u00e4rska och konserverade blomstercentr\u00e9er.<\/p>\n<p>Vi har en s\u00e4rskild avdelning f\u00f6r workshops f\u00f6r barn, du kan boka v\u00e5ra workshops f\u00f6r barn som en f\u00f6delsedagspresent, f\u00f6r ett privat gruppfirande eller h\u00e5lla utkik p\u00e5 sociala medier efter de gruppworkshops som vi anordnar under p\u00e5sk, jul och Halloween.<\/p>\n<p>I v\u00e5ra workshops f\u00e5r du l\u00e4ra dig hur du v\u00e4ljer r\u00e4tt blommor, kombinerar f\u00e4rger och texturer och anv\u00e4nder blomsterverktyg p\u00e5 ett skickligt s\u00e4tt. Varje workshop \u00e4r en m\u00f6jlighet att utforska din kreativa sida och uppt\u00e4cka konsten att arbeta med blommor p\u00e5 ett unikt s\u00e4tt.<\/p>\n<p>F\u00f6rutom att du l\u00e4r dig floristiska f\u00e4rdigheter erbjuder v\u00e5ra workshops ocks\u00e5 en berikande och rolig upplevelse. Du f\u00e5r tr\u00e4ffa andra blomsterentusiaster, utbyta id\u00e9er och njuta av en varm och v\u00e4nlig atmosf\u00e4r. Under workshopen bjuder vi p\u00e5 ett glas ekologiskt vin och hemlagade kroketter som \u00e4r gjorda i grannskapet.<\/p>\n<p>Fr\u00e5ga oss om v\u00e5rt breda utbud av blomsterworkshops, fr\u00e5n enskilda lektioner till privata gruppevenemang, vi erbjuder ocks\u00e5 workshops med s\u00e4songstema d\u00e4r du kan l\u00e4ra dig att skapa blomsterarrangemang f\u00f6r jul, br\u00f6llop, Alla hj\u00e4rtans dag och mer, l\u00e5t din fantasi fl\u00f6da och hitta den perfekta blomsterworkshopen f\u00f6r dig!<\/p>\n<p>Vi \u00e4r engagerade i att du ska vara n\u00f6jd och lyckas i v\u00e5ra workshops. Det \u00e4r d\u00e4rf\u00f6r vi str\u00e4var efter att ge en pedagogisk och sp\u00e4nnande upplevelse som inspirerar dig att forts\u00e4tta utforska blommans v\u00e4rld. V\u00e5rt m\u00e5l \u00e4r att du ska l\u00e4mna v\u00e5ra workshops med nya f\u00e4rdigheter, sj\u00e4lvf\u00f6rtroende och en f\u00f6rnyad passion f\u00f6r blommornas sk\u00f6nhet.<\/p>\n<p>Missa inte chansen att uppt\u00e4cka den underbara v\u00e4rlden av blomsterverkst\u00e4der med oss. Boka din privata blomsterworkshop genom v\u00e5r <a href=\"https:\/\/sueca13flores.com\/sv\/kontakt\/\"><strong>kontaktformul\u00e4r<\/strong><\/a>eller via telefon, och bjud in v\u00e4nner, kollegor, familj .... och g\u00f6r dig redo att f\u00f6rdjupa dig i en unik blomsterupplevelse. V\u00e4ck din kreativitet och l\u00e5t dina h\u00e4nder skapa sk\u00f6nhet med v\u00e5ra blommor!\"<\/p>\n<p>&nbsp;<\/p>\n<div id='gallery-1' class='gallery galleryid-639 gallery-columns-2 gallery-size-medium'><figure class='gallery-item'>\n\t\t\t<div class='gallery-icon portrait'>\n\t\t\t\t<a href='https:\/\/sueca13flores.com\/sv\/workshops-och-aktiviteter\/20221029_114223\/#main'><img loading=\"lazy\" decoding=\"async\" width=\"225\" height=\"300\" src=\"https:\/\/sueca13flores.com\/wp-content\/uploads\/2023\/06\/20221029_114223-225x300.jpg\" class=\"attachment-medium size-medium\" alt=\"\" aria-describedby=\"gallery-1-707\" srcset=\"https:\/\/sueca13flores.com\/wp-content\/uploads\/2023\/06\/20221029_114223-225x300.jpg 225w, https:\/\/sueca13flores.com\/wp-content\/uploads\/2023\/06\/20221029_114223-scaled-600x800.jpg 600w, https:\/\/sueca13flores.com\/wp-content\/uploads\/2023\/06\/20221029_114223-768x1024.jpg 768w, https:\/\/sueca13flores.com\/wp-content\/uploads\/2023\/06\/20221029_114223-1152x1536.jpg 1152w, https:\/\/sueca13flores.com\/wp-content\/uploads\/2023\/06\/20221029_114223-1536x2048.jpg 1536w, https:\/\/sueca13flores.com\/wp-content\/uploads\/2023\/06\/20221029_114223-scaled.jpg 1920w\" sizes=\"auto, (max-width: 225px) 100vw, 225px\" \/><\/a>\n\t\t\t<\/div>\n\t\t\t\t<figcaption class='wp-caption-text gallery-caption' id='gallery-1-707'>\n\t\t\t\tHalloween-workshop f\u00f6r barn\n\t\t\t\t<\/figcaption><\/figure><figure class='gallery-item'>\n\t\t\t<div class='gallery-icon portrait'>\n\t\t\t\t<a href='https:\/\/sueca13flores.com\/sv\/workshops-och-aktiviteter\/20221126_114719\/#main'><img loading=\"lazy\" decoding=\"async\" width=\"225\" height=\"300\" src=\"https:\/\/sueca13flores.com\/wp-content\/uploads\/2023\/06\/20221126_114719-225x300.jpg\" class=\"attachment-medium size-medium\" alt=\"\" aria-describedby=\"gallery-1-708\" srcset=\"https:\/\/sueca13flores.com\/wp-content\/uploads\/2023\/06\/20221126_114719-225x300.jpg 225w, https:\/\/sueca13flores.com\/wp-content\/uploads\/2023\/06\/20221126_114719-scaled-600x800.jpg 600w, https:\/\/sueca13flores.com\/wp-content\/uploads\/2023\/06\/20221126_114719-768x1024.jpg 768w, https:\/\/sueca13flores.com\/wp-content\/uploads\/2023\/06\/20221126_114719-1152x1536.jpg 1152w, https:\/\/sueca13flores.com\/wp-content\/uploads\/2023\/06\/20221126_114719-1536x2048.jpg 1536w, https:\/\/sueca13flores.com\/wp-content\/uploads\/2023\/06\/20221126_114719-scaled.jpg 1920w\" sizes=\"auto, (max-width: 225px) 100vw, 225px\" \/><\/a>\n\t\t\t<\/div>\n\t\t\t\t<figcaption class='wp-caption-text gallery-caption' id='gallery-1-708'>\n\t\t\t\tJulverkstad\n\t\t\t\t<\/figcaption><\/figure><figure class='gallery-item'>\n\t\t\t<div class='gallery-icon portrait'>\n\t\t\t\t<a href='https:\/\/sueca13flores.com\/sv\/workshops-och-aktiviteter\/20221126_131054-2\/#main'><img loading=\"lazy\" decoding=\"async\" width=\"225\" height=\"300\" src=\"https:\/\/sueca13flores.com\/wp-content\/uploads\/2023\/06\/20221126_131054-1-225x300.jpg\" class=\"attachment-medium size-medium\" alt=\"\" aria-describedby=\"gallery-1-709\" srcset=\"https:\/\/sueca13flores.com\/wp-content\/uploads\/2023\/06\/20221126_131054-1-225x300.jpg 225w, https:\/\/sueca13flores.com\/wp-content\/uploads\/2023\/06\/20221126_131054-1-scaled-600x800.jpg 600w, https:\/\/sueca13flores.com\/wp-content\/uploads\/2023\/06\/20221126_131054-1-768x1024.jpg 768w, https:\/\/sueca13flores.com\/wp-content\/uploads\/2023\/06\/20221126_131054-1-1152x1536.jpg 1152w, https:\/\/sueca13flores.com\/wp-content\/uploads\/2023\/06\/20221126_131054-1-1536x2048.jpg 1536w, https:\/\/sueca13flores.com\/wp-content\/uploads\/2023\/06\/20221126_131054-1-scaled.jpg 1920w\" sizes=\"auto, (max-width: 225px) 100vw, 225px\" \/><\/a>\n\t\t\t<\/div>\n\t\t\t\t<figcaption class='wp-caption-text gallery-caption' id='gallery-1-709'>\n\t\t\t\tWorkshop om julkransar\n\t\t\t\t<\/figcaption><\/figure><figure class='gallery-item'>\n\t\t\t<div class='gallery-icon portrait'>\n\t\t\t\t<a href='https:\/\/sueca13flores.com\/sv\/workshops-och-aktiviteter\/20221203_104734\/#main'><img loading=\"lazy\" decoding=\"async\" width=\"225\" height=\"300\" src=\"https:\/\/sueca13flores.com\/wp-content\/uploads\/2023\/06\/20221203_104734-225x300.jpg\" class=\"attachment-medium size-medium\" alt=\"\" aria-describedby=\"gallery-1-710\" srcset=\"https:\/\/sueca13flores.com\/wp-content\/uploads\/2023\/06\/20221203_104734-225x300.jpg 225w, https:\/\/sueca13flores.com\/wp-content\/uploads\/2023\/06\/20221203_104734-scaled-600x800.jpg 600w, https:\/\/sueca13flores.com\/wp-content\/uploads\/2023\/06\/20221203_104734-768x1024.jpg 768w, https:\/\/sueca13flores.com\/wp-content\/uploads\/2023\/06\/20221203_104734-1152x1536.jpg 1152w, https:\/\/sueca13flores.com\/wp-content\/uploads\/2023\/06\/20221203_104734-1536x2048.jpg 1536w, https:\/\/sueca13flores.com\/wp-content\/uploads\/2023\/06\/20221203_104734-scaled.jpg 1920w\" sizes=\"auto, (max-width: 225px) 100vw, 225px\" \/><\/a>\n\t\t\t<\/div>\n\t\t\t\t<figcaption class='wp-caption-text gallery-caption' id='gallery-1-710'>\n\t\t\t\tVerkst\u00e4derna Mittstycken\n\t\t\t\t<\/figcaption><\/figure>\n\t\t<\/div>","protected":false},"excerpt":{"rendered":"<p>Uppt\u00e4ck din passion f\u00f6r blommor och handgjorda blomsterkreationer. Med v\u00e5ra workshops kommer du att v\u00e4cka din kreativitet och du kommer att vara i kontakt med naturliga material, som kommer att berusa dina sinnen. Vi genomf\u00f6r gruppworkshops under hela \u00e5ret, fr\u00e5n terrarier, kokedamas, julkransar, samt blommiga tekniker f\u00f6r sammans\u00e4ttning av f\u00e4rska och konserverade blomstercenterpieces. ... <a title=\"Workshops och aktiviteter\u00a0\" class=\"read-more\" href=\"https:\/\/sueca13flores.com\/sv\/workshops-och-aktiviteter\/\" aria-label=\"L\u00e4s mer om Workshops och aktiviteter\u00a0\">L\u00e4s mer<\/a><\/p>","protected":false},"author":2,"featured_media":706,"parent":0,"menu_order":0,"comment_status":"closed","ping_status":"closed","template":"","meta":{"footnotes":""},"class_list":["post-639","page","type-page","status-publish","has-post-thumbnail"],"_links":{"self":[{"href":"https:\/\/sueca13flores.com\/sv\/wp-json\/wp\/v2\/pages\/639","targetHints":{"allow":["GET"]}}],"collection":[{"href":"https:\/\/sueca13flores.com\/sv\/wp-json\/wp\/v2\/pages"}],"about":[{"href":"https:\/\/sueca13flores.com\/sv\/wp-json\/wp\/v2\/types\/page"}],"author":[{"embeddable":true,"href":"https:\/\/sueca13flores.com\/sv\/wp-json\/wp\/v2\/users\/2"}],"replies":[{"embeddable":true,"href":"https:\/\/sueca13flores.com\/sv\/wp-json\/wp\/v2\/comments?post=639"}],"version-history":[{"count":5,"href":"https:\/\/sueca13flores.com\/sv\/wp-json\/wp\/v2\/pages\/639\/revisions"}],"predecessor-version":[{"id":739,"href":"https:\/\/sueca13flores.com\/sv\/wp-json\/wp\/v2\/pages\/639\/revisions\/739"}],"wp:featuredmedia":[{"embeddable":true,"href":"https:\/\/sueca13flores.com\/sv\/wp-json\/wp\/v2\/media\/706"}],"wp:attachment":[{"href":"https:\/\/sueca13flores.com\/sv\/wp-json\/wp\/v2\/media?parent=639"}],"curies":[{"name":"wp","href":"https:\/\/api.w.org\/{rel}","templated":true}]}}