{"id":641,"date":"2023-06-07T13:35:15","date_gmt":"2023-06-07T11:35:15","guid":{"rendered":"https:\/\/sueca13flores.com\/?page_id=641"},"modified":"2023-06-15T12:17:53","modified_gmt":"2023-06-15T10:17:53","slug":"blomsterdekorationer","status":"publish","type":"page","link":"https:\/\/sueca13flores.com\/sv\/blomsterdekorationer\/","title":{"rendered":"Blomsterdekoration"},"content":{"rendered":"<p>Vi uppmuntrar dig att uppt\u00e4cka en v\u00e4rld av unika och f\u00e4ngslande blomsterdekorationer f\u00f6r dina evenemang, temafester och gastronomiska utrymmen. V\u00e5r strategi bygger p\u00e5 att anv\u00e4nda s\u00e4songsbetonade och lokalt producerade blommor, n\u00e4rhelst det utbud av blommor som du beh\u00f6ver till\u00e5ter det, vilket ger en fr\u00e4sch, autentisk och h\u00e5llbar touch till varje blomsterdesign.<\/p>\n<p>Vi skapar skr\u00e4ddarsydda blomsterdekorationer med olika teman f\u00f6r att passa atmosf\u00e4ren och stilen p\u00e5 ditt evenemang. Oavsett om det handlar om en romantisk fest, en livlig tropisk temafest eller en elegant matsal ser vi till att varje detalj \u00e5terspeglar din kreativa vision.<\/p>\n<p>Det som skiljer oss \u00e5t \u00e4r v\u00e5r passion f\u00f6r s\u00e4songsbetonade och lokalt producerade blommor. Vi har ett n\u00e4ra samarbete med lokala odlare f\u00f6r att hitta de f\u00e4rskaste och vackraste blommorna f\u00f6r varje s\u00e4song. Detta s\u00e4kerst\u00e4ller inte bara kvaliteten p\u00e5 v\u00e5ra kreationer, utan st\u00f6der ocks\u00e5 samh\u00e4llet och fr\u00e4mjar h\u00e5llbarhet.<\/p>\n<p>Vi anv\u00e4nder en kombination av s\u00e4songsblommor, l\u00e4ckra gr\u00f6na v\u00e4xter och kompletterande dekorativa element f\u00f6r att skapa fantastiska, balanserade arrangemang. Vi str\u00e4var efter att ta fram den naturliga sk\u00f6nheten i varje blomma och skapa kompositioner som f\u00e4ngslar sinnena och l\u00e4mnar ett best\u00e5ende intryck p\u00e5 dina g\u00e4ster.<\/p>\n<p>V\u00e5r blomsterdekorationstj\u00e4nst f\u00f6r evenemang och gastronomiska platser \u00e4r mycket personlig. Vi tar oss tid att l\u00e4ra k\u00e4nna din smak, dina preferenser och ditt evenemangstema och ser till att varje blommig detalj passar perfekt in i din vision. Fr\u00e5n mittstycken till blomsterb\u00e5gar och kransar, varje blomsterelement \u00e4r utformat f\u00f6r att f\u00f6rmedla en historia och skapa en magisk atmosf\u00e4r.<\/p>\n<p>\u00d6verraska dina g\u00e4ster eller kunder och skapa minnesv\u00e4rda upplevelser med v\u00e5ra blomsterdekorationer. Boka en personlig konsultation och l\u00e5t oss visa dig hur v\u00e5ra f\u00e4rska, lokalt producerade blommor kan f\u00f6rvandla dina utrymmen till en gr\u00f6n och balanserad milj\u00f6.<\/p>\n<p>V\u00e5ga g\u00f6ra skillnad med v\u00e5ra blomsterdekorationer f\u00f6r evenemang och gastronomiska utrymmen. Lyft fram sk\u00f6nheten i s\u00e4songens blommor och st\u00f6d lokala producenter samtidigt som du skapar en charmig atmosf\u00e4r.<\/p>\n<div id='gallery-1' class='gallery galleryid-641 gallery-columns-2 gallery-size-medium'><figure class='gallery-item'>\n\t\t\t<div class='gallery-icon landscape'>\n\t\t\t\t<a href='https:\/\/sueca13flores.com\/sv\/blomsterdekorationer\/bild-for-brollop\/#main'><img loading=\"lazy\" decoding=\"async\" width=\"300\" height=\"300\" src=\"https:\/\/sueca13flores.com\/wp-content\/uploads\/2023\/06\/imagen-para-boda-300x300.jpg\" class=\"attachment-medium size-medium\" alt=\"\" srcset=\"https:\/\/sueca13flores.com\/wp-content\/uploads\/2023\/06\/imagen-para-boda-300x300.jpg 300w, https:\/\/sueca13flores.com\/wp-content\/uploads\/2023\/06\/imagen-para-boda-100x100.jpg 100w, https:\/\/sueca13flores.com\/wp-content\/uploads\/2023\/06\/imagen-para-boda-600x600.jpg 600w, https:\/\/sueca13flores.com\/wp-content\/uploads\/2023\/06\/imagen-para-boda-150x150.jpg 150w, https:\/\/sueca13flores.com\/wp-content\/uploads\/2023\/06\/imagen-para-boda-768x768.jpg 768w, https:\/\/sueca13flores.com\/wp-content\/uploads\/2023\/06\/imagen-para-boda.jpg 921w\" sizes=\"auto, (max-width: 300px) 100vw, 300px\" \/><\/a>\n\t\t\t<\/div><\/figure><figure class='gallery-item'>\n\t\t\t<div class='gallery-icon landscape'>\n\t\t\t\t<a href='https:\/\/sueca13flores.com\/sv\/blomsterdekorationer\/img-20211004-wa0003\/#main'><img loading=\"lazy\" decoding=\"async\" width=\"300\" height=\"200\" src=\"https:\/\/sueca13flores.com\/wp-content\/uploads\/2023\/06\/IMG-20211004-WA0003-300x200.jpg\" class=\"attachment-medium size-medium\" alt=\"\" srcset=\"https:\/\/sueca13flores.com\/wp-content\/uploads\/2023\/06\/IMG-20211004-WA0003-300x200.jpg 300w, https:\/\/sueca13flores.com\/wp-content\/uploads\/2023\/06\/IMG-20211004-WA0003-600x400.jpg 600w, https:\/\/sueca13flores.com\/wp-content\/uploads\/2023\/06\/IMG-20211004-WA0003-1024x683.jpg 1024w, https:\/\/sueca13flores.com\/wp-content\/uploads\/2023\/06\/IMG-20211004-WA0003-768x512.jpg 768w, https:\/\/sueca13flores.com\/wp-content\/uploads\/2023\/06\/IMG-20211004-WA0003-1536x1024.jpg 1536w, https:\/\/sueca13flores.com\/wp-content\/uploads\/2023\/06\/IMG-20211004-WA0003.jpg 2048w\" sizes=\"auto, (max-width: 300px) 100vw, 300px\" \/><\/a>\n\t\t\t<\/div><\/figure><figure class='gallery-item'>\n\t\t\t<div class='gallery-icon landscape'>\n\t\t\t\t<a href='https:\/\/sueca13flores.com\/sv\/blomsterdekorationer\/img-20220612-wa0017\/#main'><img loading=\"lazy\" decoding=\"async\" width=\"300\" height=\"225\" src=\"https:\/\/sueca13flores.com\/wp-content\/uploads\/2023\/06\/IMG-20220612-WA0017-300x225.jpg\" class=\"attachment-medium size-medium\" alt=\"\" srcset=\"https:\/\/sueca13flores.com\/wp-content\/uploads\/2023\/06\/IMG-20220612-WA0017-300x225.jpg 300w, https:\/\/sueca13flores.com\/wp-content\/uploads\/2023\/06\/IMG-20220612-WA0017-600x450.jpg 600w, https:\/\/sueca13flores.com\/wp-content\/uploads\/2023\/06\/IMG-20220612-WA0017-1024x768.jpg 1024w, https:\/\/sueca13flores.com\/wp-content\/uploads\/2023\/06\/IMG-20220612-WA0017-768x576.jpg 768w, https:\/\/sueca13flores.com\/wp-content\/uploads\/2023\/06\/IMG-20220612-WA0017-1536x1152.jpg 1536w, https:\/\/sueca13flores.com\/wp-content\/uploads\/2023\/06\/IMG-20220612-WA0017.jpg 1600w\" sizes=\"auto, (max-width: 300px) 100vw, 300px\" \/><\/a>\n\t\t\t<\/div><\/figure><figure class='gallery-item'>\n\t\t\t<div class='gallery-icon landscape'>\n\t\t\t\t<a href='https:\/\/sueca13flores.com\/sv\/blomsterdekorationer\/img-20220613-wa0051\/#main'><img loading=\"lazy\" decoding=\"async\" width=\"300\" height=\"225\" src=\"https:\/\/sueca13flores.com\/wp-content\/uploads\/2023\/06\/IMG-20220613-WA0051-300x225.jpg\" class=\"attachment-medium size-medium\" alt=\"\" srcset=\"https:\/\/sueca13flores.com\/wp-content\/uploads\/2023\/06\/IMG-20220613-WA0051-300x225.jpg 300w, https:\/\/sueca13flores.com\/wp-content\/uploads\/2023\/06\/IMG-20220613-WA0051-600x450.jpg 600w, https:\/\/sueca13flores.com\/wp-content\/uploads\/2023\/06\/IMG-20220613-WA0051-1024x768.jpg 1024w, https:\/\/sueca13flores.com\/wp-content\/uploads\/2023\/06\/IMG-20220613-WA0051-768x576.jpg 768w, https:\/\/sueca13flores.com\/wp-content\/uploads\/2023\/06\/IMG-20220613-WA0051-1536x1152.jpg 1536w, https:\/\/sueca13flores.com\/wp-content\/uploads\/2023\/06\/IMG-20220613-WA0051.jpg 1600w\" sizes=\"auto, (max-width: 300px) 100vw, 300px\" \/><\/a>\n\t\t\t<\/div><\/figure><figure class='gallery-item'>\n\t\t\t<div class='gallery-icon portrait'>\n\t\t\t\t<a href='https:\/\/sueca13flores.com\/sv\/blomsterdekorationer\/img-20220614-wa0071\/#main'><img loading=\"lazy\" decoding=\"async\" width=\"135\" height=\"300\" src=\"https:\/\/sueca13flores.com\/wp-content\/uploads\/2023\/06\/IMG-20220614-WA0071-135x300.jpg\" class=\"attachment-medium size-medium\" alt=\"\" srcset=\"https:\/\/sueca13flores.com\/wp-content\/uploads\/2023\/06\/IMG-20220614-WA0071-135x300.jpg 135w, https:\/\/sueca13flores.com\/wp-content\/uploads\/2023\/06\/IMG-20220614-WA0071-600x1334.jpg 600w, https:\/\/sueca13flores.com\/wp-content\/uploads\/2023\/06\/IMG-20220614-WA0071-461x1024.jpg 461w, https:\/\/sueca13flores.com\/wp-content\/uploads\/2023\/06\/IMG-20220614-WA0071-768x1708.jpg 768w, https:\/\/sueca13flores.com\/wp-content\/uploads\/2023\/06\/IMG-20220614-WA0071-691x1536.jpg 691w, https:\/\/sueca13flores.com\/wp-content\/uploads\/2023\/06\/IMG-20220614-WA0071.jpg 921w\" sizes=\"auto, (max-width: 135px) 100vw, 135px\" \/><\/a>\n\t\t\t<\/div><\/figure>\n\t\t<\/div>\n\n<p>&nbsp;<\/p>","protected":false},"excerpt":{"rendered":"<p>Te animamos a descubrir un mundo de decoraciones florales \u00fanicas y cautivadoras para tus eventos, fiestas tem\u00e1ticas y espacios gastron\u00f3micos. Nuestro enfoque se basa en el uso de flores de temporada y de producci\u00f3n local, siempre que la variedad de flores que precises lo permitan, brindando un toque fresco , aut\u00e9ntico y sostenible a cada &#8230; <a title=\"Blomsterdekoration\" class=\"read-more\" href=\"https:\/\/sueca13flores.com\/sv\/blomsterdekorationer\/\" aria-label=\"L\u00e4s mer om Decoraci\u00f3n Floral\">L\u00e4s mer<\/a><\/p>","protected":false},"author":2,"featured_media":728,"parent":0,"menu_order":0,"comment_status":"closed","ping_status":"closed","template":"","meta":{"footnotes":""},"class_list":["post-641","page","type-page","status-publish","has-post-thumbnail"],"_links":{"self":[{"href":"https:\/\/sueca13flores.com\/sv\/wp-json\/wp\/v2\/pages\/641","targetHints":{"allow":["GET"]}}],"collection":[{"href":"https:\/\/sueca13flores.com\/sv\/wp-json\/wp\/v2\/pages"}],"about":[{"href":"https:\/\/sueca13flores.com\/sv\/wp-json\/wp\/v2\/types\/page"}],"author":[{"embeddable":true,"href":"https:\/\/sueca13flores.com\/sv\/wp-json\/wp\/v2\/users\/2"}],"replies":[{"embeddable":true,"href":"https:\/\/sueca13flores.com\/sv\/wp-json\/wp\/v2\/comments?post=641"}],"version-history":[{"count":4,"href":"https:\/\/sueca13flores.com\/sv\/wp-json\/wp\/v2\/pages\/641\/revisions"}],"predecessor-version":[{"id":734,"href":"https:\/\/sueca13flores.com\/sv\/wp-json\/wp\/v2\/pages\/641\/revisions\/734"}],"wp:featuredmedia":[{"embeddable":true,"href":"https:\/\/sueca13flores.com\/sv\/wp-json\/wp\/v2\/media\/728"}],"wp:attachment":[{"href":"https:\/\/sueca13flores.com\/sv\/wp-json\/wp\/v2\/media?parent=641"}],"curies":[{"name":"wp","href":"https:\/\/api.w.org\/{rel}","templated":true}]}}