{"id":643,"date":"2023-06-07T13:35:36","date_gmt":"2023-06-07T11:35:36","guid":{"rendered":"https:\/\/sueca13flores.com\/?page_id=643"},"modified":"2023-06-16T12:16:35","modified_gmt":"2023-06-16T10:16:35","slug":"begravningsblommor","status":"publish","type":"page","link":"https:\/\/sueca13flores.com\/sv\/begravningsblommor\/","title":{"rendered":"Blommor till begravning"},"content":{"rendered":"<p>I tider av f\u00f6rlust och sorg erbjuder vi v\u00e5r samling av begravningsblommor och kransar som ett uttryck f\u00f6r k\u00e4rlek, respekt och kondoleanser.<\/p>\n<p>V\u00e5ra begravningsblommor och kransar \u00e4r den perfekta blommiga hyllningen f\u00f6r att s\u00e4ga adj\u00f6 till en \u00e4lskad och erbjuda tr\u00f6st till familj och v\u00e4nner. Varje blomsterarrangemang \u00e4r skapat med f\u00e4rska blommor av h\u00f6g kvalitet, noggrant utvalda f\u00f6r att f\u00f6rmedla ett budskap om k\u00e4rlek, frid och tr\u00f6st.<\/p>\n<p>Vi f\u00f6rst\u00e5r vikten av dessa k\u00e4nsliga stunder och \u00e4r fast beslutna att erbjuda en respektfull, personlig och omedelbar service. V\u00e5r webbplats ger dig tryggheten att v\u00e4lja och anpassa ditt blomsterarrangemang genom att skr\u00e4ddarsy varje detalj. P\u00e5 grund av den omedelbarhet som kr\u00e4vs f\u00f6r leverans rekommenderar vi att du kontaktar oss<b>\u00a0per telefon.<\/b><\/p>\n<p>Vi erbjuder dig snabba och diskreta leveransalternativ, vilket s\u00e4kerst\u00e4ller att ditt k\u00e4rleksbevis kommer till r\u00e4tt plats vid r\u00e4tt tidpunkt i tid.<\/p>\n<p>F\u00f6rutom traditionella blomsterdekorationer och begravningskransar erbjuder vi dig m\u00f6jligheten att l\u00e4gga till speciella detaljer, till exempel band med personliga meddelanden eller den avlidnes favoritblommor. Varje detalj \u00e4r noga genomt\u00e4nkt s\u00e5 att din blomsterhyllning blir unik och meningsfull.<\/p>\n<p>Lita p\u00e5 att v\u00e5r florist ger dig en respektfull och meningsfull upplevelse n\u00e4r du v\u00e4ljer begravningskransar och blomsterarrangemang. Hedra och minns dina n\u00e4ra och k\u00e4ra med sk\u00f6nhet och v\u00e4rdighet genom v\u00e5ra omsorgsfullt utformade blomsterarrangemang.<\/p>\n<p>&nbsp;<\/p>","protected":false},"excerpt":{"rendered":"<p>I tider av f\u00f6rlust och sorg erbjuder vi v\u00e5r samling av begravningskransar och begravningsblommor som ett uttryck f\u00f6r k\u00e4rlek, respekt och kondoleanser. V\u00e5ra begravningskransar och begravningsblommor \u00e4r den perfekta blommiga hyllningen f\u00f6r att s\u00e4ga adj\u00f6 till en n\u00e4ra och k\u00e4ra och erbjuda tr\u00f6st till familj och v\u00e4nner. Varje blomsterarrangemang skapas ... <a title=\"Blommor till begravning\" class=\"read-more\" href=\"https:\/\/sueca13flores.com\/sv\/begravningsblommor\/\" aria-label=\"L\u00e4s mer om Flowers for Funeral\">L\u00e4s mer<\/a><\/p>","protected":false},"author":2,"featured_media":714,"parent":0,"menu_order":0,"comment_status":"closed","ping_status":"closed","template":"","meta":{"footnotes":""},"class_list":["post-643","page","type-page","status-publish","has-post-thumbnail"],"_links":{"self":[{"href":"https:\/\/sueca13flores.com\/sv\/wp-json\/wp\/v2\/pages\/643","targetHints":{"allow":["GET"]}}],"collection":[{"href":"https:\/\/sueca13flores.com\/sv\/wp-json\/wp\/v2\/pages"}],"about":[{"href":"https:\/\/sueca13flores.com\/sv\/wp-json\/wp\/v2\/types\/page"}],"author":[{"embeddable":true,"href":"https:\/\/sueca13flores.com\/sv\/wp-json\/wp\/v2\/users\/2"}],"replies":[{"embeddable":true,"href":"https:\/\/sueca13flores.com\/sv\/wp-json\/wp\/v2\/comments?post=643"}],"version-history":[{"count":4,"href":"https:\/\/sueca13flores.com\/sv\/wp-json\/wp\/v2\/pages\/643\/revisions"}],"predecessor-version":[{"id":740,"href":"https:\/\/sueca13flores.com\/sv\/wp-json\/wp\/v2\/pages\/643\/revisions\/740"}],"wp:featuredmedia":[{"embeddable":true,"href":"https:\/\/sueca13flores.com\/sv\/wp-json\/wp\/v2\/media\/714"}],"wp:attachment":[{"href":"https:\/\/sueca13flores.com\/sv\/wp-json\/wp\/v2\/media?parent=643"}],"curies":[{"name":"wp","href":"https:\/\/api.w.org\/{rel}","templated":true}]}}