{"id":644,"date":"2023-06-07T13:35:49","date_gmt":"2023-06-07T11:35:49","guid":{"rendered":"https:\/\/sueca13flores.com\/?page_id=644"},"modified":"2024-10-14T10:43:44","modified_gmt":"2024-10-14T08:43:44","slug":"uthyrning-av-naturliga-vaxter","status":"publish","type":"page","link":"https:\/\/sueca13flores.com\/sv\/uthyrning-av-naturliga-vaxter\/","title":{"rendered":"Uthyrning av naturliga v\u00e4xter"},"content":{"rendered":"<p>F\u00f6rvandla dina utrymmen med v\u00e5rt exklusiva alternativ f\u00f6r uthyrning av v\u00e4xter.<\/p>\n<p>Vi erbjuder dig m\u00f6jligheten att njuta av v\u00e4xternas sk\u00f6nhet och fr\u00e4sch\u00f6r vid alla evenemang eller fester, p\u00e5 kontoret eller i andra utrymmen utan att beh\u00f6va k\u00f6pa dem permanent. Uppt\u00e4ck hur v\u00e5r v\u00e4xtuthyrningstj\u00e4nst kan ge liv, stil och en gr\u00f6n touch till dina utrymmen.<\/p>\n<p>V\u00e5r samling av v\u00e4xter f\u00f6r uthyrning omfattar en m\u00e4ngd uts\u00f6kta och noggrant utvalda alternativ. Fr\u00e5n luftrenande krukv\u00e4xter till vackra ormbunkar och eleganta palmer har vi det perfekta komplementet till alla stilar och milj\u00f6er. Oavsett om du letar efter en fantastisk fokusv\u00e4xt eller flera v\u00e4xter f\u00f6r att skapa en inomhustr\u00e4dg\u00e5rd, har vi vad du beh\u00f6ver.<\/p>\n<p>Vi erbjuder kort- och l\u00e5ngtidsuthyrning och anpassar oss efter dina behov och \u00f6nskem\u00e5l. Vi tar ocks\u00e5 hand om leverans och upph\u00e4mtning av v\u00e4xterna, vilket s\u00e4kerst\u00e4ller att processen \u00e4r problemfri och att du enkelt kan njuta av v\u00e5ra v\u00e4xters fr\u00e4sch\u00f6r och sk\u00f6nhet.<\/p>\n<p>F\u00f6rutom att f\u00f6rsk\u00f6na dina utrymmen erbjuder v\u00e4xter ocks\u00e5 h\u00e4lso- och h\u00e4lsof\u00f6rdelar, vilket skapar en mer avkopplande och harmonisk milj\u00f6.<\/p>\n<p>Vi erbjuder ocks\u00e5 personlig r\u00e5dgivning f\u00f6r att hj\u00e4lpa dig att v\u00e4lja de v\u00e4xter som passar b\u00e4st f\u00f6r dina behov och belysningen i dina utrymmen.<\/p>\n<p>Lita p\u00e5 v\u00e5r erfarenhet av v\u00e4xtsk\u00f6tsel och v\u00e5r passion f\u00f6r design f\u00f6r att ge liv och stil till dina utrymmen med v\u00e5r v\u00e4xtuthyrningstj\u00e4nst.  Du kan kontakta oss<a href=\"https:\/\/sueca13flores.com\/sv\/kontakt\/\"><strong> via formul\u00e4ret<\/strong><\/a> eller per telefon, och fr\u00e5ga oss om vilka v\u00e4xter du beh\u00f6ver och om de finns tillg\u00e4ngliga.<\/p>\n<p>V\u00e4nta inte l\u00e4ngre med att njuta av v\u00e4xternas fr\u00e4sch\u00f6r och sk\u00f6nhet i dina utrymmen. Boka din v\u00e4xtuthyrning hos oss och uppt\u00e4ck hur v\u00e5rt exklusiva urval kan ge liv \u00e5t dina utrymmen. F\u00f6rsk\u00f6na, inspirera och skapa livfulla och v\u00e4lkomnande milj\u00f6er med v\u00e5ra h\u00f6gkvalitativa v\u00e4xtuthyrningar.<\/p>\n<div id='gallery-1' class='gallery galleryid-644 gallery-columns-2 gallery-size-medium'><figure class='gallery-item'>\n\t\t\t<div class='gallery-icon portrait'>\n\t\t\t\t<a href='https:\/\/sueca13flores.com\/sv\/uthyrning-av-naturliga-vaxter\/20230524_120425\/#main'><img loading=\"lazy\" decoding=\"async\" width=\"225\" height=\"300\" src=\"https:\/\/sueca13flores.com\/wp-content\/uploads\/2023\/06\/20230524_120425-225x300.jpg\" class=\"attachment-medium size-medium\" alt=\"\" srcset=\"https:\/\/sueca13flores.com\/wp-content\/uploads\/2023\/06\/20230524_120425-225x300.jpg 225w, https:\/\/sueca13flores.com\/wp-content\/uploads\/2023\/06\/20230524_120425-scaled-600x800.jpg 600w, https:\/\/sueca13flores.com\/wp-content\/uploads\/2023\/06\/20230524_120425-768x1024.jpg 768w, https:\/\/sueca13flores.com\/wp-content\/uploads\/2023\/06\/20230524_120425-1152x1536.jpg 1152w, https:\/\/sueca13flores.com\/wp-content\/uploads\/2023\/06\/20230524_120425-1536x2048.jpg 1536w, https:\/\/sueca13flores.com\/wp-content\/uploads\/2023\/06\/20230524_120425-scaled.jpg 1920w\" sizes=\"auto, (max-width: 225px) 100vw, 225px\" \/><\/a>\n\t\t\t<\/div><\/figure><figure class='gallery-item'>\n\t\t\t<div class='gallery-icon portrait'>\n\t\t\t\t<a href='https:\/\/sueca13flores.com\/sv\/uthyrning-av-naturliga-vaxter\/20230606_110350\/#main'><img loading=\"lazy\" decoding=\"async\" width=\"225\" height=\"300\" src=\"https:\/\/sueca13flores.com\/wp-content\/uploads\/2023\/06\/20230606_110350-225x300.jpg\" class=\"attachment-medium size-medium\" alt=\"\" srcset=\"https:\/\/sueca13flores.com\/wp-content\/uploads\/2023\/06\/20230606_110350-225x300.jpg 225w, https:\/\/sueca13flores.com\/wp-content\/uploads\/2023\/06\/20230606_110350-scaled-600x800.jpg 600w, https:\/\/sueca13flores.com\/wp-content\/uploads\/2023\/06\/20230606_110350-768x1024.jpg 768w, https:\/\/sueca13flores.com\/wp-content\/uploads\/2023\/06\/20230606_110350-1152x1536.jpg 1152w, https:\/\/sueca13flores.com\/wp-content\/uploads\/2023\/06\/20230606_110350-1536x2048.jpg 1536w, https:\/\/sueca13flores.com\/wp-content\/uploads\/2023\/06\/20230606_110350-scaled.jpg 1920w\" sizes=\"auto, (max-width: 225px) 100vw, 225px\" \/><\/a>\n\t\t\t<\/div><\/figure><figure class='gallery-item'>\n\t\t\t<div class='gallery-icon portrait'>\n\t\t\t\t<a href='https:\/\/sueca13flores.com\/sv\/uthyrning-av-naturliga-vaxter\/20230606_110517\/#main'><img loading=\"lazy\" decoding=\"async\" width=\"225\" height=\"300\" src=\"https:\/\/sueca13flores.com\/wp-content\/uploads\/2023\/06\/20230606_110517-225x300.jpg\" class=\"attachment-medium size-medium\" alt=\"\" srcset=\"https:\/\/sueca13flores.com\/wp-content\/uploads\/2023\/06\/20230606_110517-225x300.jpg 225w, https:\/\/sueca13flores.com\/wp-content\/uploads\/2023\/06\/20230606_110517-scaled-600x800.jpg 600w, https:\/\/sueca13flores.com\/wp-content\/uploads\/2023\/06\/20230606_110517-768x1024.jpg 768w, https:\/\/sueca13flores.com\/wp-content\/uploads\/2023\/06\/20230606_110517-1152x1536.jpg 1152w, https:\/\/sueca13flores.com\/wp-content\/uploads\/2023\/06\/20230606_110517-1536x2048.jpg 1536w, https:\/\/sueca13flores.com\/wp-content\/uploads\/2023\/06\/20230606_110517-scaled.jpg 1920w\" sizes=\"auto, (max-width: 225px) 100vw, 225px\" \/><\/a>\n\t\t\t<\/div><\/figure><figure class='gallery-item'>\n\t\t\t<div class='gallery-icon portrait'>\n\t\t\t\t<a href='https:\/\/sueca13flores.com\/sv\/uthyrning-av-naturliga-vaxter\/20230606_110853\/#main'><img loading=\"lazy\" decoding=\"async\" width=\"225\" height=\"300\" src=\"https:\/\/sueca13flores.com\/wp-content\/uploads\/2023\/06\/20230606_110853-225x300.jpg\" class=\"attachment-medium size-medium\" alt=\"\" srcset=\"https:\/\/sueca13flores.com\/wp-content\/uploads\/2023\/06\/20230606_110853-225x300.jpg 225w, https:\/\/sueca13flores.com\/wp-content\/uploads\/2023\/06\/20230606_110853-scaled-600x800.jpg 600w, https:\/\/sueca13flores.com\/wp-content\/uploads\/2023\/06\/20230606_110853-768x1024.jpg 768w, https:\/\/sueca13flores.com\/wp-content\/uploads\/2023\/06\/20230606_110853-1152x1536.jpg 1152w, https:\/\/sueca13flores.com\/wp-content\/uploads\/2023\/06\/20230606_110853-1536x2048.jpg 1536w, https:\/\/sueca13flores.com\/wp-content\/uploads\/2023\/06\/20230606_110853-scaled.jpg 1920w\" sizes=\"auto, (max-width: 225px) 100vw, 225px\" \/><\/a>\n\t\t\t<\/div><\/figure>\n\t\t<\/div>","protected":false},"excerpt":{"rendered":"<p>Transforma tus espacios con nuestra exclusiva opci\u00f3n de alquiler de plantas. Te ofrecemos la oportunidad de disfrutar de la belleza y frescura de las plantas en cualquier evento o celebraci\u00f3n, oficina o espacios sin la necesidad de adquirirlas permanentemente. Descubre c\u00f3mo nuestro servicio de alquiler de plantas puede dar vida, estilo y un toque verde &#8230; <a title=\"Uthyrning av naturliga v\u00e4xter\" class=\"read-more\" href=\"https:\/\/sueca13flores.com\/sv\/uthyrning-av-naturliga-vaxter\/\" aria-label=\"L\u00e4s mer om Alquiler de Plantas Naturales\">L\u00e4s mer<\/a><\/p>","protected":false},"author":2,"featured_media":717,"parent":0,"menu_order":0,"comment_status":"closed","ping_status":"closed","template":"","meta":{"footnotes":""},"class_list":["post-644","page","type-page","status-publish","has-post-thumbnail"],"_links":{"self":[{"href":"https:\/\/sueca13flores.com\/sv\/wp-json\/wp\/v2\/pages\/644","targetHints":{"allow":["GET"]}}],"collection":[{"href":"https:\/\/sueca13flores.com\/sv\/wp-json\/wp\/v2\/pages"}],"about":[{"href":"https:\/\/sueca13flores.com\/sv\/wp-json\/wp\/v2\/types\/page"}],"author":[{"embeddable":true,"href":"https:\/\/sueca13flores.com\/sv\/wp-json\/wp\/v2\/users\/2"}],"replies":[{"embeddable":true,"href":"https:\/\/sueca13flores.com\/sv\/wp-json\/wp\/v2\/comments?post=644"}],"version-history":[{"count":4,"href":"https:\/\/sueca13flores.com\/sv\/wp-json\/wp\/v2\/pages\/644\/revisions"}],"predecessor-version":[{"id":1224,"href":"https:\/\/sueca13flores.com\/sv\/wp-json\/wp\/v2\/pages\/644\/revisions\/1224"}],"wp:featuredmedia":[{"embeddable":true,"href":"https:\/\/sueca13flores.com\/sv\/wp-json\/wp\/v2\/media\/717"}],"wp:attachment":[{"href":"https:\/\/sueca13flores.com\/sv\/wp-json\/wp\/v2\/media?parent=644"}],"curies":[{"name":"wp","href":"https:\/\/api.w.org\/{rel}","templated":true}]}}