{"id":647,"date":"2023-06-07T13:36:10","date_gmt":"2023-06-07T11:36:10","guid":{"rendered":"https:\/\/sueca13flores.com\/?page_id=647"},"modified":"2023-06-16T12:30:29","modified_gmt":"2023-06-16T10:30:29","slug":"foretag-och-evenemang","status":"publish","type":"page","link":"https:\/\/sueca13flores.com\/sv\/foretag-och-evenemang\/","title":{"rendered":"F\u00f6retag och evenemang"},"content":{"rendered":"<p>Vi erbjuder enast\u00e5ende blomsterarrangemang och v\u00e4xtunderh\u00e5ll f\u00f6r kontor, v\u00e4ntrum, m\u00e4ssmontrar, utst\u00e4llningslokaler och f\u00f6retagsevenemang. Uppt\u00e4ck hur v\u00e5ra experter p\u00e5 f\u00e4rska blommor och v\u00e4xter kan f\u00f6rvandla dina aff\u00e4rsutrymmen till eleganta, v\u00e4lkomnande och livfulla milj\u00f6er.<\/p>\n<p>Vi har ocks\u00e5 ett sortiment av h\u00f6gkvalitativa konstgjorda v\u00e4xter med exceptionellt naturlig finish, i kokosfibrer och tallbark.<\/p>\n<p>V\u00e5ra skr\u00e4ddarsydda blomsterarrangemang \u00e4r utformade med precision och k\u00e4nsla f\u00f6r detaljer f\u00f6r att \u00e5terspegla k\u00e4rnan och bilden av ditt f\u00f6retag. Fr\u00e5n eleganta och moderna kompositioner till mer livfulla och f\u00e4rgglada arrangemang - vi anpassar oss till dina \u00f6nskem\u00e5l och den atmosf\u00e4r du vill ha. Varje arrangemang skapas med f\u00e4rska blommor av h\u00f6g kvalitet, vilket garanterar ett fantastiskt och l\u00e5ngvarigt utseende.<\/p>\n<p>F\u00f6rutom blomsterarrangemang erbjuder vi ocks\u00e5 en komplett v\u00e4xtv\u00e5rdstj\u00e4nst f\u00f6r att se till att dina utrymmen f\u00f6rblir gr\u00f6na och friska. V\u00e5rt team av v\u00e4xtexperter tar hand om vattning, besk\u00e4rning och allm\u00e4n sk\u00f6tsel av dina v\u00e4xter, s\u00e5 att de alltid ser ut som b\u00e4st. Vi tar hand om allt s\u00e5 att du kan fokusera p\u00e5 det som \u00e4r viktigast: ditt f\u00f6retag.<\/p>\n<p>V\u00e5ra tj\u00e4nster f\u00f6r blomsterarrangemang och v\u00e4xtunderh\u00e5ll \u00e4r flexibla och skr\u00e4ddarsydda efter dina behov. Oavsett om du beh\u00f6ver ett blomsterarrangemang f\u00f6r ett speciellt tillf\u00e4lle eller ett regelbundet underh\u00e5llsprogram, finns vi h\u00e4r f\u00f6r att ge dig skr\u00e4ddarsydda l\u00f6sningar. Blomsterprenumerationer varje vecka, varannan vecka och varje m\u00e5nad \u00e4r ocks\u00e5 tillg\u00e4ngliga. Leverans \u00e4r kostnadsfri i staden Valencia.<\/p>\n<p>V\u00e5rt team \u00e4r tillg\u00e4ngligt f\u00f6r att lyssna p\u00e5 dina behov, svara p\u00e5 dina fr\u00e5gor och ge expertr\u00e5d om hur du v\u00e4ljer blomsterarrangemang och v\u00e4xter som passar dina utrymmen och aff\u00e4rsm\u00e5l.<\/p>\n<p>Missa inte chansen att imponera p\u00e5 dina kunder, anst\u00e4llda och aff\u00e4rspartners med v\u00e5ra h\u00f6gkvalitativa blomsterarrangemang och v\u00e4xter. Uppt\u00e4ck hur v\u00e5ra tj\u00e4nster f\u00f6r blomsterarrangemang och v\u00e4xtunderh\u00e5ll kan lyfta bilden av ditt f\u00f6retag. Vi kan ocks\u00e5 ge dig r\u00e5d om f\u00f6retagspresenter som f\u00f6dslar, \u00e5rsdagar, pensioneringar och d\u00f6dsfall.<\/p>\n<p>Kontakta oss via <a href=\"https:\/\/sueca13flores.com\/sv\/kontakt\/\"><strong>webbformul\u00e4r <\/strong><\/a>eller per telefon och boka din kostnadsfria konsultation. L\u00e5t v\u00e5rt team av blomster- och v\u00e4xtexperter ta hand om att skapa en trevlig och professionell atmosf\u00e4r p\u00e5 ditt kontor, i din m\u00e4ssmonter eller p\u00e5 ditt f\u00f6retagsevent.<\/p>\n<p>&nbsp;<\/p>","protected":false},"excerpt":{"rendered":"<p>Vi erbjuder enast\u00e5ende blomsterarrangemang och v\u00e4xtunderh\u00e5ll f\u00f6r kontor, v\u00e4ntrum, m\u00e4ssmontrar, utst\u00e4llningslokaler och f\u00f6retagsevenemang. Uppt\u00e4ck hur v\u00e5ra experter p\u00e5 f\u00e4rska blommor och v\u00e4xter kan f\u00f6rvandla dina aff\u00e4rsutrymmen till eleganta, v\u00e4lkomnande och livfulla milj\u00f6er. Vi har ocks\u00e5 en rad olika ... <a title=\"F\u00f6retag och evenemang\" class=\"read-more\" href=\"https:\/\/sueca13flores.com\/sv\/foretag-och-evenemang\/\" aria-label=\"L\u00e4s mer om F\u00f6retag och evenemang\">L\u00e4s mer<\/a><\/p>","protected":false},"author":2,"featured_media":724,"parent":0,"menu_order":0,"comment_status":"closed","ping_status":"closed","template":"","meta":{"footnotes":""},"class_list":["post-647","page","type-page","status-publish","has-post-thumbnail"],"_links":{"self":[{"href":"https:\/\/sueca13flores.com\/sv\/wp-json\/wp\/v2\/pages\/647","targetHints":{"allow":["GET"]}}],"collection":[{"href":"https:\/\/sueca13flores.com\/sv\/wp-json\/wp\/v2\/pages"}],"about":[{"href":"https:\/\/sueca13flores.com\/sv\/wp-json\/wp\/v2\/types\/page"}],"author":[{"embeddable":true,"href":"https:\/\/sueca13flores.com\/sv\/wp-json\/wp\/v2\/users\/2"}],"replies":[{"embeddable":true,"href":"https:\/\/sueca13flores.com\/sv\/wp-json\/wp\/v2\/comments?post=647"}],"version-history":[{"count":5,"href":"https:\/\/sueca13flores.com\/sv\/wp-json\/wp\/v2\/pages\/647\/revisions"}],"predecessor-version":[{"id":742,"href":"https:\/\/sueca13flores.com\/sv\/wp-json\/wp\/v2\/pages\/647\/revisions\/742"}],"wp:featuredmedia":[{"embeddable":true,"href":"https:\/\/sueca13flores.com\/sv\/wp-json\/wp\/v2\/media\/724"}],"wp:attachment":[{"href":"https:\/\/sueca13flores.com\/sv\/wp-json\/wp\/v2\/media?parent=647"}],"curies":[{"name":"wp","href":"https:\/\/api.w.org\/{rel}","templated":true}]}}