{"id":164,"date":"2020-11-13T13:54:12","date_gmt":"2020-11-13T12:54:12","guid":{"rendered":"https:\/\/sueca13flores.com\/?post_type=product&#038;p=164"},"modified":"2025-10-17T19:01:13","modified_gmt":"2025-10-17T17:01:13","slug":"buketter-av-konserverade-och-torkade-blommor","status":"publish","type":"product","link":"https:\/\/sueca13flores.com\/sv\/produkt\/buketter-av-konserverade-och-torkade-blommor\/","title":{"rendered":"Konserverade och torkade blombuketter"},"content":{"rendered":"","protected":false},"excerpt":{"rendered":"<p>Sm\u00e5 buketter av konserverade och torkade blommor. Perfekt f\u00f6r dig som \u00e4lskar blommor som inte kr\u00e4ver s\u00e5 mycket sk\u00f6tsel. Eftersom de \u00e4r konserverade naturliga blommor beh\u00f6ver de inte vatten och f\u00f6rblir vackra under l\u00e5ng tid.<\/p>\n<p>F\u00e4rgerna varierar beroende p\u00e5 blomsterkompositionen, liksom de blommor vi anv\u00e4nder. Varje bukett \u00e4r unik eftersom de \u00e4r handgjorda. Alla best\u00e5r av konserverade hortensior, gr\u00f6na v\u00e4xter som sv\u00e4rdsormbunke och torkade blommor som limonium, paniculata etc.<\/p>\n<p>Vi rekommenderar att du inte uts\u00e4tter dem f\u00f6r solljus och inte bl\u00f6ter ner dem, s\u00e5 att de bevaras under idealiska f\u00f6rh\u00e5llanden under l\u00e5ng tid.<\/p>\n<p>&nbsp;<\/p>\n<p>&nbsp;<\/p>","protected":false},"featured_media":165,"comment_status":"open","ping_status":"closed","template":"","meta":[],"product_brand":[],"product_cat":[21],"product_tag":[],"class_list":{"0":"post-164","1":"product","2":"type-product","3":"status-publish","4":"has-post-thumbnail","6":"product_cat-flores-preservadas","8":"first","9":"instock","10":"taxable","11":"shipping-taxable","12":"purchasable","13":"product-type-simple"},"_links":{"self":[{"href":"https:\/\/sueca13flores.com\/sv\/wp-json\/wp\/v2\/product\/164","targetHints":{"allow":["GET"]}}],"collection":[{"href":"https:\/\/sueca13flores.com\/sv\/wp-json\/wp\/v2\/product"}],"about":[{"href":"https:\/\/sueca13flores.com\/sv\/wp-json\/wp\/v2\/types\/product"}],"replies":[{"embeddable":true,"href":"https:\/\/sueca13flores.com\/sv\/wp-json\/wp\/v2\/comments?post=164"}],"wp:featuredmedia":[{"embeddable":true,"href":"https:\/\/sueca13flores.com\/sv\/wp-json\/wp\/v2\/media\/165"}],"wp:attachment":[{"href":"https:\/\/sueca13flores.com\/sv\/wp-json\/wp\/v2\/media?parent=164"}],"wp:term":[{"taxonomy":"product_brand","embeddable":true,"href":"https:\/\/sueca13flores.com\/sv\/wp-json\/wp\/v2\/product_brand?post=164"},{"taxonomy":"product_cat","embeddable":true,"href":"https:\/\/sueca13flores.com\/sv\/wp-json\/wp\/v2\/product_cat?post=164"},{"taxonomy":"product_tag","embeddable":true,"href":"https:\/\/sueca13flores.com\/sv\/wp-json\/wp\/v2\/product_tag?post=164"}],"curies":[{"name":"wp","href":"https:\/\/api.w.org\/{rel}","templated":true}]}}