{"id":181,"date":"2020-11-27T19:27:19","date_gmt":"2020-11-27T18:27:19","guid":{"rendered":"https:\/\/sueca13flores.com\/?post_type=product&#038;p=181"},"modified":"2026-03-30T12:04:27","modified_gmt":"2026-03-30T10:04:27","slug":"miss-sis-rosor","status":"publish","type":"product","link":"https:\/\/sueca13flores.com\/sv\/produkt\/miss-sis-rosor\/","title":{"rendered":"Miss Sis Roses"},"content":{"rendered":"","protected":false},"excerpt":{"rendered":"<p><span style=\"vertical-align: inherit;\"><span style=\"vertical-align: inherit;\"><span style=\"vertical-align: inherit;\"><span style=\"vertical-align: inherit;\"><span style=\"vertical-align: inherit;\"><span style=\"vertical-align: inherit;\"><span style=\"vertical-align: inherit;\">F\u00f6rdjupa dig i passion och romantik med v\u00e5ra fantastiska r\u00f6da frihetsrosor.<\/span><\/span><\/span><\/span><\/span><\/span><\/span><\/p>\n<p><span style=\"vertical-align: inherit;\"><span style=\"vertical-align: inherit;\"><span style=\"vertical-align: inherit;\"><span style=\"vertical-align: inherit;\"><span style=\"vertical-align: inherit;\"><span style=\"vertical-align: inherit;\"><span style=\"vertical-align: inherit;\">Oavsett om det handlar om att fira k\u00e4rleken n\u00e4r den \u00e4r som b\u00e4st, visa tacksamhet eller \u00f6verraska n\u00e5gon som helt enkelt \u00e4r speciell, \u00e4r v\u00e5ra r\u00f6da rosor den perfekta symbolen. <\/span><\/span><\/span><\/span><\/span><span style=\"vertical-align: inherit;\"><span style=\"vertical-align: inherit;\"><span style=\"vertical-align: inherit;\"><span style=\"vertical-align: inherit;\"><span style=\"vertical-align: inherit;\">Dess intensiva och livfulla f\u00e4rg \u00e4r en uppmaning till passion, medan dess f\u00e4ngslande doft omsluter sinnena i en of\u00f6rgl\u00f6mlig upplevelse.<\/span><\/span><\/span><\/span><\/span><\/span><\/span><\/p>\n<p><span style=\"vertical-align: inherit;\"><span style=\"vertical-align: inherit;\"><span style=\"vertical-align: inherit;\"><span style=\"vertical-align: inherit;\"><span style=\"vertical-align: inherit;\"><span style=\"vertical-align: inherit;\"><span style=\"vertical-align: inherit;\">Genom att skicka v\u00e5ra buketter med r\u00f6da rosor kommer du att f\u00f6rmedla ett universellt budskap om k\u00e4rlek och passion. <\/span><\/span><\/span><\/span><\/span><span style=\"vertical-align: inherit;\"><span style=\"vertical-align: inherit;\"><span style=\"vertical-align: inherit;\"><span style=\"vertical-align: inherit;\"><span style=\"vertical-align: inherit;\">V\u00e5rt engagemang f\u00f6r kvalitet och enast\u00e5ende service s\u00e4kerst\u00e4ller att din g\u00e5va kommer fram fr\u00e4sch och vacker och l\u00e4mnar ett best\u00e5ende intryck hos mottagaren.<\/span><\/span><\/span><\/span><\/span><\/span><\/span><\/p>\n<p><span style=\"vertical-align: inherit;\"><span style=\"vertical-align: inherit;\"><span style=\"vertical-align: inherit;\"><span style=\"vertical-align: inherit;\"><span style=\"vertical-align: inherit;\"><span style=\"vertical-align: inherit;\"><span style=\"vertical-align: inherit;\">G\u00f6r varje \u00f6gonblick till en of\u00f6rgl\u00f6mlig upplevelse. <\/span><\/span><\/span><\/span><\/span><span style=\"vertical-align: inherit;\"><span style=\"vertical-align: inherit;\"><span style=\"vertical-align: inherit;\"><span style=\"vertical-align: inherit;\"><span style=\"vertical-align: inherit;\">Du kan l\u00e4gga till en kort dedikation kostnadsfritt.<\/span><\/span><\/span><\/span><\/span><\/span><\/span><\/p>","protected":false},"featured_media":580,"comment_status":"open","ping_status":"closed","template":"","meta":[],"product_brand":[],"product_cat":[26,24,40],"product_tag":[],"class_list":{"0":"post-181","1":"product","2":"type-product","3":"status-publish","4":"has-post-thumbnail","6":"product_cat-composiciones-de-flores-y-plantas","7":"product_cat-rosas","8":"product_cat-san-valentin","10":"first","11":"instock","12":"taxable","13":"shipping-taxable","14":"purchasable","15":"product-type-simple"},"_links":{"self":[{"href":"https:\/\/sueca13flores.com\/sv\/wp-json\/wp\/v2\/product\/181","targetHints":{"allow":["GET"]}}],"collection":[{"href":"https:\/\/sueca13flores.com\/sv\/wp-json\/wp\/v2\/product"}],"about":[{"href":"https:\/\/sueca13flores.com\/sv\/wp-json\/wp\/v2\/types\/product"}],"replies":[{"embeddable":true,"href":"https:\/\/sueca13flores.com\/sv\/wp-json\/wp\/v2\/comments?post=181"}],"wp:featuredmedia":[{"embeddable":true,"href":"https:\/\/sueca13flores.com\/sv\/wp-json\/wp\/v2\/media\/580"}],"wp:attachment":[{"href":"https:\/\/sueca13flores.com\/sv\/wp-json\/wp\/v2\/media?parent=181"}],"wp:term":[{"taxonomy":"product_brand","embeddable":true,"href":"https:\/\/sueca13flores.com\/sv\/wp-json\/wp\/v2\/product_brand?post=181"},{"taxonomy":"product_cat","embeddable":true,"href":"https:\/\/sueca13flores.com\/sv\/wp-json\/wp\/v2\/product_cat?post=181"},{"taxonomy":"product_tag","embeddable":true,"href":"https:\/\/sueca13flores.com\/sv\/wp-json\/wp\/v2\/product_tag?post=181"}],"curies":[{"name":"wp","href":"https:\/\/api.w.org\/{rel}","templated":true}]}}