{"id":198,"date":"2020-11-27T22:41:31","date_gmt":"2020-11-27T21:41:31","guid":{"rendered":"https:\/\/sueca13flores.com\/?post_type=product&#038;p=198"},"modified":"2025-07-29T09:41:59","modified_gmt":"2025-07-29T07:41:59","slug":"konserverad-blomring","status":"publish","type":"product","link":"https:\/\/sueca13flores.com\/sv\/produkt\/konserverad-blomring\/","title":{"rendered":"Bevarad blommig ring"},"content":{"rendered":"<p><span style=\"vertical-align: inherit;\"><span style=\"vertical-align: inherit;\">Dessa vackra blommiga \u00f6rh\u00e4ngen har den speciella egenskapen att de \u00e4r tillverkade av konserverade naturliga blommor, en torkningsteknik som g\u00f6r att de kan h\u00e5lla sig s\u00e5 vackra under l\u00e5ng tid. Ringen \u00e4r tillverkad av eukalyptus cinerea, rosor och bomull. S\u00f6tma och delikatess i sitt renaste tillst\u00e5nd i dessa mjuka toner.<\/span><\/span><\/p>\n<p><span style=\"vertical-align: inherit;\"><span style=\"vertical-align: inherit;\">Om du vill ha en h\u00f6gre ton eller en annan typ av blomma kan du g\u00f6ra din best\u00e4llning hos oss. Alla \u00f6rh\u00e4ngen \u00e4r handgjorda, unika och exklusiva.<\/span><\/span><\/p>","protected":false},"excerpt":{"rendered":"<p><span style=\"vertical-align: inherit;\"><span style=\"vertical-align: inherit;\">Dessa vackra blommiga \u00f6rh\u00e4ngen har den speciella egenskapen att de \u00e4r tillverkade av konserverade naturliga blommor, en torkningsteknik som g\u00f6r att de kan h\u00e5lla sig s\u00e5 vackra under l\u00e5ng tid. Ringen \u00e4r tillverkad av eukalyptus cinerea, rosor och bomull. S\u00f6tma och delikatess i sitt renaste tillst\u00e5nd i dessa mjuka toner.<\/span><\/span><\/p>\n<p><span style=\"vertical-align: inherit;\"><span style=\"vertical-align: inherit;\">Om du vill ha en h\u00f6gre ton eller en annan typ av blomma kan du g\u00f6ra din best\u00e4llning hos oss. Alla \u00f6rh\u00e4ngen \u00e4r handgjorda, unika och exklusiva.<\/span><\/span><\/p>","protected":false},"featured_media":199,"comment_status":"closed","ping_status":"closed","template":"","meta":[],"product_brand":[],"product_cat":[21],"product_tag":[],"class_list":{"0":"post-198","1":"product","2":"type-product","3":"status-publish","4":"has-post-thumbnail","6":"product_cat-flores-preservadas","8":"first","9":"onbackorder","10":"taxable","11":"shipping-taxable","12":"purchasable","13":"product-type-simple"},"_links":{"self":[{"href":"https:\/\/sueca13flores.com\/sv\/wp-json\/wp\/v2\/product\/198","targetHints":{"allow":["GET"]}}],"collection":[{"href":"https:\/\/sueca13flores.com\/sv\/wp-json\/wp\/v2\/product"}],"about":[{"href":"https:\/\/sueca13flores.com\/sv\/wp-json\/wp\/v2\/types\/product"}],"replies":[{"embeddable":true,"href":"https:\/\/sueca13flores.com\/sv\/wp-json\/wp\/v2\/comments?post=198"}],"wp:featuredmedia":[{"embeddable":true,"href":"https:\/\/sueca13flores.com\/sv\/wp-json\/wp\/v2\/media\/199"}],"wp:attachment":[{"href":"https:\/\/sueca13flores.com\/sv\/wp-json\/wp\/v2\/media?parent=198"}],"wp:term":[{"taxonomy":"product_brand","embeddable":true,"href":"https:\/\/sueca13flores.com\/sv\/wp-json\/wp\/v2\/product_brand?post=198"},{"taxonomy":"product_cat","embeddable":true,"href":"https:\/\/sueca13flores.com\/sv\/wp-json\/wp\/v2\/product_cat?post=198"},{"taxonomy":"product_tag","embeddable":true,"href":"https:\/\/sueca13flores.com\/sv\/wp-json\/wp\/v2\/product_tag?post=198"}],"curies":[{"name":"wp","href":"https:\/\/api.w.org\/{rel}","templated":true}]}}