{"id":2065,"date":"2024-09-10T10:15:12","date_gmt":"2024-09-10T08:15:12","guid":{"rendered":"https:\/\/sueca13flores.com\/?post_type=product&#038;p=2065"},"modified":"2025-07-17T11:00:41","modified_gmt":"2025-07-17T09:00:41","slug":"portugisisk-handgjord-kruka-salmao","status":"publish","type":"product","link":"https:\/\/sueca13flores.com\/sv\/produkt\/portugisisk-handgjord-kruka-salmao\/","title":{"rendered":"Handgjord portugisisk Salm\u00e2o-kruka"},"content":{"rendered":"","protected":false},"excerpt":{"rendered":"<p><span style=\"vertical-align: inherit;\">Vacker handgjord kruka tillverkad av portugisisk keramik med originell design och glasyr.\u00a0<\/span><\/p>\n<p><span style=\"vertical-align: inherit;\">Tillverkade av keramiska material av h\u00f6gsta kvalitet, vilket garanterar att v\u00e5ra krukor \u00e4r motst\u00e5ndskraftiga och h\u00e5llbara. G\u00f6r dina v\u00e4xter till protagonister och ge ditt hem en touch av distinktion med v\u00e5ra portugisiska keramikkrukor. Dessa handgjorda f\u00f6rem\u00e5l kommer att ge en k\u00e4nsla av \u00e4kthet och v\u00e4rme till alla milj\u00f6er och skapa ett utrymme fullt av charm och originalitet.<\/span><\/p>\n<p><span style=\"vertical-align: inherit;\">Ungef\u00e4rliga m\u00e5tt:<\/span><\/p>\n<p><span style=\"vertical-align: inherit;\">14 cm h\u00f6jd 15 cm diameter p\u00e5 mynningen<\/span><\/p>\n<p><span style=\"vertical-align: inherit;\">Anturiumv\u00e4xt ing\u00e5r ej.<\/span><\/p>\n<p>&nbsp;<\/p>","protected":false},"featured_media":2066,"comment_status":"closed","ping_status":"closed","template":"","meta":[],"product_brand":[],"product_cat":[23],"product_tag":[],"class_list":{"0":"post-2065","1":"product","2":"type-product","3":"status-publish","4":"has-post-thumbnail","6":"product_cat-complementos","8":"first","9":"instock","10":"taxable","11":"shipping-taxable","12":"purchasable","13":"product-type-simple"},"_links":{"self":[{"href":"https:\/\/sueca13flores.com\/sv\/wp-json\/wp\/v2\/product\/2065","targetHints":{"allow":["GET"]}}],"collection":[{"href":"https:\/\/sueca13flores.com\/sv\/wp-json\/wp\/v2\/product"}],"about":[{"href":"https:\/\/sueca13flores.com\/sv\/wp-json\/wp\/v2\/types\/product"}],"replies":[{"embeddable":true,"href":"https:\/\/sueca13flores.com\/sv\/wp-json\/wp\/v2\/comments?post=2065"}],"wp:featuredmedia":[{"embeddable":true,"href":"https:\/\/sueca13flores.com\/sv\/wp-json\/wp\/v2\/media\/2066"}],"wp:attachment":[{"href":"https:\/\/sueca13flores.com\/sv\/wp-json\/wp\/v2\/media?parent=2065"}],"wp:term":[{"taxonomy":"product_brand","embeddable":true,"href":"https:\/\/sueca13flores.com\/sv\/wp-json\/wp\/v2\/product_brand?post=2065"},{"taxonomy":"product_cat","embeddable":true,"href":"https:\/\/sueca13flores.com\/sv\/wp-json\/wp\/v2\/product_cat?post=2065"},{"taxonomy":"product_tag","embeddable":true,"href":"https:\/\/sueca13flores.com\/sv\/wp-json\/wp\/v2\/product_tag?post=2065"}],"curies":[{"name":"wp","href":"https:\/\/api.w.org\/{rel}","templated":true}]}}