{"id":2265,"date":"2024-10-14T18:35:43","date_gmt":"2024-10-14T16:35:43","guid":{"rendered":"https:\/\/sueca13flores.com\/?post_type=product&#038;p=2265"},"modified":"2026-02-19T17:29:04","modified_gmt":"2026-02-19T16:29:04","slug":"sansevieria-i-jutekorg","status":"publish","type":"product","link":"https:\/\/sueca13flores.com\/sv\/produkt\/sansevieria-i-jutekorg\/","title":{"rendered":"Sansevieria i keramikkruka"},"content":{"rendered":"","protected":false},"excerpt":{"rendered":"<p>&nbsp;<\/p>\n<p>Denna flirtiga h\u00e4rdiga v\u00e4xt \u00e4r k\u00e4nd som sansevieria eller St George's sv\u00e4rd, det \u00e4r en h\u00e4rdig v\u00e4xt som t\u00e5l sol utomhus och \u00e4ven bor inomhus med gott om naturligt ljus.<br \/>\nSubstratet ska f\u00e5 rinna av helt innan det vattnas igen. Vattna inte rotzonen. Det kommer att vara lyckligt med lite v\u00e5rd och respektera dessa tips.<\/p>\n<p>Den \u00e4r cirka 30-35 centimeter h\u00f6g och levereras med en snygg keramikkruka som dekoration. Den beh\u00f6ver inte planteras om, s\u00e5 du kan njuta av den direkt, som g\u00e5va eller som present till dig sj\u00e4lv.<br \/>\nDen renar atmosf\u00e4ren och dekorerar alla utrymmen utan n\u00e5got arbete.<\/p>\n<p>Du kan l\u00e4gga till en kort dedikation utan kostnad. Krukans stil kan variera beroende p\u00e5 bilden.<\/p>","protected":false},"featured_media":3479,"comment_status":"open","ping_status":"closed","template":"","meta":[],"product_brand":[],"product_cat":[22],"product_tag":[],"class_list":{"0":"post-2265","1":"product","2":"type-product","3":"status-publish","4":"has-post-thumbnail","6":"product_cat-plantas","8":"first","9":"instock","10":"taxable","11":"shipping-taxable","12":"purchasable","13":"product-type-simple"},"_links":{"self":[{"href":"https:\/\/sueca13flores.com\/sv\/wp-json\/wp\/v2\/product\/2265","targetHints":{"allow":["GET"]}}],"collection":[{"href":"https:\/\/sueca13flores.com\/sv\/wp-json\/wp\/v2\/product"}],"about":[{"href":"https:\/\/sueca13flores.com\/sv\/wp-json\/wp\/v2\/types\/product"}],"replies":[{"embeddable":true,"href":"https:\/\/sueca13flores.com\/sv\/wp-json\/wp\/v2\/comments?post=2265"}],"wp:featuredmedia":[{"embeddable":true,"href":"https:\/\/sueca13flores.com\/sv\/wp-json\/wp\/v2\/media\/3479"}],"wp:attachment":[{"href":"https:\/\/sueca13flores.com\/sv\/wp-json\/wp\/v2\/media?parent=2265"}],"wp:term":[{"taxonomy":"product_brand","embeddable":true,"href":"https:\/\/sueca13flores.com\/sv\/wp-json\/wp\/v2\/product_brand?post=2265"},{"taxonomy":"product_cat","embeddable":true,"href":"https:\/\/sueca13flores.com\/sv\/wp-json\/wp\/v2\/product_cat?post=2265"},{"taxonomy":"product_tag","embeddable":true,"href":"https:\/\/sueca13flores.com\/sv\/wp-json\/wp\/v2\/product_tag?post=2265"}],"curies":[{"name":"wp","href":"https:\/\/api.w.org\/{rel}","templated":true}]}}