{"id":2392,"date":"2024-11-25T20:00:17","date_gmt":"2024-11-25T19:00:17","guid":{"rendered":"https:\/\/sueca13flores.com\/?post_type=product&#038;p=2392"},"modified":"2026-01-02T10:46:36","modified_gmt":"2026-01-02T09:46:36","slug":"ardisia-crenata","status":"publish","type":"product","link":"https:\/\/sueca13flores.com\/sv\/produkt\/ardisia-crenata\/","title":{"rendered":"Ardisia crenata"},"content":{"rendered":"","protected":false},"excerpt":{"rendered":"<p>S\u00e4tt guldkant p\u00e5 ditt hem med detta underbara r\u00f6da b\u00e4r ardisia crenata. Levereras dekorerad med julf\u00f6rpackning och band. Denna juldekoration \u00e4r ekologisk och botanisk.<\/p>\n<p>Du kan l\u00e4gga till en kort dedikation kostnadsfritt.<\/p>\n<p>H\u00f6jd ca 40-45 cm.<\/p>","protected":false},"featured_media":2393,"comment_status":"open","ping_status":"closed","template":"","meta":[],"product_brand":[],"product_cat":[39],"product_tag":[],"class_list":{"0":"post-2392","1":"product","2":"type-product","3":"status-publish","4":"has-post-thumbnail","6":"product_cat-navidad","8":"first","9":"outofstock","10":"taxable","11":"shipping-taxable","12":"purchasable","13":"product-type-simple"},"_links":{"self":[{"href":"https:\/\/sueca13flores.com\/sv\/wp-json\/wp\/v2\/product\/2392","targetHints":{"allow":["GET"]}}],"collection":[{"href":"https:\/\/sueca13flores.com\/sv\/wp-json\/wp\/v2\/product"}],"about":[{"href":"https:\/\/sueca13flores.com\/sv\/wp-json\/wp\/v2\/types\/product"}],"replies":[{"embeddable":true,"href":"https:\/\/sueca13flores.com\/sv\/wp-json\/wp\/v2\/comments?post=2392"}],"wp:featuredmedia":[{"embeddable":true,"href":"https:\/\/sueca13flores.com\/sv\/wp-json\/wp\/v2\/media\/2393"}],"wp:attachment":[{"href":"https:\/\/sueca13flores.com\/sv\/wp-json\/wp\/v2\/media?parent=2392"}],"wp:term":[{"taxonomy":"product_brand","embeddable":true,"href":"https:\/\/sueca13flores.com\/sv\/wp-json\/wp\/v2\/product_brand?post=2392"},{"taxonomy":"product_cat","embeddable":true,"href":"https:\/\/sueca13flores.com\/sv\/wp-json\/wp\/v2\/product_cat?post=2392"},{"taxonomy":"product_tag","embeddable":true,"href":"https:\/\/sueca13flores.com\/sv\/wp-json\/wp\/v2\/product_tag?post=2392"}],"curies":[{"name":"wp","href":"https:\/\/api.w.org\/{rel}","templated":true}]}}