{"id":2416,"date":"2024-12-15T18:27:22","date_gmt":"2024-12-15T17:27:22","guid":{"rendered":"https:\/\/sueca13flores.com\/?post_type=product&#038;p=2416"},"modified":"2025-12-16T17:24:24","modified_gmt":"2025-12-16T16:24:24","slug":"workshop-om-julkransar-22-12-kl-17-19","status":"publish","type":"product","link":"https:\/\/sueca13flores.com\/sv\/produkt\/workshop-om-julkransar-22-12-kl-17-19\/","title":{"rendered":"Julkransworkshop 12\/12 kl. 18\u201320"},"content":{"rendered":"","protected":false},"excerpt":{"rendered":"<p>Boka din plats eller ge bort denna underbara workshop om julkransar i present.<\/p>\n<p>Du f\u00e5r l\u00e4ra dig att g\u00f6ra din egen krans av naturmaterial som gran, eukalyptus, thuja och alla typer av aromatiska och ekologiska juldekorationer.<\/p>\n<p>Inkluderar allt material och mellanm\u00e5l.<\/p>","protected":false},"featured_media":2399,"comment_status":"open","ping_status":"closed","template":"","meta":[],"product_brand":[],"product_cat":[39],"product_tag":[],"class_list":{"0":"post-2416","1":"product","2":"type-product","3":"status-publish","4":"has-post-thumbnail","6":"product_cat-navidad","8":"first","9":"outofstock","10":"taxable","11":"shipping-taxable","12":"purchasable","13":"product-type-simple"},"_links":{"self":[{"href":"https:\/\/sueca13flores.com\/sv\/wp-json\/wp\/v2\/product\/2416","targetHints":{"allow":["GET"]}}],"collection":[{"href":"https:\/\/sueca13flores.com\/sv\/wp-json\/wp\/v2\/product"}],"about":[{"href":"https:\/\/sueca13flores.com\/sv\/wp-json\/wp\/v2\/types\/product"}],"replies":[{"embeddable":true,"href":"https:\/\/sueca13flores.com\/sv\/wp-json\/wp\/v2\/comments?post=2416"}],"wp:featuredmedia":[{"embeddable":true,"href":"https:\/\/sueca13flores.com\/sv\/wp-json\/wp\/v2\/media\/2399"}],"wp:attachment":[{"href":"https:\/\/sueca13flores.com\/sv\/wp-json\/wp\/v2\/media?parent=2416"}],"wp:term":[{"taxonomy":"product_brand","embeddable":true,"href":"https:\/\/sueca13flores.com\/sv\/wp-json\/wp\/v2\/product_brand?post=2416"},{"taxonomy":"product_cat","embeddable":true,"href":"https:\/\/sueca13flores.com\/sv\/wp-json\/wp\/v2\/product_cat?post=2416"},{"taxonomy":"product_tag","embeddable":true,"href":"https:\/\/sueca13flores.com\/sv\/wp-json\/wp\/v2\/product_tag?post=2416"}],"curies":[{"name":"wp","href":"https:\/\/api.w.org\/{rel}","templated":true}]}}