{"id":2541,"date":"2025-02-08T16:50:48","date_gmt":"2025-02-08T15:50:48","guid":{"rendered":"https:\/\/sueca13flores.com\/?post_type=product&#038;p=2541"},"modified":"2025-05-16T08:20:07","modified_gmt":"2025-05-16T06:20:07","slug":"juliette-hog-vas","status":"publish","type":"product","link":"https:\/\/sueca13flores.com\/sv\/produkt\/juliette-hog-vas\/","title":{"rendered":"Juliet h\u00f6g vas"},"content":{"rendered":"","protected":false},"excerpt":{"rendered":"<p>&nbsp;<\/p>\n<p>Vacker glasvas med en unik och smickrande design f\u00f6r f\u00e4rska och torkade blommor med medell\u00e5nga stj\u00e4lkar.<\/p>\n<p>Dess kvalitet och finess g\u00f6r att alla blomsterarrangemang som placeras i den kommer att lysa.<\/p>\n<p>M\u00e4ter ca 27 cm i h\u00f6jd och 18 cm i diameter.<\/p>","protected":false},"featured_media":2542,"comment_status":"open","ping_status":"closed","template":"","meta":[],"product_brand":[],"product_cat":[23],"product_tag":[],"class_list":{"0":"post-2541","1":"product","2":"type-product","3":"status-publish","4":"has-post-thumbnail","6":"product_cat-complementos","8":"first","9":"instock","10":"taxable","11":"shipping-taxable","12":"purchasable","13":"product-type-simple"},"_links":{"self":[{"href":"https:\/\/sueca13flores.com\/sv\/wp-json\/wp\/v2\/product\/2541","targetHints":{"allow":["GET"]}}],"collection":[{"href":"https:\/\/sueca13flores.com\/sv\/wp-json\/wp\/v2\/product"}],"about":[{"href":"https:\/\/sueca13flores.com\/sv\/wp-json\/wp\/v2\/types\/product"}],"replies":[{"embeddable":true,"href":"https:\/\/sueca13flores.com\/sv\/wp-json\/wp\/v2\/comments?post=2541"}],"wp:featuredmedia":[{"embeddable":true,"href":"https:\/\/sueca13flores.com\/sv\/wp-json\/wp\/v2\/media\/2542"}],"wp:attachment":[{"href":"https:\/\/sueca13flores.com\/sv\/wp-json\/wp\/v2\/media?parent=2541"}],"wp:term":[{"taxonomy":"product_brand","embeddable":true,"href":"https:\/\/sueca13flores.com\/sv\/wp-json\/wp\/v2\/product_brand?post=2541"},{"taxonomy":"product_cat","embeddable":true,"href":"https:\/\/sueca13flores.com\/sv\/wp-json\/wp\/v2\/product_cat?post=2541"},{"taxonomy":"product_tag","embeddable":true,"href":"https:\/\/sueca13flores.com\/sv\/wp-json\/wp\/v2\/product_tag?post=2541"}],"curies":[{"name":"wp","href":"https:\/\/api.w.org\/{rel}","templated":true}]}}